{"id":10344,"date":"2021-10-29T15:57:31","date_gmt":"2021-10-29T13:57:31","guid":{"rendered":"http:\/\/pfimed.de\/?page_id=10344"},"modified":"2021-10-31T08:39:04","modified_gmt":"2021-10-31T06:39:04","slug":"ausleitung-toxischer-metalle","status":"publish","type":"page","link":"https:\/\/pfimed.de\/index.php\/ausleitung-toxischer-metalle\/","title":{"rendered":"Toxische Metalle"},"content":{"rendered":"<div class=\"row \"><div class=\"wpv-grid grid-1-3  wpv-first-level first has-background unextended\" style=\"background-color:#fcfde0;padding-top:0px;padding-bottom:0px\" id=\"wpv-column-72b8d483e33d3544c01bed8b66cd5339\" ><style scoped>#wpv-column-72b8d483e33d3544c01bed8b66cd5339 p,#wpv-column-72b8d483e33d3544c01bed8b66cd5339 em,#wpv-column-72b8d483e33d3544c01bed8b66cd5339 .column-title,#wpv-column-72b8d483e33d3544c01bed8b66cd5339 .sep-text h2.regular-title-wrapper,#wpv-column-72b8d483e33d3544c01bed8b66cd5339 .text-divider-double,#wpv-column-72b8d483e33d3544c01bed8b66cd5339 .sep-text .sep-text-line,#wpv-column-72b8d483e33d3544c01bed8b66cd5339 .sep,#wpv-column-72b8d483e33d3544c01bed8b66cd5339 .sep-2,#wpv-column-72b8d483e33d3544c01bed8b66cd5339 .sep-3,#wpv-column-72b8d483e33d3544c01bed8b66cd5339 td,#wpv-column-72b8d483e33d3544c01bed8b66cd5339 th,#wpv-column-72b8d483e33d3544c01bed8b66cd5339 caption{color:#cad10d;}#wpv-column-72b8d483e33d3544c01bed8b66cd5339:before{background-color:transparent;}<\/style><div class=\"push\" style='height:30px'><\/div>\n<div class=\"services clearfix fullimage has-image has-icon no-button \" style=\"text-align:center;\">\n\t<div class=\"services-inside\">\n\t\t\t\t\t\t\t\t\t<div class=\"thumbnail\">\n\t\t\t\t\t\t\t\t\t\t\t\t\t\t\t\t\t\t<img decoding=\"async\" src=\"http:\/\/pfimed.de\/wp-content\/uploads\/2021\/10\/AdobeStock_366548962.jpg\" alt=\"\" \/>\t\t\t\t\t\t\t\t\t\t\t\t\t\t\t<\/div>\n\t\t\t\t\t\t\t\t\t<div class=\"sep-2\"><\/div>\n\t\t\t\t\t\t\t\t\t\t\t\t\t\t<h3 class=\"services-title\">\n\t\t\t\t\t\t\t\t\tBelastungen mit toxischen Metallen\t\t\t\t\t\t\t<\/h3>\n\t\t\t\t\t\t\t<div class=\"services-content\">\n<p style=\"text-align: center;\"><span style=\"color: #808080;\">Unsere Umwelt ist belastet mit giftigen (toxischen) Stoffen. Die <strong>Metalle<\/strong> spielen hierbei eine besondere Rolle, wobei <strong>Blei, Quecksilber, Cadmium und Aluminium<\/strong> die kritischsten sind. <strong>Gadolinium<\/strong>, welches als Kontrastmittel v.a. bei MRT-Untersuchungen eingesetzt wird, bekommt ebenfalls einen zunehmenden Stellenwert.<\/span><\/p>\n<p style=\"text-align: center;\"><span style=\"color: #808080;\">Die h\u00e4ufigsten <strong>Quellen<\/strong> toxischer Metalle sind u.a. alte Bleirohre (s. Bild), Amalgamf\u00fcllungen, Meerestiere und Zigarettenrauch. Aber auch belastetes Obst, Gem\u00fcse und selbst Wasser kann urs\u00e4chlich sein.&nbsp; &nbsp;<\/span><\/div>\n\t\t\t\t\t<\/div>\n<\/div>\n<\/div>\n<div class=\"wpv-grid grid-2-3  wpv-first-level has-background unextended\" style=\"\n\t\t\t\tbackground: url( 'http:\/\/homepage-fuer-firmen.de\/bsp11\/wp-content\/uploads\/2014\/05\/logo-bg1.png' ) no-repeat center center;\n\t\t\t\tbackground-size: cover;\n\t\t\t\tbackground-attachment: ;\n\t\t\tpadding-top:12px;padding-bottom:50px\" id=\"wpv-column-eea406c9031f10cac0955653f7b51fbe\" ><blockquote>\n<h2>K\u00f6nnen giftige Metalle ausgeleitet werden ?<\/h2>\n<\/blockquote>\n<p style=\"text-align: left;\">Mittels sog. <strong>Chelat-Therapie<\/strong> werden <strong>sch\u00e4dliche (toxische) Metalle<\/strong> (wie z. Bsp. Quecksilber, Blei, Cadmium, Aluminium u.a.) im Gef\u00e4\u00dfsystem und Zwischenzellraum gebunden und \u00fcber die Nieren ausgeschieden. Hierzu setzen wir in unserer Praxis die <strong>Chelatoren<\/strong> Na-Ca-EDTA, DMPS, DMSA und Zink-DTPA ein. Diese werden \u00fcber die Vene (intraven\u00f6s) verabreicht, DMSA und DMPS k\u00f6nnen auch (ggf. auch zus\u00e4tzlich) in Kapselform, also oral verabreicht werden. Ziel der Behandlung ist die <strong>Reduktion der Metallbelastung<\/strong> und eine Besserung der Krankheitssymptome.<\/p>\n<blockquote>\n<h2>Was muss vor einer Chelat-Therapie beachtet werden ?<\/h2>\n<\/blockquote>\n<p>Vor Beginn der Metallausleitung erfolgen die ausf\u00fchrliche <strong>Anamnese und notwendige Voruntersuchungen<\/strong>. Hierbei wird u.a. laborchemisch festgestellt, wie die Leber- und Nierenfunktion ist, ob eine Blutarmut und Eisenmangel vorliegt oder ob ein Mineralstoffmangel besteht. Die Chelat-Therapie kann nur dann begonnen werden, wenn wichtige <strong>Mineralstoffe<\/strong> (u.a. Zink, Selen, Kalzium, Eisen) im Normbereich sind. Da diese durch die Chelatoren ebenfalls &#8211; aber ungewollt &#8211; ausgeschieden werden, ist eine <strong>Substitution<\/strong> dieser Mineralstoffe meist w\u00e4hrend eines Ausleitungszyklus erforderlich. Dies kann z. Bsp. auch in Form einer <strong>Aufbauinfusion<\/strong> erfolgen. Hier k\u00f6nnen dann zus\u00e4tzlich &#8211; die Entgiftung unterst\u00fctzende &#8211;&nbsp; Aminos\u00e4uren, <strong>Glutathion<\/strong> sowie alpha-Lipons\u00e4ure verabreicht werden.<\/p>\n<blockquote>\n<h2>Wie oft wird chelatiert ?<\/h2>\n<\/blockquote>\n<p>Je nach Schwere des Krankheitsbildes ist eine <strong>Anfangsserie von 5 bis 10 Infusionen<\/strong>&nbsp;empfehlenswert. Danach k\u00f6nnen <strong>Erhaltungsinfusionen<\/strong> sinnvoll sein (z.B. 1x pro Monat). W\u00e4hrend eines Zyklus wird mittels <strong>Labortest<\/strong> immer wieder \u00fcberpr\u00fcft, ob der Mineralstoffspeicher voll ist und die Organe wie Leber- und Niere ausreichend stabil sind. Mit Hilfe von <strong>Urintests<\/strong> kann die ausgeschiedene toxische Metallkonzentration gemessen werden. Hier wird jeweils vor Beginn der Serie und nach Abschluss ein sog. chelatevozierter Metallexkretionstest<strong> (CEMET)<\/strong> durchgef\u00fchrt.<\/p>\n<p><\/p>\n<div class=\"push\" style='height:200px'><\/div><\/div><\/div>\n<div class=\"push\" style='height:30px'><\/div>\n\n\n<p><\/p>\n","protected":false},"excerpt":{"rendered":"<p>K\u00f6nnen giftige Metalle ausgeleitet werden ? Mittels sog. Chelat-Therapie werden sch\u00e4dliche (toxische) Metalle (wie z. Bsp. Quecksilber, Blei, Cadmium, Aluminium u.a.) im Gef\u00e4\u00dfsystem und Zwischenzellraum gebunden und \u00fcber die Nieren ausgeschieden. Hierzu setzen wir in unserer Praxis die Chelatoren Na-Ca-EDTA, DMPS, DMSA und Zink-DTPA ein. Diese werden \u00fcber die Vene (intraven\u00f6s) verabreicht, DMSA und DMPS&#8230;<\/p>\n","protected":false},"author":5,"featured_media":0,"parent":0,"menu_order":0,"comment_status":"closed","ping_status":"open","template":"","meta":{"footnotes":""},"class_list":["post-10344","page","type-page","status-publish"],"_links":{"self":[{"href":"https:\/\/pfimed.de\/index.php\/wp-json\/wp\/v2\/pages\/10344","targetHints":{"allow":["GET"]}}],"collection":[{"href":"https:\/\/pfimed.de\/index.php\/wp-json\/wp\/v2\/pages"}],"about":[{"href":"https:\/\/pfimed.de\/index.php\/wp-json\/wp\/v2\/types\/page"}],"author":[{"embeddable":true,"href":"https:\/\/pfimed.de\/index.php\/wp-json\/wp\/v2\/users\/5"}],"replies":[{"embeddable":true,"href":"https:\/\/pfimed.de\/index.php\/wp-json\/wp\/v2\/comments?post=10344"}],"version-history":[{"count":28,"href":"https:\/\/pfimed.de\/index.php\/wp-json\/wp\/v2\/pages\/10344\/revisions"}],"predecessor-version":[{"id":10383,"href":"https:\/\/pfimed.de\/index.php\/wp-json\/wp\/v2\/pages\/10344\/revisions\/10383"}],"wp:attachment":[{"href":"https:\/\/pfimed.de\/index.php\/wp-json\/wp\/v2\/media?parent=10344"}],"curies":[{"name":"wp","href":"https:\/\/api.w.org\/{rel}","templated":true}]}}