{"id":4,"date":"2013-03-15T12:36:27","date_gmt":"2013-03-15T12:36:27","guid":{"rendered":"http:\/\/health-center.vamtam.com\/?page_id=4"},"modified":"2026-04-13T14:37:16","modified_gmt":"2026-04-13T12:37:16","slug":"praxis-schmitt","status":"publish","type":"page","link":"https:\/\/pfimed.de\/","title":{"rendered":"Praxis f\u00fcr Integrative Medizin"},"content":{"rendered":"\r\n\r\n<div class=\"push\" style='height:20px'><\/div>\r\n\r\n\r\n<div class=\"row \"><div class=\"wpv-grid grid-1-1 move-into-slider wpv-first-level first unextended\" style=\"padding-top:0px;padding-bottom:0px\" id=\"wpv-column-6d1b66680b4d1da19ae63617fe0baa18\" ><div class=\"row \"><div class=\"wpv-grid grid-1-1  first unextended animation-fade-in animated-active\" style=\"padding-top:0px;padding-bottom:0px\" id=\"wpv-column-c4a6f49519ba043fcd1c769bc5735103\" ><div class=\"wpv-tabs horizontal\" id=\"tabs-1\"><ul class=\"ui-tabs-nav\"><li><a href=\"#tab-1-0-herzlich-willkommen\"> <span class=\"title-text\">Herzlich Willkommen<\/span><\/a><\/li><li><a href=\"#tab-1-1-sprechzeiten-termine\"> <span class=\"title-text\">Sprechzeiten &#038; Termine<\/span><\/a><\/li><li><a href=\"#tab-1-2-aktuelles\"> <span class=\"title-text\">Aktuelles<\/span><\/a><\/li><\/ul><div class=\"pane\" id=\"tab-1-0-herzlich-willkommen\"><div class=\"row \"><div class=\"wpv-grid grid-1-2  first unextended\" style=\"padding-top:0px;padding-bottom:0px\" id=\"wpv-column-2d4780bc89435f621dcf0acd58f54a89\" ><div class=\"services clearfix fullimage has-image no-icon no-button \" style=\"text-align:center;\">\n\t<div class=\"services-inside\">\n\t\t\t\t\t\t\t\t\t<div class=\"thumbnail\">\n\t\t\t\t\t\t\t\t\t\t\t\t\t\t\t\t\t\t<img loading=\"lazy\" decoding=\"async\" width=\"1119\" height=\"721\" src=\"https:\/\/pfimed.de\/wp-content\/uploads\/2024\/01\/IMG_1963_cut.jpg\" class=\"attachment-full size-full\" alt=\"\" srcset=\"https:\/\/pfimed.de\/wp-content\/uploads\/2024\/01\/IMG_1963_cut.jpg 1119w, https:\/\/pfimed.de\/wp-content\/uploads\/2024\/01\/IMG_1963_cut-300x193.jpg 300w, https:\/\/pfimed.de\/wp-content\/uploads\/2024\/01\/IMG_1963_cut-1030x664.jpg 1030w, https:\/\/pfimed.de\/wp-content\/uploads\/2024\/01\/IMG_1963_cut-768x495.jpg 768w, https:\/\/pfimed.de\/wp-content\/uploads\/2024\/01\/IMG_1963_cut-555x358.jpg 555w, https:\/\/pfimed.de\/wp-content\/uploads\/2024\/01\/IMG_1963_cut-360x232.jpg 360w, https:\/\/pfimed.de\/wp-content\/uploads\/2024\/01\/IMG_1963_cut-262x169.jpg 262w\" sizes=\"auto, (max-width: 1119px) 100vw, 1119px\" \/>\t\t\t\t\t\t\t\t\t\t\t\t\t\t\t<\/div>\n\t\t\t\t\t\t\t\t\t\t\t\t\t\t\t\t<div class=\"services-content\">\r\n<p style=\"text-align: center;\">Daphne Fournell &#038; Dr. med. Anna Lawall<\/p>\r\n\r\n<blockquote><!--\r\n<h4><span style=\"color: #ffffff;\">\"Liebe Patienten,<\/span>\r\n<span style=\"color: #ffffff;\">nachdem ich nun meine haus\u00e4rztliche T\u00e4tigkeit Ende Juni beendet habe, m\u00f6chte ich mich nochmals ganz herzlich bei Ihnen f\u00fcr das entgegengebrachte Vertrauen der letzten Jahre bedanken. Das Arbeiten in der allgemeinmedizinischen Praxis war f\u00fcr mich und meine Frau Yvonne nicht nur Beruf, sondern hat unser Leben ma\u00dfgeblich positiv mitgestaltet. Wir w\u00fcnschen der neuen F\u00fchrung sowie dem gesamten Praxisteam um Frau Dr. Lawall und Frau Fournell einen guten Start, viel Erfolg und f\u00fcr die Zukunft alles Gute.\"<\/span><\/h4>\r\n<h4><span style=\"color: #ffffff;\">Andreas & Yvonne Schmitt<\/span><\/h4>\r\n--><\/blockquote>\r\n\r\n<\/div>\n\t\t\t\t\t<\/div>\n<\/div>\n<\/div>\r\n\r\n<div class=\"wpv-grid grid-1-2  unextended\" style=\"padding-top:0px;padding-bottom:0px\" id=\"wpv-column-0ce283c4c5bcf03644106138d273fd55\" ><h1 style=\"text-align: left;\"><span style=\"color: #ffffff;\">Liebe Patienten!<\/span><\/h1>\r\n\r\n<hr \/>\r\n\r\n<blockquote><!--\r\n<h4><span style=\"color: #ffffff;\"><mark>Vom <b>27. - 29. Dezember 2023<\/b> ist die Praxis f\u00fcr akute Erkrankungen von 8:30 - bis 10:30 Uhr ge\u00f6ffnet.\r\n\r\nVom <b>2. - 5. Januar 2024<\/b> bleibt die Praxis geschlossen.<\/mark><\/span><\/h4>\r\n<h4><span style=\"color: #ffffff;\">\r\nDie Vertretungen entnehmen Sie bitte der Rubrik Aktuelles \/ Praxisurlaub<\/span><\/h4>\r\n--><\/blockquote>\r\n<!--\r\n<h4><span style=\"color: #ffffff;\"><strong>Wir<\/strong> m\u00f6chten Sie auf neue Entwicklungen in unserer Praxis aufmerksam machen. Ende Juni diesen Jahres wird <strong>Herr Schmitt<\/strong> die Praxis verlassen und sich aus der haus\u00e4rztlichen Versorgung zur\u00fcckziehen. <\/span><\/h4>\r\n<h4><span style=\"color: #ffffff;\"><strong>Wir<\/strong> sind sehr froh, mit <strong>Frau Daphne Fournell<\/strong> eine kompetente Nachfolgerin gefunden zu haben, welche viel Erfahrung als <strong>haus\u00e4rztlich t\u00e4tige Internistin<\/strong> mit in die Praxis bringen wird. <\/span><\/h4>\r\n<h4><span style=\"color: #ffffff;\">Die \"<strong>Praxis f\u00fcr Integrative Medizin\"<\/strong> wird von Frau Dr. Lawall und Frau Fournell als <strong>Gemeinschaftspraxis<\/strong> mit der bekannten Praxisphilosophie und <strong>naturheilkundlichen Schwerpunkten<\/strong> fortgef\u00fchrt.<\/span><\/h4>\r\n<blockquote>\r\n-->\r\n<h4><span style=\"color: #ffffff;\">&#8222;Wir m\u00f6chten den <strong>Menschen als Ganzes in den Fokus<\/strong> stellen, inklusive aller k\u00f6rperlichen und geistigen Aspekte.&#8220;<\/span><\/h4>\r\n<h4><span style=\"color: #ffffff;\">Hierzu vereint die integrative Medizin <strong>schulmedizinische und komplement\u00e4re<\/strong> \u2013 also erg\u00e4nzende \u2013 <strong>Therapiemethoden<\/strong> zu einem sinnvollen Gesamtkonzept auf wissenschaftlicher Basis und umfasst ein breites Spektrum aus <strong>Naturheilkunde, manueller Medizin, Akupunktur <\/strong>sowie weiterer Verfahren.<\/span><\/h4><\/div><\/div><\/div><div class=\"pane\" id=\"tab-1-1-sprechzeiten-termine\"><div class=\"push\" style='height:15px'><\/div>\r\n\r\n<div class=\"row \"><div class=\"wpv-grid grid-1-3  first unextended\" style=\"padding-top:0px;padding-bottom:0px\" id=\"wpv-column-569ed80d820a5b7a9db6f92e24723fda\" ><span class='icon shortcode theme ' style='font-size:16px !important;'>&#57530;<\/span>\u00a0\u00a0<span style=\"font-size: 14px;\">TERMINSPRECHSTUNDE<\/span> <div class=\"push\" style='height:20px'><\/div>\r\n<table>\r\n<tbody>\r\n<tr>\r\n<td>Montag &#8211; Freitag<\/td>\r\n<td style=\"text-align: center;\">\u2013<\/td>\r\n<td style=\"text-align: right;\">08.00 bis 12.00<\/td>\r\n<\/tr>\r\n<tr>\r\n<td>Dienstag &#038; Donnerstag<\/td>\r\n<td style=\"text-align: center;\">\u2013<\/td>\r\n<td style=\"text-align: right;\">14.00 bis 17.30<\/td>\r\n<\/tr>\r\n<tr>\r\n<td>Mittwoch<\/td>\r\n<td style=\"text-align: center;\">\u2013<\/td>\r\n<td style=\"text-align: right;\">07.00 bis 12.00<\/td>\r\n<\/tr>\r\n<\/tbody>\r\n<\/table>\r\n<span style=\"display: inline !important; float: none; background-color: transparent; color: #333333; cursor: text; font-family: Georgia,'Times New Roman','Bitstream Charter',Times,serif; font-size: 16px; font-style: normal; font-variant: normal; font-weight: 400; letter-spacing: normal; orphans: 2; text-align: left; text-decoration: none; text-indent: 0px; text-transform: none; -webkit-text-stroke-width: 0px; white-space: normal; word-spacing: 0px;\"><div class=\"push\" style='height:15px'><\/div><div class=\"push\" style='height:15px'><\/div><\/span> <span class='icon shortcode  ' style='font-size:14px !important;'>&#57722;<\/span> <span style=\"font-size: 14px;\">NATURHEILKUNDLICHE PRIVATSPRECHSTUNDE<\/span>\r\n<table>\r\n<tbody>\r\n<tr>\r\n<td style=\"text-align: left;\">Nach Vereinbarung<\/td>\r\n<\/tr>\r\n<\/tbody>\r\n<\/table>\r\n<span style=\"color: #0b0110;\"><span style=\"display: inline !important; float: none; background-color: transparent; color: #333333; cursor: text; font-family: Georgia,'Times New Roman','Bitstream Charter',Times,serif; font-size: 16px; font-style: normal; font-variant: normal; font-weight: 400; letter-spacing: normal; orphans: 2; text-align: left; text-decoration: none; text-indent: 0px; text-transform: none; -webkit-text-stroke-width: 0px; white-space: normal; word-spacing: 0px;\"><div class=\"push\" style='height:15px'><\/div><\/span><\/span><\/div>\r\n\r\n<div class=\"wpv-grid grid-1-3  unextended\" style=\"padding-top:0px;padding-bottom:0px\" id=\"wpv-column-ac4869e8c1a6a673ea577eea85664430\" ><span class='icon shortcode  ' style='font-size:16px !important;'>&#57529;<\/span> <span style=\"font-size: 14px;\">TERMINVEREINBARUNG<\/span> <div class=\"push\" style='height:20px'><\/div>\r\n<table>\r\n<tbody>\r\n<tr>\r\n<td>Telefon<\/td>\r\n<td style=\"text-align: right;\"><span style=\"color: #ffffff;\">06707 &#8211; 1340<\/span><\/td>\r\n<\/tr>\r\n<tr>\r\n<td>Fax<\/td>\r\n<td style=\"text-align: right;\"><span style=\"color: #ffffff;\">06707 &#8211; 1310<\/span><\/td>\r\n<\/tr>\r\n<tr>\r\n<td>Email<\/td>\r\n<td style=\"text-align: right;\"><a href=\"mailto:mail@pfimed.de\">mail@pfimed.de<\/a><\/td>\r\n<\/tr>\r\n<\/tbody>\r\n<\/table>\r\n<div class=\"push\" style='height:15px'><\/div><span style=\"display: inline !important; float: none; background-color: transparent; color: #333333; cursor: text; font-family: Georgia,'Times New Roman','Bitstream Charter',Times,serif; font-size: 16px; font-style: normal; font-variant: normal; font-weight: 400; letter-spacing: normal; orphans: 2; text-align: left; text-decoration: none; text-indent: 0px; text-transform: none; -webkit-text-stroke-width: 0px; white-space: normal; word-spacing: 0px;\"><div class=\"push\" style='height:15px'><\/div><\/span> <span class='icon shortcode  ' style='font-size:14px !important;'>&#57347;<\/span>\u00a0 <span style=\"font-size: 14px;\">ADRESSE<\/span> <div class=\"push\" style='height:15px'><\/div>Praxis f\u00fcr Integrative Medizin Naheweinstra\u00dfe 92 55452 Guldental<\/div>\r\n\r\n<div class=\"wpv-grid grid-1-3  unextended\" style=\"padding-top:0px;padding-bottom:0px\" id=\"wpv-column-3981213c35d330f03149dc95518996ee\" ><span class='icon shortcode  ' style='font-size:16px !important;'>&#57598;<\/span> ALLGEMEINE\u00a0 INFOS Wir m\u00f6chten uns gen\u00fcgend <strong>Zeit f\u00fcr Sie<\/strong> nehmen. Rufen Sie deshalb bitte, bevor Sie in die Praxis kommen, zur <strong>Vereinbarung eines individuellen Termins<\/strong> an. Dies gilt auch in akuten F\u00e4llen, z.B. bei pl\u00f6tzlicher Erkrankung, welche zeitnah behandelt werden sollten. Wir nennen Ihnen dann einen Termin, an dem einer unserer \u00c4rzte sich Ihrer Beschwerden annimmt. <strong>Terminpatienten haben in unserer Praxis immer Vorrang!<\/strong> <strong>Medizinische Notf\u00e4lle, d. h. lebensbedrohliche Probleme, werden selbstverst\u00e4ndlich sofort behandelt!<\/strong><\/div><\/div><\/div><div class=\"pane\" id=\"tab-1-2-aktuelles\"><div class=\"row \"><div class=\"wpv-grid grid-2-5  first unextended animation-from-left animated-active\" style=\"padding-top:0px;padding-bottom:0px\" id=\"wpv-column-4c45ba0d679b23da4b4ba8d8b633f542\" >\t\t<div class=\"sep-text single centered\">\n\t\t\t\t\t\t\t<span class=\"sep-text-before\"><div class=\"sep-text-line\"><\/div><\/span>\n\t\t\t\t\t\t<div class=\"content\">\n\t\t\t\t<h2 class=\"text-divider-double\">Wichtige Praxisinfos<\/h2>\t\t\t<\/div>\n\t\t\t<span class=\"sep-text-after\"><div class=\"sep-text-line\"><\/div><\/span>\n\t\t\t\t\t<\/div>\n\t<div class=\"wpv-accordion-wrapper wpv-accordion-1\"><style scoped>.wpv-accordion-1 .tab .inner { background-color: #ffffff; color: #526371; }<\/style><ul class=\"wpv-accordion\" data-collapsible=\"true\"><li class=\"pane-wrapper\" style=\"\">\n\t\t\t\t\t<h4 class=\"tab\"><span class=\"inner\">Infektsprechstunde<\/span><\/h4>\n\t\t\t\t\t<div class=\"pane\"><div class=\"inner\"><h4 style=\"text-align: center;\"><span style=\"color: #ffffff;\">Wir bitten unsere Patienten, die an Symptomen wie Kopf- und Gliederschmerzen, Fieber, Husten, Schnupfen, Halsschmerzen, Erbrechen oder Durchfall leiden:<\/span><\/h4>\r\n<h4 style=\"text-align: center;\"><span style=\"color: #ffffff;\">Bitte kommen Sie nicht unangemeldet in die Praxis!<\/span><\/h4>\r\n<h4 style=\"text-align: center;\"><span style=\"color: #ffffff;\">Bitte bleiben Sie zu Hause und rufen uns bis 10 Uhr an: 06707-1340 !<\/span><\/h4><\/div><\/div>\n\t\t\t\t\t<\/li><\/ul><\/div>\r\n\r\n\r\n<div class=\"wpv-accordion-wrapper wpv-accordion-2\"><style scoped>.wpv-accordion-2 .tab .inner { background-color: #ffffff; color: #526371; }<\/style><ul class=\"wpv-accordion\" data-collapsible=\"true\"><li class=\"pane-wrapper\" style=\"\">\n\t\t\t\t\t<h4 class=\"tab\"><span class=\"inner\">Rezept-\/\u00dcberweisungsbestellung<\/span><\/h4>\n\t\t\t\t\t<div class=\"pane\"><div class=\"inner\"><h3 style=\"text-align: center;\"><span style=\"color: #ffffff;\"><strong>Rezepte und \u00dcberweisungen bequem bestellen<\/strong><\/span><\/h3>\r\n<h4 style=\"text-align: center;\"><span style=\"color: #ffffff;\">Wir m\u00f6chten die Wartezeit f\u00fcr Sie so kurz wie m\u00f6glich halten. Nutzen Sie deshalb auch unser Bestellformular, um Rezepte und \u00dcberweisungen schnell und einfach von zu Hause aus anzufordern. Diese stellen wir dann 1 bis 2 Arbeitstage sp\u00e4ter in der Praxis bereit.<\/span><\/h4>\r\n<h4 style=\"text-align: center;\"><a href=\"https:\/\/pfimed.de\/wp-content\/uploads\/2024\/04\/Rezeptbestellung.pdf\" target=\"_blank\" rel=\"noopener noreferrer\">&#8211;> Rezept-\/\u00dcberweisungsbestellung<\/a><\/h4><\/div><\/div>\n\t\t\t\t\t<\/li><\/ul><\/div>\r\n\r\n\r\n<div class=\"wpv-accordion-wrapper wpv-accordion-3\"><style scoped>.wpv-accordion-3 .tab .inner { background-color: #ffffff; color: #526371; }<\/style><ul class=\"wpv-accordion\" data-collapsible=\"true\"><li class=\"pane-wrapper\" style=\"\">\n\t\t\t\t\t<h4 class=\"tab\"><span class=\"inner\">Praxisurlaub<\/span><\/h4>\n\t\t\t\t\t<div class=\"pane\"><div class=\"inner\">Wir machen Urlaub vom 20. Juli 2026 bis einschlie\u00dflich 04. August 2026. Die Vertretung entnehmen Sie bitte der Ansage auf unserem Anrufbeantworter. Ab dem 05. August 2026 sind wir wieder wie gewohnt f\u00fcr Sie da.\r\n\r\nIm Herbst machen wir Urlaub vom 12. Oktober 2026 bis einschlie\u00dflich 18. Oktober 2026.\r\n\r\n\u00dcber Weihnachten ist die Praxis vom 31. Dezember bis einschlie\u00dflich 10. Januar 2027 geschlossen.<\/div><\/div>\n\t\t\t\t\t<\/li><\/ul><\/div>\r\n\r\n\r\n<div class=\"wpv-accordion-wrapper wpv-accordion-4\"><style scoped>.wpv-accordion-4 .tab .inner { background-color: #ffffff; color: #526371; }<\/style><ul class=\"wpv-accordion\" data-collapsible=\"true\"><li class=\"pane-wrapper\" style=\"\">\n\t\t\t\t\t<h4 class=\"tab\"><span class=\"inner\">neue \u00d6ffnungszeiten 2026<\/span><\/h4>\n\t\t\t\t\t<div class=\"pane\"><div class=\"inner\">Ab Januar 2026 haben wir am Montagnachmittag geschlossen. Die Praxis ist daf\u00fcr dienstags und donnerstags von 14 &#8211; 17:30 Uhr ge\u00f6ffnet. neue \u00d6ffnungszeiten: Montag bis Freitag 8 &#8211; 12 Uhr Dienstag + Donnerstag 14 &#8211; 17.30 Uhr Mittwoch 7:00 &#8211; 12 Uhr<\/div><\/div>\n\t\t\t\t\t<\/li><\/ul><\/div><\/div>\r\n\r\n<div class=\"wpv-grid grid-1-5  unextended\" style=\"padding-top:0px;padding-bottom:0px\" id=\"wpv-column-94183bbe10f973e1ceb5ef359f979d0b\" ><div class=\"services clearfix fullimage no-image has-icon no-button \" style=\"text-align:center;\">\n\t<div class=\"services-inside\">\n\t\t\t\t\t\t\t\t\t<div class=\"thumbnail\">\n\t\t\t\t\t\t\t\t\t\t\t\t\t\t\t\t\t\t<span class='icon shortcode  ' style='font-size:100px !important;color:#ffffff;'>&#57598;<\/span>\t\t\t\t\t\t\t\t\t\t\t\t\t\t\t<\/div>\n\t\t\t\t\t\t\t\t\t<div class=\"sep-2\"><\/div>\n\t\t\t\t\t\t\t\t\t\t\t\t\t\t\t\t<div class=\"services-content\">\r\n<h3 style=\"text-align: center;\"><span style=\"color: #ffffff;\"><strong>Hier finden Sie aktuelle Informationen rund um unsere Praxis.<\/strong><\/span><\/h3>\r\n\r\n<\/div>\n\t\t\t\t\t<\/div>\n<\/div>\n<\/div>\r\n\r\n<div class=\"wpv-grid grid-2-5  unextended\" style=\"padding-top:0px;padding-bottom:0px\" id=\"wpv-column-8cf487a65aa68fb6b548ea414aa40812\" ><div class=\"services clearfix fullimage has-image no-icon no-button \" style=\"text-align:center;\">\n\t<div class=\"services-inside\">\n\t\t\t\t\t\t\t\t\t<div class=\"thumbnail\">\n\t\t\t\t\t\t\t\t\t\t\t\t\t\t\t\t\t\t<img loading=\"lazy\" decoding=\"async\" width=\"476\" height=\"476\" src=\"https:\/\/pfimed.de\/wp-content\/uploads\/2019\/12\/logo_hp.png\" class=\"attachment-full size-full\" alt=\"\" srcset=\"https:\/\/pfimed.de\/wp-content\/uploads\/2019\/12\/logo_hp.png 476w, https:\/\/pfimed.de\/wp-content\/uploads\/2019\/12\/logo_hp-300x300.png 300w, https:\/\/pfimed.de\/wp-content\/uploads\/2019\/12\/logo_hp-80x80.png 80w, https:\/\/pfimed.de\/wp-content\/uploads\/2019\/12\/logo_hp-60x60.png 60w, https:\/\/pfimed.de\/wp-content\/uploads\/2019\/12\/logo_hp-43x43.png 43w, https:\/\/pfimed.de\/wp-content\/uploads\/2019\/12\/logo_hp-360x360.png 360w, https:\/\/pfimed.de\/wp-content\/uploads\/2019\/12\/logo_hp-262x262.png 262w, https:\/\/pfimed.de\/wp-content\/uploads\/2019\/12\/logo_hp-100x100.png 100w, https:\/\/pfimed.de\/wp-content\/uploads\/2019\/12\/logo_hp-80x80@2x.png 160w, https:\/\/pfimed.de\/wp-content\/uploads\/2019\/12\/logo_hp-60x60@2x.png 120w, https:\/\/pfimed.de\/wp-content\/uploads\/2019\/12\/logo_hp-43x43@2x.png 86w, https:\/\/pfimed.de\/wp-content\/uploads\/2019\/12\/logo_hp-100x100@2x.png 200w\" sizes=\"auto, (max-width: 476px) 100vw, 476px\" \/>\t\t\t\t\t\t\t\t\t\t\t\t\t\t\t<\/div>\n\t\t\t\t\t\t\t\t\t\t\t\t\t\t\t\t<div class=\"services-content\">\r\n<p style=\"text-align: center;\">\r\n<\/div>\n\t\t\t\t\t<\/div>\n<\/div>\n<\/div><\/div><\/div><\/div><style scoped>#tabs-1 .ui-tabs-nav,#tabs-1 .ui-tabs-nav li{background:#fff;}#tabs-1 .ui-tabs-nav li,#tabs-1 .ui-tabs-nav li a,#tabs-1 .ui-tabs-nav li a .icon{color:#526371;}#tabs-1 .ui-tabs-nav .ui-state-active,#tabs-1 .ui-tabs-nav .ui-state-selected,#tabs-1 .ui-tabs-nav .ui-state-hover{background:#9bc861;}#tabs-1 .ui-tabs-nav .ui-state-active,#tabs-1 .ui-tabs-nav .ui-state-active a,#tabs-1 .ui-tabs-nav .ui-state-active a .icon,#tabs-1 .ui-tabs-nav .ui-state-selected,#tabs-1 .ui-tabs-nav .ui-state-selected a,#tabs-1 .ui-tabs-nav .ui-state-selected a .icon,#tabs-1 .ui-tabs-nav .ui-state-hover,#tabs-1 .ui-tabs-nav .ui-state-hover a,#tabs-1 .ui-tabs-nav .ui-state-hover a .icon{color:#fff;}#tabs-1 .ui-tabs-nav .inactive-block-title h1,#tabs-1 .ui-tabs-nav .inactive-block-title h2,#tabs-1 .ui-tabs-nav .inactive-block-title h3,#tabs-1 .ui-tabs-nav .inactive-block-title h4,#tabs-1 .ui-tabs-nav .inactive-block-title h5,#tabs-1 .ui-tabs-nav .inactive-block-title h6{color:#526371;}#tabs-1.horizontal .pane{background:#9bc861;}#tabs-1.horizontal .pane,#tabs-1.horizontal .pane p,#tabs-1.horizontal .pane a,#tabs-1.horizontal .pane .column-title,#tabs-1.horizontal .pane .sep-text h2.regular-title-wrapper,#tabs-1.horizontal .pane .text-divider-double,#tabs-1.horizontal .pane .sep-text .sep-text-line,#tabs-1.horizontal .pane .sep,#tabs-1.horizontal .pane .sep-2,#tabs-1.horizontal .pane .sep-3,#tabs-1.horizontal .pane td,#tabs-1.horizontal .pane th,#tabs-1.horizontal .pane caption{color:#fff;}<\/style><\/div><\/div><\/div><\/div>\r\n\r\n<div class=\"row \"><div class=\"wpv-grid grid-1-3  wpv-first-level first unextended\" style=\"padding-top:0px;padding-bottom:0px\" id=\"wpv-column-47d39f3a52efc6bf20c29e2131ba25ec\" ><div class=\"services clearfix fullimage no-image has-icon no-button \" style=\"text-align:left;\">\n\t<div class=\"services-inside\">\n\t\t\t\t\t\t\t\t\t<div class=\"thumbnail\">\n\t\t\t\t\t\t\t\t\t\t\t\t\t\t\t\t\t\t<span class='icon shortcode  ' style='font-size:40px !important;color:#9bc861;'>&#57884;<\/span>\t\t\t\t\t\t\t\t\t\t\t\t\t\t\t<\/div>\n\t\t\t\t\t\t\t\t\t<div class=\"sep-2\"><\/div>\n\t\t\t\t\t\t\t\t\t\t\t\t\t\t<h3 class=\"services-title\">\n\t\t\t\t\t\t\t\t\tManuelle Medizin\t\t\t\t\t\t\t<\/h3>\n\t\t\t\t\t\t\t<div class=\"services-content\">\r\nZur Behebung von Funktionsst\u00f6rungen des Bewegungsapparates wenden wir Chirotherapie unter Zuhilfenahme weicher Techniken aus der Osteopathie an.\r\n\r\n\r\n<\/div>\n\t\t\t\t\t<\/div>\n<\/div>\n<\/div>\r\n\r\n<div class=\"wpv-grid grid-1-3  wpv-first-level unextended\" style=\"padding-top:0px;padding-bottom:0px\" id=\"wpv-column-fb50a498a5f072d99e9f5cc5cf439a04\" ><div class=\"services clearfix fullimage no-image has-icon no-button \" style=\"text-align:left;\">\n\t<div class=\"services-inside\">\n\t\t\t\t\t\t\t\t\t<div class=\"thumbnail\">\n\t\t\t\t\t\t\t\t\t\t\t\t\t\t\t\t\t\t<span class='icon shortcode  ' style='font-size:40px !important;color:#9bc861;'>&#57722;<\/span>\t\t\t\t\t\t\t\t\t\t\t\t\t\t\t<\/div>\n\t\t\t\t\t\t\t\t\t<div class=\"sep-2\"><\/div>\n\t\t\t\t\t\t\t\t\t\t\t\t\t\t<h3 class=\"services-title\">\n\t\t\t\t\t\t\t\t\tNaturheilverfahren\t\t\t\t\t\t\t<\/h3>\n\t\t\t\t\t\t\t<div class=\"services-content\">\r\nWir nutzen Dysbiosediagnstik mit Darmsymbioselenkung und Phytotherapie.\r\n\r\n\r\n<\/div>\n\t\t\t\t\t<\/div>\n<\/div>\n<\/div>\r\n\r\n<div class=\"wpv-grid grid-1-3  wpv-first-level unextended\" style=\"padding-top:0px;padding-bottom:0px\" id=\"wpv-column-b7c7327faef03725f50a88a6e4983fba\" ><div class=\"services clearfix fullimage no-image has-icon no-button \" style=\"text-align:left;\">\n\t<div class=\"services-inside\">\n\t\t\t\t\t\t\t\t\t<div class=\"thumbnail\">\n\t\t\t\t\t\t\t\t\t\t\t\t\t\t\t\t\t\t<span class='icon shortcode  ' style='font-size:40px !important;color:#9bc861;'>&#57889;<\/span>\t\t\t\t\t\t\t\t\t\t\t\t\t\t\t<\/div>\n\t\t\t\t\t\t\t\t\t<div class=\"sep-2\"><\/div>\n\t\t\t\t\t\t\t\t\t\t\t\t\t\t<h3 class=\"services-title\">\n\t\t\t\t\t\t\t\t\tAkupunktur\t\t\t\t\t\t\t<\/h3>\n\t\t\t\t\t\t\t<div class=\"services-content\">\r\nWir setzen Akupunktur wirkungsvoll ein zur Schmerztherapie, bei Allergien, bei Unruhezust\u00e4nden und Schlafst\u00f6rungen, zur Geburtsvorbereitung und bieten spezielle Anwendungen wie Triggerpunktakupunktur. Die Schr\u00f6pftherapie und Schr\u00f6pfkopfmassage erg\u00e4nzen wir bei myofaszialen Schmerzzust\u00e4nden oder als Reflextherapie.\r\n\r\n\r\n<\/div>\n\t\t\t\t\t<\/div>\n<\/div>\n<\/div><\/div>\r\n\r\n\r\n<div class=\"push\" style='height:30px'><\/div>\r\n\r\n\r\n<div class=\"push\" style='height:30px'><\/div>\r\n\r\n\r\n<div class=\"row \"><div class=\"wpv-grid grid-1-1  wpv-first-level first has-background extended animation-fade-in animated-active\" style=\"\n\t\t\t\tbackground: url( 'http:\/\/health-center.vamtam.com\/wp-content\/uploads\/2014\/03\/bg_fblike.png' ) no-repeat center top;\n\t\t\t\tbackground-size: auto;\n\t\t\t\tbackground-attachment: ;\n\t\t\tpadding-top:0px;padding-bottom:30px\" id=\"wpv-column-2a05b747af630ff0d259edbab1526d00\" ><div class=\"extended-column-inner\"><h2 style=\"text-align: center;\"><span style=\"color: #008100;\">Wir beraten Sie gerne!<\/span><\/h2>\r\n<p style=\"text-align: center;\"><\/div><\/div><\/div>\r\n\r\n\r\n<div class=\"push\" style='height:10px'><\/div>\r\n\r\n\r\n\r\n\r\n<div class=\"push\" style='height:25px'><\/div>\r\n\r\n\r\n<div class=\"row \"><div class=\"wpv-grid grid-1-1  wpv-first-level first extended\" style=\"padding-top:33px;padding-bottom:0px\" id=\"wpv-column-3944bfbc555294b5a1493ea683a69660\" ><div class=\"extended-column-inner\"><div class=\"row \"><div class=\"wpv-grid grid-1-4  first unextended\" style=\"padding-top:20px;padding-bottom:0px\" id=\"wpv-column-64cfbea0c7ad5eaa8c1d1e9c584eeee5\" ><\/div>\r\n\r\n<div class=\"wpv-grid grid-1-2  unextended animation-fade-in animated-active\" style=\"padding-top:0px;padding-bottom:0px\" id=\"wpv-column-bc347d538cfa5469b31d10aa3da13c70\" ><blockquote>\r\n<h2 style=\"text-align: left; margin-top: 20px;\"><span style=\"color: #808080;\"><span style=\"font-size: large;\"><span style=\"font-size: large;\">&#8222;<\/span><span style=\"color: #ff0000;\"><strong>W<\/strong><\/span>er nicht jeden Tag etwas Zeit f\u00fcr seine Gesundheit aufbringt, muss eines Tages sehr viel Zeit f\u00fcr die Krankheit opfern.&#8220;<\/span><\/span><\/h2>\r\n<\/blockquote>\r\n<h6 style=\"text-align: right;\"><span style=\"color: #808080;\">Sebastian Kneipp<\/span><\/h6>\r\n<p style=\"text-align: center;\"><\/div>\r\n\r\n\r\n<div class=\"wpv-grid grid-1-4  unextended\" style=\"padding-top:0px;padding-bottom:0px\" id=\"wpv-column-8f0c4b388e196444ca49d8d4f50595f6\" ><\/div><\/div>\r\n\r\n\r\n<div class=\"push\" style='height:25px'><\/div><\/div><\/div><\/div>\r\n\r\n\r\n<div class=\"push\" style='height:25px'><\/div>\r\n\r\n\r\n\r\n\r\n","protected":false},"excerpt":{"rendered":"<p>Wir beraten Sie gerne! &#8222;Wer nicht jeden Tag etwas Zeit f\u00fcr seine Gesundheit aufbringt, muss eines Tages sehr viel Zeit f\u00fcr die Krankheit opfern.&#8220; Sebastian Kneipp<\/p>\n","protected":false},"author":5,"featured_media":0,"parent":0,"menu_order":0,"comment_status":"closed","ping_status":"closed","template":"","meta":{"footnotes":""},"class_list":["post-4","page","type-page","status-publish"],"_links":{"self":[{"href":"https:\/\/pfimed.de\/index.php\/wp-json\/wp\/v2\/pages\/4","targetHints":{"allow":["GET"]}}],"collection":[{"href":"https:\/\/pfimed.de\/index.php\/wp-json\/wp\/v2\/pages"}],"about":[{"href":"https:\/\/pfimed.de\/index.php\/wp-json\/wp\/v2\/types\/page"}],"author":[{"embeddable":true,"href":"https:\/\/pfimed.de\/index.php\/wp-json\/wp\/v2\/users\/5"}],"replies":[{"embeddable":true,"href":"https:\/\/pfimed.de\/index.php\/wp-json\/wp\/v2\/comments?post=4"}],"version-history":[{"count":726,"href":"https:\/\/pfimed.de\/index.php\/wp-json\/wp\/v2\/pages\/4\/revisions"}],"predecessor-version":[{"id":10687,"href":"https:\/\/pfimed.de\/index.php\/wp-json\/wp\/v2\/pages\/4\/revisions\/10687"}],"wp:attachment":[{"href":"https:\/\/pfimed.de\/index.php\/wp-json\/wp\/v2\/media?parent=4"}],"curies":[{"name":"wp","href":"https:\/\/api.w.org\/{rel}","templated":true}]}}