{"id":8129,"date":"2014-05-26T13:45:39","date_gmt":"2014-05-26T11:45:39","guid":{"rendered":"http:\/\/homepage-fuer-firmen.de\/bsp11\/?page_id=8129"},"modified":"2024-07-04T12:12:49","modified_gmt":"2024-07-04T10:12:49","slug":"kontakt","status":"publish","type":"page","link":"https:\/\/pfimed.de\/index.php\/kontakt\/","title":{"rendered":"Kontakt"},"content":{"rendered":"<h4><span style=\"color: #999999;\">Bitte nutzen Sie unser Kontaktformular f\u00fcr Terminanfragen, Folgerezeptbestellungen\u00a0sowie auch gerne f\u00fcr allgemeine Fragen.<\/span><\/h4>\n<h4><span style=\"color: #999999;\">Wir versuchen Ihnen schnellstm\u00f6glich zu antworten.<\/span><\/h4>\n<h2><span style=\"color: #ff0000;\">Bitte beachten Sie unsere jeweiligen Urlaubszeiten !!<br \/>\nHier k\u00f6nnen Ihre E-Mails bzw. Anfragen nur bedingt bearbeitet werden ! \u00a0<\/span><\/h2>\n<div class=\"row \"><div class=\"wpv-grid grid-1-2  wpv-first-level first unextended\" style=\"padding-top:0px;padding-bottom:0px\" id=\"wpv-column-c9d29960dae78d260a4be79e0a3db01e\" >\t\t<h2 class=\"text-divider-double\">\t\t\tTerminanfrage &amp; Kontakt\t\t<\/h2>\t\t<div class=\"sep\"><\/div>\t<p>\n<div class=\"wpcf7 no-js\" id=\"wpcf7-f8138-o1\" lang=\"de-DE\" dir=\"ltr\" data-wpcf7-id=\"8138\">\n<div class=\"screen-reader-response\"><p role=\"status\" aria-live=\"polite\" aria-atomic=\"true\"><\/p> <ul><\/ul><\/div>\n<form action=\"\/index.php\/wp-json\/wp\/v2\/pages\/8129#wpcf7-f8138-o1\" method=\"post\" class=\"wpcf7-form init\" aria-label=\"Kontaktformular\" novalidate=\"novalidate\" data-status=\"init\">\n<fieldset class=\"hidden-fields-container\"><input type=\"hidden\" name=\"_wpcf7\" value=\"8138\" \/><input type=\"hidden\" name=\"_wpcf7_version\" value=\"6.1.4\" \/><input type=\"hidden\" name=\"_wpcf7_locale\" value=\"de_DE\" \/><input type=\"hidden\" name=\"_wpcf7_unit_tag\" value=\"wpcf7-f8138-o1\" \/><input type=\"hidden\" name=\"_wpcf7_container_post\" value=\"0\" \/><input type=\"hidden\" name=\"_wpcf7_posted_data_hash\" value=\"\" \/>\n<\/fieldset>\n<p>Ihr Name (Pflichtfeld)\n<\/p>\n<p><span class=\"wpcf7-form-control-wrap\" data-name=\"your-name\"><input size=\"40\" maxlength=\"400\" class=\"wpcf7-form-control wpcf7-text wpcf7-validates-as-required\" aria-required=\"true\" aria-invalid=\"false\" value=\"\" type=\"text\" name=\"your-name\" \/><\/span>\n<\/p>\n<p>Ihre E-Mail-Adresse (Pflichtfeld)\n<\/p>\n<p><span class=\"wpcf7-form-control-wrap\" data-name=\"your-email\"><input size=\"40\" maxlength=\"400\" class=\"wpcf7-form-control wpcf7-email wpcf7-validates-as-required wpcf7-text wpcf7-validates-as-email\" aria-required=\"true\" aria-invalid=\"false\" value=\"\" type=\"email\" name=\"your-email\" \/><\/span>\n<\/p>\n<p>Ihre Telefonnr. (Pflichtfeld)\n<\/p>\n<p><span class=\"wpcf7-form-control-wrap\" data-name=\"tel-903\"><input size=\"40\" maxlength=\"400\" class=\"wpcf7-form-control wpcf7-tel wpcf7-validates-as-required wpcf7-text wpcf7-validates-as-tel\" aria-required=\"true\" aria-invalid=\"false\" value=\"\" type=\"tel\" name=\"tel-903\" \/><\/span>\n<\/p>\n<p>Betreff\n<\/p>\n<p><span class=\"wpcf7-form-control-wrap\" data-name=\"your-subject\"><input size=\"40\" maxlength=\"400\" class=\"wpcf7-form-control wpcf7-text\" aria-invalid=\"false\" value=\"\" type=\"text\" name=\"your-subject\" \/><\/span>\n<\/p>\n<p>Ihre Nachricht (Pflichtfeld)\n<\/p>\n<p><span class=\"wpcf7-form-control-wrap\" data-name=\"your-message\"><textarea cols=\"40\" rows=\"10\" maxlength=\"2000\" class=\"wpcf7-form-control wpcf7-textarea wpcf7-validates-as-required\" aria-required=\"true\" aria-invalid=\"false\" name=\"your-message\"><\/textarea><\/span>\n<\/p>\n<p><input class=\"wpcf7-form-control wpcf7-submit has-spinner\" type=\"submit\" value=\"Senden\" \/>\n<\/p><div class=\"wpcf7-response-output\" aria-hidden=\"true\"><\/div>\n<\/form>\n<\/div>\n<\/div>\n<div class=\"wpv-grid grid-1-2  wpv-first-level unextended\" style=\"padding-top:0px;padding-bottom:0px\" id=\"wpv-column-a9429455ba7508ce7165e8c7fd0a7e11\" ><div class=\"row \"><div class=\"wpv-grid grid-1-1  first unextended\" style=\"padding-top:0px;padding-bottom:0px\" id=\"wpv-column-15db842372cdaad9627202772a54af51\" >\t\t<div class=\"sep-text single centered\">\n\t\t\t\t\t\t\t<span class=\"sep-text-before\"><div class=\"sep-text-line\"><\/div><\/span>\n\t\t\t\t\t\t<div class=\"content\">\n\t\t\t\t<h2 class=\"text-divider-double\">Unsere Kontaktdaten<\/h2>\t\t\t<\/div>\n\t\t\t<span class=\"sep-text-after\"><div class=\"sep-text-line\"><\/div><\/span>\n\t\t\t\t\t<\/div>\n\t\n<div class=\"contact_info_wrap\">\n\t\t\t<p><span class='icon shortcode  ' style='color:#9bc861;'>&#57610;<\/span>Praxis f\u00fcr Integrative Medizin<\/p>\n\t\t\n\t\t\t<p><span class='icon shortcode theme ' style='color:#9bc861;'>&#57382;<\/span>06707-1340<\/p>\n\t\t\n\t\t\n\t\t\t<p><a href=\"mailto:mail@pfimed.de\" ><span class='icon shortcode theme ' style='color:#9bc861;'>&#57353;<\/span>mail@pfimed.de<\/a><\/p>\n\t\t\n\t\t\t<p><span class=\"contact_address\"><span class='icon shortcode theme ' style='color:#9bc861;'>&#57367;<\/span>Dorfcenter Guldental, Naheweinstra\u00dfe 92, 55452 Guldental<\/span><\/p>\n\t\t\n<\/div>\n<\/div><\/div><\/div><\/div>\n","protected":false},"excerpt":{"rendered":"<p>Bitte nutzen Sie unser Kontaktformular f\u00fcr Terminanfragen, Folgerezeptbestellungen\u00a0sowie auch gerne f\u00fcr allgemeine Fragen. Wir versuchen Ihnen schnellstm\u00f6glich zu antworten. Bitte beachten Sie unsere jeweiligen Urlaubszeiten !! Hier k\u00f6nnen Ihre E-Mails bzw. Anfragen nur bedingt bearbeitet werden ! \u00a0<\/p>\n","protected":false},"author":5,"featured_media":0,"parent":0,"menu_order":0,"comment_status":"closed","ping_status":"closed","template":"","meta":{"footnotes":""},"class_list":["post-8129","page","type-page","status-publish"],"_links":{"self":[{"href":"https:\/\/pfimed.de\/index.php\/wp-json\/wp\/v2\/pages\/8129","targetHints":{"allow":["GET"]}}],"collection":[{"href":"https:\/\/pfimed.de\/index.php\/wp-json\/wp\/v2\/pages"}],"about":[{"href":"https:\/\/pfimed.de\/index.php\/wp-json\/wp\/v2\/types\/page"}],"author":[{"embeddable":true,"href":"https:\/\/pfimed.de\/index.php\/wp-json\/wp\/v2\/users\/5"}],"replies":[{"embeddable":true,"href":"https:\/\/pfimed.de\/index.php\/wp-json\/wp\/v2\/comments?post=8129"}],"version-history":[{"count":46,"href":"https:\/\/pfimed.de\/index.php\/wp-json\/wp\/v2\/pages\/8129\/revisions"}],"predecessor-version":[{"id":10640,"href":"https:\/\/pfimed.de\/index.php\/wp-json\/wp\/v2\/pages\/8129\/revisions\/10640"}],"wp:attachment":[{"href":"https:\/\/pfimed.de\/index.php\/wp-json\/wp\/v2\/media?parent=8129"}],"curies":[{"name":"wp","href":"https:\/\/api.w.org\/{rel}","templated":true}]}}