{"id":8167,"date":"2014-05-27T12:21:10","date_gmt":"2014-05-27T10:21:10","guid":{"rendered":"http:\/\/homepage-fuer-firmen.de\/bsp11\/?page_id=8167"},"modified":"2020-12-28T20:02:00","modified_gmt":"2020-12-28T18:02:00","slug":"akupunktur","status":"publish","type":"page","link":"https:\/\/pfimed.de\/index.php\/akupunktur\/","title":{"rendered":"Akupunkturverfahren"},"content":{"rendered":"<div class=\"row \"><div class=\"wpv-grid grid-1-3  wpv-first-level first has-background unextended\" style=\"background-color:#fcfde0;padding-top:0px;padding-bottom:0px\" id=\"wpv-column-30ee71dc8aad1517fe3dd36690cb5ac7\" ><style scoped>#wpv-column-30ee71dc8aad1517fe3dd36690cb5ac7 p,#wpv-column-30ee71dc8aad1517fe3dd36690cb5ac7 em,#wpv-column-30ee71dc8aad1517fe3dd36690cb5ac7 .column-title,#wpv-column-30ee71dc8aad1517fe3dd36690cb5ac7 .sep-text h2.regular-title-wrapper,#wpv-column-30ee71dc8aad1517fe3dd36690cb5ac7 .text-divider-double,#wpv-column-30ee71dc8aad1517fe3dd36690cb5ac7 .sep-text .sep-text-line,#wpv-column-30ee71dc8aad1517fe3dd36690cb5ac7 .sep,#wpv-column-30ee71dc8aad1517fe3dd36690cb5ac7 .sep-2,#wpv-column-30ee71dc8aad1517fe3dd36690cb5ac7 .sep-3,#wpv-column-30ee71dc8aad1517fe3dd36690cb5ac7 td,#wpv-column-30ee71dc8aad1517fe3dd36690cb5ac7 th,#wpv-column-30ee71dc8aad1517fe3dd36690cb5ac7 caption{color:#cad10d;}#wpv-column-30ee71dc8aad1517fe3dd36690cb5ac7:before{background-color:transparent;}<\/style><div class=\"push\" style='height:30px'><\/div>\n<div class=\"services clearfix fullimage has-image has-icon no-button \" style=\"text-align:center;\">\n\t<div class=\"services-inside\">\n\t\t\t\t\t\t\t\t\t<div class=\"thumbnail\">\n\t\t\t\t\t\t\t\t\t\t\t\t\t\t\t\t\t\t<img decoding=\"async\" src=\"http:\/\/pfimed.de\/wp-content\/uploads\/2014\/05\/Akuounktur1.jpg\" alt=\"\" \/>\t\t\t\t\t\t\t\t\t\t\t\t\t\t\t<\/div>\n\t\t\t\t\t\t\t\t\t<div class=\"sep-2\"><\/div>\n\t\t\t\t\t\t\t\t\t\t\t\t\t\t<h3 class=\"services-title\">\n\t\t\t\t\t\t\t\t\tEinsatzgebiete der Akupunktur\t\t\t\t\t\t\t<\/h3>\n\t\t\t\t\t\t\t<div class=\"services-content\">\n<p style=\"text-align: center;\"><span style=\"color: #808080;\">Schmerzzust\u00e4nde am Bewegungsapparat jeglicher Art, Migr\u00e4ne, Heuschnupfen und allergisches Asthma, Bluthochdruck und Schlafst\u00f6rungen, zur Geburtsvorbereitung oder bei Schwangerschaftserbrechen und bei Wechseljahrsbeschwerden, au\u00dferdem unterst\u00fctzend in der Adipositastherapie.<\/span><\/div>\n\t\t\t\t\t<\/div>\n<\/div>\n<\/div>\n<div class=\"wpv-grid grid-2-3  wpv-first-level has-background unextended\" style=\"\n\t\t\t\tbackground: url( 'http:\/\/homepage-fuer-firmen.de\/bsp11\/wp-content\/uploads\/2014\/05\/logo-bg1.png' ) no-repeat center center;\n\t\t\t\tbackground-size: cover;\n\t\t\t\tbackground-attachment: ;\n\t\t\tpadding-top:0px;padding-bottom:0px\" id=\"wpv-column-30f240e9da64dc13ff2b2549e95bbe2f\" ><h2>Was ist Akupunktur?<\/h2>\n<p>Akupunktur ist ein <strong>Teilgebiet der traditionellen chinesischen Medizin<\/strong> (TCM). Sie geht von Lebensenergien des K\u00f6rpers aus (<strong>Qi<\/strong>), die auf Meridianbahnen zirkulieren und einen steuernden Einfluss auf alle K\u00f6rperfunktionen haben. Ein <strong>gest\u00f6rter Energiefluss<\/strong> wird f\u00fcr Erkrankungen verantwortlich gemacht und durch Stiche in auf den Meridianen liegenden <strong>Akupunkturpunkten<\/strong> ausgeglichen. Bei eng verwandten Methoden wird stumpfer Druck auf die Punkte ausge\u00fcbt (<strong>Akupressur<\/strong>) oder sie werden erw\u00e4rmt (<strong>Moxibustion<\/strong>). Diese Therapie hat sich in unserer Praxis besonders in der <strong>Schmerztherapie<\/strong> bew\u00e4hrt.<br \/>\nBei <strong>bestimmten Diagnosen<\/strong> wird die Akupunktur von den <strong>gesetzlichen Krankenkassen<\/strong> \u00fcbernommen. Dazu geh\u00f6ren <strong>chronische Schmerzzust\u00e4nde<\/strong> bei <strong>Arthrose (Gelenkverschlei\u00df) der Kniegelenke und der Lendenwirbels\u00e4ule<\/strong>. Insgesamt werden <strong>10-15 Akupunktursitzungen<\/strong> ca. <strong>2x w\u00f6chentlich<\/strong> durchgef\u00fchrt.<\/p>\n<p><span style=\"color: #ffffff;\">.<\/span><\/p>\n<h2>Wann ist die Ohrakupunktur empfehlenswert?<\/h2>\n<p>Wir setzen die Ohrakupunktur gerne <strong>erg\u00e4nzend zur K\u00f6rperakupunktur<\/strong> ein. Das Ohr ist entwicklungsgeschichtlich eine direkte Ausst\u00fclpung des Zwischenhirns. Im <strong>Zwischenhirn<\/strong> werden alle Empfindungen und somit auch <strong>Schmerzreize verarbeitet<\/strong> und an weitere Hirnabschnitte fortgeleitet. Aus diesem Grund kann man Schmerzzust\u00e4nde jeglicher Art, aber <strong>auch vegetative St\u00f6rungen<\/strong> sehr gut mittels Ohrakupunktur behandeln. In den meisten F\u00e4llen ist die Ohrakupunktur eine sinnvolle Erg\u00e4nzung, wird allerdings <strong>von den gesetzlichen Krankenkassen im Regelfall nicht erstattet<\/strong>.<\/p>\n<p><span style=\"color: #ffffff;\">.<\/span><\/p>\n<h2>Was bewirkt\u00a0die Triggerpunktakupunktur ?<\/h2>\n<p>Im Bereich der Muskulatur kann es ganz lokalisiert zu punktf\u00f6rmigen Verspannungen kommen. Es bildet sich ein sog. <strong>Triggerpunkt<\/strong> (TP) aus, welcher sehr druckschmerzhaft sein kann. Diesen Punkt kann man nun auf verschiedenste Art und Weise behandeln. Er kann im Rahmen der oder <strong>TP-Massage <\/strong>gedr\u00fcckt werden\u00a0, er kann mit einem Mittel zur lokalen Bet\u00e4ubung (sog. <strong>Lokalan\u00e4sthetikum<\/strong>) angespritzt oder mittels Nadeln im Rahmen der <strong>Triggerpunktakupunktur<\/strong> therapiert werden. Letzteres ist eine eher unangenehme, teils schmerzhafte jedoch <strong>sehr effektive\u00a0Behandlungsform<\/strong>, wobei\u00a0der Schmerzpunkt einmal oder mehrfach angestochen wird.\u00a0Die Wirkung liegt in\u00a0einer <strong>Durchblutungsf\u00f6rderung und Freisetzung schmerzlindernder\u00a0Mediatoren<\/strong> im Behandlungsgebiet.<\/div><\/div>\n","protected":false},"excerpt":{"rendered":"<p>Was ist Akupunktur? Akupunktur ist ein Teilgebiet der traditionellen chinesischen Medizin (TCM). Sie geht von Lebensenergien des K\u00f6rpers aus (Qi), die auf Meridianbahnen zirkulieren und einen steuernden Einfluss auf alle K\u00f6rperfunktionen haben. Ein gest\u00f6rter Energiefluss wird f\u00fcr Erkrankungen verantwortlich gemacht und durch Stiche in auf den Meridianen liegenden Akupunkturpunkten ausgeglichen. Bei eng verwandten Methoden wird&#8230;<\/p>\n","protected":false},"author":5,"featured_media":0,"parent":0,"menu_order":0,"comment_status":"closed","ping_status":"open","template":"","meta":{"footnotes":""},"class_list":["post-8167","page","type-page","status-publish"],"_links":{"self":[{"href":"https:\/\/pfimed.de\/index.php\/wp-json\/wp\/v2\/pages\/8167","targetHints":{"allow":["GET"]}}],"collection":[{"href":"https:\/\/pfimed.de\/index.php\/wp-json\/wp\/v2\/pages"}],"about":[{"href":"https:\/\/pfimed.de\/index.php\/wp-json\/wp\/v2\/types\/page"}],"author":[{"embeddable":true,"href":"https:\/\/pfimed.de\/index.php\/wp-json\/wp\/v2\/users\/5"}],"replies":[{"embeddable":true,"href":"https:\/\/pfimed.de\/index.php\/wp-json\/wp\/v2\/comments?post=8167"}],"version-history":[{"count":21,"href":"https:\/\/pfimed.de\/index.php\/wp-json\/wp\/v2\/pages\/8167\/revisions"}],"predecessor-version":[{"id":10140,"href":"https:\/\/pfimed.de\/index.php\/wp-json\/wp\/v2\/pages\/8167\/revisions\/10140"}],"wp:attachment":[{"href":"https:\/\/pfimed.de\/index.php\/wp-json\/wp\/v2\/media?parent=8167"}],"curies":[{"name":"wp","href":"https:\/\/api.w.org\/{rel}","templated":true}]}}