{"id":8272,"date":"2014-09-25T17:34:47","date_gmt":"2014-09-25T15:34:47","guid":{"rendered":"http:\/\/homepage-fuer-firmen.de\/bsp11\/?page_id=8272"},"modified":"2016-11-07T16:27:14","modified_gmt":"2016-11-07T14:27:14","slug":"orthomolekulare-medizin","status":"publish","type":"page","link":"https:\/\/pfimed.de\/index.php\/orthomolekulare-medizin\/","title":{"rendered":"Orthomolekulare Medizin"},"content":{"rendered":"<div class=\"row \"><div class=\"wpv-grid grid-1-3  wpv-first-level first has-background unextended\" style=\"background-color:#fcfde0;padding-top:0px;padding-bottom:0px\" id=\"wpv-column-e440c37ca8d81b6a623d07a2a7271a47\" ><style scoped>#wpv-column-e440c37ca8d81b6a623d07a2a7271a47 p,#wpv-column-e440c37ca8d81b6a623d07a2a7271a47 em,#wpv-column-e440c37ca8d81b6a623d07a2a7271a47 .column-title,#wpv-column-e440c37ca8d81b6a623d07a2a7271a47 .sep-text h2.regular-title-wrapper,#wpv-column-e440c37ca8d81b6a623d07a2a7271a47 .text-divider-double,#wpv-column-e440c37ca8d81b6a623d07a2a7271a47 .sep-text .sep-text-line,#wpv-column-e440c37ca8d81b6a623d07a2a7271a47 .sep,#wpv-column-e440c37ca8d81b6a623d07a2a7271a47 .sep-2,#wpv-column-e440c37ca8d81b6a623d07a2a7271a47 .sep-3,#wpv-column-e440c37ca8d81b6a623d07a2a7271a47 td,#wpv-column-e440c37ca8d81b6a623d07a2a7271a47 th,#wpv-column-e440c37ca8d81b6a623d07a2a7271a47 caption{color:#cad10d;}#wpv-column-e440c37ca8d81b6a623d07a2a7271a47:before{background-color:transparent;}<\/style><div class=\"push\" style='height:30px'><\/div>\n<div class=\"services clearfix fullimage has-image has-icon no-button \" style=\"text-align:center;\">\n\t<div class=\"services-inside\">\n\t\t\t\t\t\t\t\t\t<div class=\"thumbnail\">\n\t\t\t\t\t\t\t\t\t\t\t\t\t\t\t\t\t\t<img decoding=\"async\" src=\"http:\/\/pfimed.de\/wp-content\/uploads\/2016\/03\/Fotolia_80981582_XS.jpg\" alt=\"\" \/>\t\t\t\t\t\t\t\t\t\t\t\t\t\t\t<\/div>\n\t\t\t\t\t\t\t\t\t<div class=\"sep-2\"><\/div>\n\t\t\t\t\t\t\t\t\t\t\t\t\t\t<h3 class=\"services-title\">\n\t\t\t\t\t\t\t\t\tWas ist Orthomolekulare Medizin ?\t\t\t\t\t\t\t<\/h3>\n\t\t\t\t\t\t\t<div class=\"services-content\">\n<p style=\"text-align: center;\"><span style=\"color: #808080;\"><span style=\"color: #808080;\">Die St\u00e4rkung der Widerstandskraft gegen Erkrankungen ist der <\/span>Grundsatz der orthomolekularen Medizin. Dies geschieht durch eine optimale Zufuhr von Substanzen, die den reibungslosen Ablauf aller Stoffwechselprozesse gew\u00e4hrleisten. <\/span><\/p>\n<p style=\"text-align: center;\"><span style=\"color: #808080;\">Dadurch wird Folgen eines Mikron\u00e4hrstoffmangels durch langandauernde Unterversorgung entgegengesteuert und der Organismus in seinem Abwehr- oder Gesundungsprozess gest\u00e4rkt.<\/span><\/p>\n<p style=\"text-align: center;\"><span style=\"color: #808080;\">Diese Substanzen werden als Mikron\u00e4hrstoffe (oder auch Vitalstoffe) bezeichnetet und sind u.a. Vitamine, Antioxidantien, Mineralstoffe, Spurenelemente, Fetts\u00e4uren und Aminos\u00e4uren.<\/span><\/div>\n\t\t\t\t\t<\/div>\n<\/div>\n<\/div>\n<div class=\"wpv-grid grid-2-3  wpv-first-level has-background unextended\" style=\"\n\t\t\t\tbackground: url( 'http:\/\/homepage-fuer-firmen.de\/bsp11\/wp-content\/uploads\/2014\/05\/logo-bg1.png' ) no-repeat center center;\n\t\t\t\tbackground-size: cover;\n\t\t\t\tbackground-attachment: ;\n\t\t\tpadding-top:12px;padding-bottom:50px\" id=\"wpv-column-e0ed4666ad5bc0500a5845f73169ef8c\" ><h2>Lebensnotwendige Mikron\u00e4hrstoffe<\/h2>\n<p>Die Entstehung eines <strong>Mikron\u00e4hrstoffmangels<\/strong> ist die Folge einer lang andauernden Unterversorgung des Organismus mit essenziellen N\u00e4hrstoffen, an deren Ende charakteristische <strong>Krankheitssymptome<\/strong> und irreversible Sch\u00e4den entstehen.<\/p>\n<h2>Auf den individuellen Bedarf zugeschnitten<\/h2>\n<p>Die <strong>Dosierungen<\/strong> bei der orthomolekularen Therapie liegen deutlich \u00fcber den offiziell empfohlenen Verzehrmengen und sind unter Medizinern und Ern\u00e4hrungsexperten bis heute umstritten.<\/p>\n<h3>Optimalen Gesundheitsschutz bieten sie in der richtigen Dosierung\u00a0:<\/h3>\n<ul>\n<li>zur <strong>Pr\u00e4vention<\/strong> ern\u00e4hrungsbedingter (z. B. Diabetes mellitus) und chronisch-degenerativer (z. B. Morbus Alzheimer) Krankheiten,<\/li>\n<li>w\u00e4hrend oder nach <strong>Krebserkrankungen<\/strong>, sowie auch zur deren Pr\u00e4vention<\/li>\n<li>zur Verbesserung des individuellen <strong>Gesundheitsstatus<\/strong><\/li>\n<li>zur Optimierung der <strong>Pharmakotherapie<\/strong><\/li>\n<li>zum Erhalt der Vitalit\u00e4t und Leistungsf\u00e4higkeit im <strong>Alter<\/strong><\/li>\n<\/ul>\n<p>Mittlerweile ist in vielen Studien und\u00a0Einzelfallbeobachtungen die <strong>Wirksamkeit<\/strong> von Mikron\u00e4hrstoffen in der Pr\u00e4vention und Therapie verschiedener Erkrankungen <strong>beschrieben und belegt<\/strong>. Die <strong>Supplementierung<\/strong> mit Mikron\u00e4hrstoffen sollte jedoch stets <strong>auf<\/strong> den <strong>individuellen Bedarf abgestimmt<\/strong> unter sachkundiger Betreuung durch einen Arzt oder Therapeuten erfolgen.<\/p>\n<p><strong>Laborverfahren<\/strong> sind f\u00fcr die Indikationsstellung und Verlaufskontrolle einer orthomolekularen Behandlung <strong>unverzichtbar<\/strong>. In Abh\u00e4ngigkeit von der klinischen Fragestellung k\u00f6nnen Untersuchungen aus <strong>verschiedenen Themenbereichen<\/strong> relevant sein :<\/p>\n<div class=\"wpv-accordion-wrapper wpv-accordion-1\"><style scoped>.wpv-accordion-1 .tab .inner { background-color: #9bc861; color: #ffffff; }<\/style><ul class=\"wpv-accordion\" data-collapsible=\"true\"><li class=\"pane-wrapper\" style=\"\">\n\t\t\t\t\t<h4 class=\"tab\"><span class=\"inner\">Omega-3-Fetts\u00e4uren<\/span><\/h4>\n\t\t\t\t\t<div class=\"pane\"><div class=\"inner\"><p>Wesentliche <strong>Bausteine aller Zellmembranen<\/strong> sind Omega-3 und Omega-6 Fetts\u00e4uren und damit f\u00fcr das Wachstum und die Regeneration der Zellen essentiell.<\/p>\n<p>Insbesondere die <strong>Omega-3<\/strong>-Fetts\u00e4uren wie die\u00a0<span id=\".CE.B1-Linolens.C3.A4ure_.28ALA.29_aus_Pflanzen_gegen.C3.BCber_Eicosapentaens.C3.A4ure_.28EPA.29_und_Docosahexaens.C3.A4ure_.28DHA.29_aus_Fisch.C3.B6l\" class=\"mw-headline\">\u03b1-Linolens\u00e4ure (<strong>ALA<\/strong>) aus Pflanzen\u00a0sowie Eicosapentaens\u00e4ure (<strong>EPA<\/strong>) und Docosahexaens\u00e4ure (<strong>DHA<\/strong>) aus Fisch\u00f6l haben folgende in Studien nachgewiesene <strong>positive Eigenschaften<\/strong>:<\/span><\/p>\n<ul>\n<li><span id=\"Senkung_kardiovaskul.C3.A4rer_Risiken\" class=\"mw-headline\">Reduktion <strong>Herz-Kreislauf-bedingter Risiken<\/strong> wie Verbesserung der Gef\u00e4\u00dffunktion, des Blutdruck, Senkung von Entz\u00fcndungsmediatoren und Senkung der Blutfette<\/span><\/li>\n<li><span id=\"Krebs_und_Karzinome\" class=\"mw-headline\">Risikoreduktion bestimmter <strong>Krebsarten<\/strong> wie zum Beispiel k<\/span>olorektales Karzinom und Brustkrebs<\/li>\n<li>Risikominderung altersbedingter Erkrankungen wie <strong>Morbus Alzheimer und Makuladegeneration<\/strong><\/li>\n<li><strong>Modulation von Autoimmunerkrankungen<\/strong> wie rheumatoider Arthritis sowie chronisch entz\u00fcndlicher Darmerkrankungen<\/li>\n<li><span id=\"Aufmerksamkeitsdefizit-.2FHyperaktivit.C3.A4tsst.C3.B6rung\" class=\"mw-headline\">Verbesserung von Aufmerksamkeitsdefizit-\/und Hyperaktivit\u00e4tsst\u00f6rungen (<strong>ADHS<\/strong>)<\/span><\/li>\n<\/ul><\/div><\/div>\n\t\t\t\t\t<\/li><li class=\"pane-wrapper\" style=\"\">\n\t\t\t\t\t<h4 class=\"tab\"><span class=\"inner\">Vitamine<\/span><\/h4>\n\t\t\t\t\t<div class=\"pane\"><div class=\"inner\"><p>Vitamine\u00a0sind unter anderem\u00a0Bestandteile des <strong>antioxodativen Zellschutzsystems<\/strong> und wirken bei zahlreichen <strong>enzymatischen Stoffwechselprozessen<\/strong> mit. Wir unterscheiden <strong>wasserl\u00f6sliche<\/strong> (B-Vitamine und\u00a0Vitamin C) von <strong>fettl\u00f6slichen<\/strong> (Vitamine A, D, E und\u00a0K) Vitaminen.<\/p>\n<p>Insbesondere neuere Entdeckungen um <strong>Vitamin D<\/strong> (Pr\u00e4vention von Diabetes und Krebs) sind zurzeit Inhalt vieler wissenschaftlicher <strong>Studien<\/strong>. Ein <strong>Mangel<\/strong> ist &#8211; auch nach neueren Erkenntnissen des Robert-Koch-Institutes in Berlin &#8211; bei ca. <strong>90% (!)<\/strong> der deutschen Bev\u00f6lkerung nachweisbar.<\/p>\n<p>Vitamin\u00e4hnliche Substanzen (sog. <strong>Vitaminoide<\/strong>) wie beispielsweise <strong>Carnitin<\/strong> werden im\u00a0Energiestoffwechsel und bei der Verbrennung von <strong>Fetts\u00e4uren<\/strong> in den Kraftwerken unserer Zellen (den sog. <strong>Mitochondrien<\/strong>) ben\u00f6tigt.<br \/><\/div><\/div>\n\t\t\t\t\t<\/li><li class=\"pane-wrapper\" style=\"\">\n\t\t\t\t\t<h4 class=\"tab\"><span class=\"inner\">Mineralstoffe und Spurenelemente<\/span><\/h4>\n\t\t\t\t\t<div class=\"pane\"><div class=\"inner\"><p>Essenzielle <strong>Mineralstoffe<\/strong> wie Calcium, Kalium, Magnesium, Phosphor und Natrium regulieren\u00a0unter anderem\u00a0den Wasser- und Elektrolythaushalt, die Nervenfunktion und die Muskelkontraktion. Sie sind am Aufbau der Knochen sowie an der Blutgerinnung beteiligt.<\/p>\n<p><strong>Spurenelemente<\/strong> wie Eisen, Selen, Zink, Kupfer\u00a0und Jod erf\u00fcllen ihre physiologischen Aufgaben vor allem als Bestandteil von Enzymen und Hormonen. <strong>Eisen<\/strong> wird v.a. f\u00fcr die Synthese des <strong>H\u00e4moglobin<\/strong> (roter Blutfarbstoff) ben\u00f6tigt,\u00a0zur Gew\u00e4hrleistung des\u00a0<strong>Sauerstofftransport<\/strong> und -austausches. <strong>Selen und Jod\u00a0<\/strong>sind wichtige Cofaktoren und Inhaltsstoffe bei der Produktion\u00a0unserer <strong>Schilddr\u00fcsenhormone<\/strong>. <strong>Kupfer\u00a0<\/strong>ben\u00f6tigen wir unter anderem in der Atmungskette zur <strong>Energiegewinnung<\/strong>.<br \/><\/div><\/div>\n\t\t\t\t\t<\/li><li class=\"pane-wrapper\" style=\"\">\n\t\t\t\t\t<h4 class=\"tab\"><span class=\"inner\">Antioxidantien<\/span><\/h4>\n\t\t\t\t\t<div class=\"pane\"><div class=\"inner\"><p><strong>Antioxidantien<\/strong> sch\u00fctzen einen gesunden Organismus gegen den Angriff freier Radikale. Entz\u00fcndungen, Umweltgifte oder auch Stress k\u00f6nnen\u00a0unser antioxidatives Systems belasten und zu einem Ungleichgewicht f\u00fchren.<\/p>\n<p>Neben den Vitaminen A,C und E sind vor allem <strong>Glutathion, alpha-Lipons\u00e4ure\u00a0und Ubichinon<\/strong> (Coenzym Q10) zu nennen. <strong>Glutathion<\/strong> kann der K\u00f6rper selbst aus Aminos\u00e4uren bilden, wobei diese in ausreichender Form vorliegen m\u00fcssen. 50% des gesamten <strong>Coenzym Q10<\/strong> befindet sich in den Kraftwerken unserer Zellen (den sog. <strong>Mitochondrien<\/strong>). Dort wirkt es zum einen sch\u00fctzend auf Membrane, ist aber zum Gro\u00dfteil f\u00fcr die Produktion von organischer Energie (<strong>ATP<\/strong>) im Rahmen der Atmungskette zust\u00e4ndig.\u00a0Medikamente wie zum Beispiel <strong>Cholesterinsenker<\/strong> (sog. Statine) st\u00f6ren empfindlich die Synthese von <strong>Coenzym Q10<\/strong>, wobei es h\u00e4ufig zu den\u00a0unter Statinen bekannten Nebenwirkungen wie <strong>Muskelbeschwerden<\/strong> kommen kann.<br \/><\/div><\/div>\n\t\t\t\t\t<\/li><li class=\"pane-wrapper\" style=\"\">\n\t\t\t\t\t<h4 class=\"tab\"><span class=\"inner\">Aminos\u00e4uren<\/span><\/h4>\n\t\t\t\t\t<div class=\"pane\"><div class=\"inner\"><p>Aus den<strong> essentiellen Aminos\u00e4uren<\/strong> wie zum Beispiel Tryptophan, Methionin, Phenylalanin,\u00a0Leucin, Valin und Lysin werden im Organismus Struktur- und Transportproteine, Enzyme, Immunglobuline, Hormone und Neurotransmitter gebildet. Diese Aminos\u00e4uren k\u00f6nnen vom Organsimus <strong>nicht selbst gebildet<\/strong> und m\u00fcssen mit der <strong>Nahrung<\/strong> aufgenommen werden.<\/p>\n<p>Als Ausgangs-Aminos\u00e4ure ist beispielsweise\u00a0<b>Tryptophan<\/b> wichtig f\u00fcr die Bildung von <strong>Serotonin<\/strong>, unserem &#8222;<strong>Gl\u00fcckshormon<\/strong>&#8222;. <strong>Mangel<\/strong> an Serotonin kann Stimmungsschwankungen bis hin zu <strong>Depressionen<\/strong> ausl\u00f6sen. Au\u00dferdem kann ein Mangel\u00a0an Serotonin wiederum \u00fcber die reduzierte Bildung von <strong>Melatonin<\/strong> (&#8222;Schlafhormon&#8220;) <strong>Schlafst\u00f6rungen<\/strong> hervorrufen.<br \/><\/div><\/div>\n\t\t\t\t\t<\/li><\/ul><\/div>\n<div class=\"push\" style='height:95px'><\/div><\/div><\/div>\n<div class=\"push\" style='height:30px'><\/div>\n","protected":false},"excerpt":{"rendered":"<p>Lebensnotwendige Mikron\u00e4hrstoffe Die Entstehung eines Mikron\u00e4hrstoffmangels ist die Folge einer lang andauernden Unterversorgung des Organismus mit essenziellen N\u00e4hrstoffen, an deren Ende charakteristische Krankheitssymptome und irreversible Sch\u00e4den entstehen. Auf den individuellen Bedarf zugeschnitten Die Dosierungen bei der orthomolekularen Therapie liegen deutlich \u00fcber den offiziell empfohlenen Verzehrmengen und sind unter Medizinern und Ern\u00e4hrungsexperten bis heute umstritten. Optimalen&#8230;<\/p>\n","protected":false},"author":5,"featured_media":0,"parent":0,"menu_order":0,"comment_status":"closed","ping_status":"open","template":"","meta":{"footnotes":""},"class_list":["post-8272","page","type-page","status-publish"],"_links":{"self":[{"href":"https:\/\/pfimed.de\/index.php\/wp-json\/wp\/v2\/pages\/8272","targetHints":{"allow":["GET"]}}],"collection":[{"href":"https:\/\/pfimed.de\/index.php\/wp-json\/wp\/v2\/pages"}],"about":[{"href":"https:\/\/pfimed.de\/index.php\/wp-json\/wp\/v2\/types\/page"}],"author":[{"embeddable":true,"href":"https:\/\/pfimed.de\/index.php\/wp-json\/wp\/v2\/users\/5"}],"replies":[{"embeddable":true,"href":"https:\/\/pfimed.de\/index.php\/wp-json\/wp\/v2\/comments?post=8272"}],"version-history":[{"count":61,"href":"https:\/\/pfimed.de\/index.php\/wp-json\/wp\/v2\/pages\/8272\/revisions"}],"predecessor-version":[{"id":9233,"href":"https:\/\/pfimed.de\/index.php\/wp-json\/wp\/v2\/pages\/8272\/revisions\/9233"}],"wp:attachment":[{"href":"https:\/\/pfimed.de\/index.php\/wp-json\/wp\/v2\/media?parent=8272"}],"curies":[{"name":"wp","href":"https:\/\/api.w.org\/{rel}","templated":true}]}}