{"id":8769,"date":"2016-04-03T18:30:52","date_gmt":"2016-04-03T16:30:52","guid":{"rendered":"http:\/\/www.homepage-fuer-firmen.de\/bsp11\/?page_id=8769"},"modified":"2016-10-26T19:30:24","modified_gmt":"2016-10-26T17:30:24","slug":"dmp","status":"publish","type":"page","link":"https:\/\/pfimed.de\/index.php\/dmp\/","title":{"rendered":"Disease Management Programme (DMP)"},"content":{"rendered":"<div class=\"row \"><div class=\"wpv-grid grid-1-3  wpv-first-level first has-background unextended\" style=\"background-color:#fcfde0;padding-top:0px;padding-bottom:0px\" id=\"wpv-column-280553113b1a55baa8a7b6dd47b0a28a\" ><style scoped>#wpv-column-280553113b1a55baa8a7b6dd47b0a28a p,#wpv-column-280553113b1a55baa8a7b6dd47b0a28a em,#wpv-column-280553113b1a55baa8a7b6dd47b0a28a .column-title,#wpv-column-280553113b1a55baa8a7b6dd47b0a28a .sep-text h2.regular-title-wrapper,#wpv-column-280553113b1a55baa8a7b6dd47b0a28a .text-divider-double,#wpv-column-280553113b1a55baa8a7b6dd47b0a28a .sep-text .sep-text-line,#wpv-column-280553113b1a55baa8a7b6dd47b0a28a .sep,#wpv-column-280553113b1a55baa8a7b6dd47b0a28a .sep-2,#wpv-column-280553113b1a55baa8a7b6dd47b0a28a .sep-3,#wpv-column-280553113b1a55baa8a7b6dd47b0a28a td,#wpv-column-280553113b1a55baa8a7b6dd47b0a28a th,#wpv-column-280553113b1a55baa8a7b6dd47b0a28a caption{color:#cad10d;}#wpv-column-280553113b1a55baa8a7b6dd47b0a28a:before{background-color:transparent;}<\/style><div class=\"push\" style='height:30px'><\/div>\n<div class=\"services clearfix fullimage has-image has-icon no-button \" style=\"text-align:center;\">\n\t<div class=\"services-inside\">\n\t\t\t\t\t\t\t\t\t<div class=\"thumbnail\">\n\t\t\t\t\t\t\t\t\t\t\t\t\t\t\t\t\t\t<img decoding=\"async\" src=\"http:\/\/pfimed.de\/wp-content\/uploads\/2016\/03\/lufu_klein.jpg\" alt=\"\" \/>\t\t\t\t\t\t\t\t\t\t\t\t\t\t\t<\/div>\n\t\t\t\t\t\t\t\t\t<div class=\"sep-2\"><\/div>\n\t\t\t\t\t\t\t\t\t\t\t\t\t\t<h3 class=\"services-title\">\n\t\t\t\t\t\t\t\t\tRegelm\u00e4\u00dfige Kontrolle ist wichtig !\t\t\t\t\t\t\t<\/h3>\n\t\t\t\t\t\t\t<div class=\"services-content\">\n<p style=\"text-align: center;\"><span style=\"color: #808080;\">Disease Management Programme (DMP) verbessern durch quartalsm\u00e4\u00dfige bzw. halbj\u00e4hrliche Kontrollen die Versorgung chronisch kranker Patienten.<\/span><\/div>\n\t\t\t\t\t<\/div>\n<\/div>\n\n<div class=\"push\" style='height:25px'><\/div><\/div>\n<div class=\"wpv-grid grid-2-3  wpv-first-level has-background unextended\" style=\"\n\t\t\t\tbackground: url( 'http:\/\/homepage-fuer-firmen.de\/bsp11\/wp-content\/uploads\/2014\/05\/logo-bg1.png' ) no-repeat center center;\n\t\t\t\tbackground-size: cover;\n\t\t\t\tbackground-attachment: ;\n\t\t\tpadding-top:0px;padding-bottom:0px\" id=\"wpv-column-5ee5e823e38ef5be9a6d35205780ba73\" ><h2>Wie kann ich teilnehmen ?<\/h2>\n<p>F\u00fcr Sie als Patient ist die Teilnahme an einem Disease-Management-Programm (DMP) freiwillig und kostenlos. Als Teilnahmevoraussetzung gilt eine gesicherte Diagnose durch den betreuenden Arzt und die Bereitschaft des Patienten, aktiv am DMP teilzunehmen.<\/p>\n<p>Bei folgenden\u00a0Diagnosen ist eine Einschreibung in das entsprechende DMP m\u00f6glich:<\/p>\n<p><strong>&#8211; Diabetes mellitus Typ 2 (Zuckerkrankheit),<br \/>\n&#8211; KHK (Koronare Herzkrankheit),<br \/>\n&#8211; Asthma bronchiale,<br \/>\n&#8211; COPD (Chronisch obstruktive Lungenkrankheit)<\/strong><\/p>\n<p><span style=\"color: #ffffff;\">.<\/span><\/p>\n<h2>Essentiell\u00a0\u00a0ist die Mitarbeit des Patienten !<\/h2>\n<p>Nach Vereinbarung von individuellen Therapiezielen mit dem betreuenden Arzt k\u00f6nnen Patienten beispielsweise an strukturierten Schulungen und Pr\u00e4ventionsangeboten teilnehmen und sollen die <strong>regelm\u00e4\u00dfigen Verlaufskontrollen<\/strong> wahrnehmen.<\/p>\n<p>So werden z.B. &#8211; neben einer Befragung des Patienten nach aktuellen Beschwerden sowie einer gezielten k\u00f6rperlichen Untersuchung &#8211; beim DMP Asthma und COPD regelm\u00e4\u00dfig Funktionspr\u00fcfungen der Lunge und im Rahmen des DMP KHK Belastungs-EKG- und Ruhe-EKG-Untersuchungen durchgef\u00fchrt.<\/p>\n<p>Kommt der Versicherte seiner Verpflichtung zu aktiver Mitarbeit nicht nach, kann er durch die Krankenkasse aus einem Programm ausgeschrieben werden.<\/p>\n<p>F\u00fcr Versicherte ist zur Teilnahme an einem DMP die Unterzeichnung der <strong>Teilnahmeerkl\u00e4rung<\/strong> erforderlich. Damit willigen sie beispielsweise in die Erhebung, Verarbeitung und Nutzung pers\u00f6nlicher und medizinischer Daten ein.<\/p>\n<p>Die <strong>Beendigung<\/strong> der Teilnahme am DMP ist durch die Versicherten<strong> jederzeit und ohne Begr\u00fcndung m\u00f6glich<\/strong>.<\/div><\/div>\n","protected":false},"excerpt":{"rendered":"<p>Wie kann ich teilnehmen ? F\u00fcr Sie als Patient ist die Teilnahme an einem Disease-Management-Programm (DMP) freiwillig und kostenlos. Als Teilnahmevoraussetzung gilt eine gesicherte Diagnose durch den betreuenden Arzt und die Bereitschaft des Patienten, aktiv am DMP teilzunehmen. Bei folgenden\u00a0Diagnosen ist eine Einschreibung in das entsprechende DMP m\u00f6glich: &#8211; Diabetes mellitus Typ 2 (Zuckerkrankheit), &#8211;&#8230;<\/p>\n","protected":false},"author":5,"featured_media":0,"parent":0,"menu_order":0,"comment_status":"closed","ping_status":"closed","template":"","meta":{"footnotes":""},"class_list":["post-8769","page","type-page","status-publish"],"_links":{"self":[{"href":"https:\/\/pfimed.de\/index.php\/wp-json\/wp\/v2\/pages\/8769","targetHints":{"allow":["GET"]}}],"collection":[{"href":"https:\/\/pfimed.de\/index.php\/wp-json\/wp\/v2\/pages"}],"about":[{"href":"https:\/\/pfimed.de\/index.php\/wp-json\/wp\/v2\/types\/page"}],"author":[{"embeddable":true,"href":"https:\/\/pfimed.de\/index.php\/wp-json\/wp\/v2\/users\/5"}],"replies":[{"embeddable":true,"href":"https:\/\/pfimed.de\/index.php\/wp-json\/wp\/v2\/comments?post=8769"}],"version-history":[{"count":19,"href":"https:\/\/pfimed.de\/index.php\/wp-json\/wp\/v2\/pages\/8769\/revisions"}],"predecessor-version":[{"id":9171,"href":"https:\/\/pfimed.de\/index.php\/wp-json\/wp\/v2\/pages\/8769\/revisions\/9171"}],"wp:attachment":[{"href":"https:\/\/pfimed.de\/index.php\/wp-json\/wp\/v2\/media?parent=8769"}],"curies":[{"name":"wp","href":"https:\/\/api.w.org\/{rel}","templated":true}]}}