{"id":8862,"date":"2016-10-13T17:16:07","date_gmt":"2016-10-13T15:16:07","guid":{"rendered":"http:\/\/www.homepage-fuer-firmen.de\/bsp11\/?page_id=8862"},"modified":"2019-12-30T18:59:31","modified_gmt":"2019-12-30T16:59:31","slug":"praeventivmedizin","status":"publish","type":"page","link":"https:\/\/pfimed.de\/index.php\/praeventivmedizin\/","title":{"rendered":"Pr\u00e4ventivmedizin"},"content":{"rendered":"\t\t<div class=\"sep-text single centered\">\n\t\t\t\t\t\t\t<span class=\"sep-text-before\"><div class=\"sep-text-line\"><\/div><\/span>\n\t\t\t\t\t\t<div class=\"content\">\n\t\t\t\t<h2 class=\"text-divider-double\">\nGesundheitsuntersuchung (Check-Up)<\/h2>\t\t\t<\/div>\n\t\t\t<span class=\"sep-text-after\"><div class=\"sep-text-line\"><\/div><\/span>\n\t\t\t\t\t<\/div>\n\t\n<div class=\"row \"><div class=\"wpv-grid grid-3-5  wpv-first-level first unextended\" style=\"padding-top:0px;padding-bottom:0px\" id=\"wpv-column-6b89bb2c5081a29271e2189be085abcf\" ><p>Die <b>Gesundheitsuntersuchung (Check-Up)<\/b>, welche bei jedem Erwachsenen ab 35 alle 3 Jahre und bei 18-35-J\u00e4hrigen einmalig von den gesetzlichen Krankenkassen \u00fcbernommen wird, beinhaltet folgende Leistungen:<\/p>\n<p><strong>&#8211;\u00a0Befragung nach Vorerkrankungen (sog. Anamneseerhebung)<\/strong><\/p>\n<p><strong>&#8211; Urinstreifentest*<\/strong><\/p>\n<p><strong>&#8211;\u00a0Blutuntersuchung auf Blutzucker und Blutfette*<\/strong><\/p>\n<p><strong>&#8211;\u00a0k\u00f6rperliche Untersuchung inkl. Blutdruckmessung, Besprechung und Beratung<\/strong><\/p>\n<p><strong>&#8211; Kontrolle des Impfstatus<\/strong><\/p>\n<p>(*bei 18-35-J\u00e4hrigen nicht routinem\u00e4\u00dfig)<\/p>\n<p>Nicht immer werden alle Erkrankungen durch die Gesundheitsuntersuchung erkannt. Im Rahmen einer <strong>erweiterten Gesundheitsuntersuchung<\/strong> kann es durchaus sinnvoll sein, zus\u00e4tzliche Informationen \u00fcber den Gesundheitszustand zu erhalten. Es stehen unterschiedliche <strong>Untersuchungen<\/strong> zur Verf\u00fcgung, welche in unserer Praxis durchgef\u00fchrt werden k\u00f6nnen.<\/p>\n<p>Diese k\u00f6nnen Sie auf unserem <strong>Pr\u00e4ventiv-Flyer<\/strong> einsehen und downloaden.\u00a0<\/p>\n<p><span style=\"color: #ffffff;\">.<\/span><\/p>\n<p>Download:\u00a0\u00a0\u00a0\u00a0 <a href=\"http:\/\/pfimed.de\/wp-content\/uploads\/2019\/12\/Flyer-Pr\u00e4ventivleistungen.pdf\" target=\"_blank\" rel=\"noopener noreferrer\">Pr\u00e4ventiv Flyer<\/a> \u00a0 \u00a0<\/div>\n<div class=\"wpv-grid grid-2-5  wpv-first-level unextended\" style=\"padding-top:0px;padding-bottom:0px\" id=\"wpv-column-12225dea2872bd746c3ca93996a23196\" ><div class=\"services clearfix fullimage has-image has-icon no-button \" style=\"text-align:center;\">\n\t<div class=\"services-inside\">\n\t\t\t\t\t\t\t\t\t<div class=\"thumbnail\">\n\t\t\t\t\t\t\t\t\t\t\t\t\t\t\t\t\t\t<img decoding=\"async\" src=\"http:\/\/pfimed.de\/wp-content\/uploads\/2016\/10\/Fotolia_69735868_XS.jpg\" alt=\"\" \/>\t\t\t\t\t\t\t\t\t\t\t\t\t\t\t<\/div>\n\t\t\t\t\t\t\t\t\t<div class=\"sep-2\"><\/div>\n\t\t\t\t\t\t\t\t\t\t\t\t\t\t\t\t<div class=\"services-content\">Patienten mit Bluthochdruckerkrankung oder erh\u00f6hten Werten\u00a0sollten regelm\u00e4\u00dfig\u00a0zu Hause\u00a0ihren Blutdruck kontrollieren. Ein Messger\u00e4t kann zu Lasten der Krankenversicherung rezeptiert werden.<\/div>\n\t\t\t\t\t<\/div>\n<\/div>\n<\/div><\/div>\n\t\t<div class=\"sep-text single centered\">\n\t\t\t\t\t\t\t<span class=\"sep-text-before\"><div class=\"sep-text-line\"><\/div><\/span>\n\t\t\t\t\t\t<div class=\"content\">\n\t\t\t\t<h2 class=\"text-divider-double\">\nHautkrebsfr\u00fcherkennung<\/h2>\t\t\t<\/div>\n\t\t\t<span class=\"sep-text-after\"><div class=\"sep-text-line\"><\/div><\/span>\n\t\t\t\t\t<\/div>\n\t\n<div class=\"row \"><div class=\"wpv-grid grid-2-5  wpv-first-level first unextended animation-fade-in animated-active\" style=\"padding-top:0px;padding-bottom:0px\" id=\"wpv-column-ed26279038bd55f28d863da5c1fad102\" ><div class=\"services clearfix fullimage has-image has-icon no-button \" style=\"text-align:center;\">\n\t<div class=\"services-inside\">\n\t\t\t\t\t\t\t\t\t<div class=\"thumbnail\">\n\t\t\t\t\t\t\t\t\t\t\t\t\t\t\t\t\t\t<img decoding=\"async\" src=\"http:\/\/pfimed.de\/wp-content\/uploads\/2016\/10\/Fotolia_47522894_XS.jpg\" alt=\"\" \/>\t\t\t\t\t\t\t\t\t\t\t\t\t\t\t<\/div>\n\t\t\t\t\t\t\t\t\t<div class=\"sep-2\"><\/div>\n\t\t\t\t\t\t\t\t\t\t\t\t\t\t\t\t<div class=\"services-content\">Manchmal ist es erforderlich, Hautver\u00e4nderungen unter der Vergr\u00f6\u00dferung zu betrachten.<\/div>\n\t\t\t\t\t<\/div>\n<\/div>\n<\/div>\n<div class=\"wpv-grid grid-3-5  wpv-first-level unextended\" style=\"padding-top:0px;padding-bottom:0px\" id=\"wpv-column-95d83f79ab3c22e032b4884f738f5d3d\" ><p>Beim <strong>Hautkrebsscreening (HKS)<\/strong>, welches die Kassen ebenfalls ab 35 Jahre zweij\u00e4hrlich erstatten, wird die gesamte sichtbare Haut inkl. Schleimhaut auf m\u00f6gliche b\u00f6sartige Ver\u00e4nderungen und deren Vorstufen untersucht.<\/p>\n<p>Auch hier findet im Vorfeld eine Befragung und im Anschluss an die Untersuchung eine Beratung statt.<\/p>\n<p>Bei Verdacht auf eine entsprechende Hautkrebs-Erkrankung\u00a0\u00fcberweisen wir\u00a0zu einem Facharzt f\u00fcr Hauterkrankungen (<strong>Dermatologe<\/strong>). Dort erfolgt eine erneute Untersuchung und Beurteilung sowie ggf. eine Gewebeentnahme (sog. <strong>Biopsie<\/strong>).<\/p>\n<p><span style=\"color: #ffffff;\">.<\/span><\/p>\n<p>Hier\u00a0finden Sie entsprechende <strong>weiterf\u00fchrende Informationen:<\/strong><\/p>\n<p><a href=\"http:\/\/pfimed.de\/wp-content\/uploads\/2016\/10\/Hautkrebs_Frueherkennung_Flyer.pdf\" target=\"_blank\" rel=\"noopener noreferrer\">Hautkrebs Fr\u00fcherkennung Flyer<\/a><\/p>\n<p><a href=\"http:\/\/pfimed.de\/wp-content\/uploads\/2016\/10\/Patienteninfo_Schwarzer_Hautkrebs_Melanom_16_05_2014.pdf\" target=\"_blank\" rel=\"noopener noreferrer\">Patienteninfo schwarzer Hautkrebs (Melanom)<\/a><\/div><\/div>\n\t\t<div class=\"sep-text single centered\">\n\t\t\t\t\t\t\t<span class=\"sep-text-before\"><div class=\"sep-text-line\"><\/div><\/span>\n\t\t\t\t\t\t<div class=\"content\">\n\t\t\t\t<h2 class=\"text-divider-double\">\nWeitere Krebsvorsorgeuntersuchungen<\/h2>\t\t\t<\/div>\n\t\t\t<span class=\"sep-text-after\"><div class=\"sep-text-line\"><\/div><\/span>\n\t\t\t\t\t<\/div>\n\t\n<div class=\"row \"><div class=\"wpv-grid grid-3-5  wpv-first-level first unextended\" style=\"padding-top:0px;padding-bottom:0px\" id=\"wpv-column-2bdbd459ac7b244f1f718af9e67ebb19\" ><p>Im Rahmen der <strong>Krebsfr\u00fcherkennung beim Mann<\/strong> wird neben den \u00e4u\u00dferlichen m\u00e4nnlichen Genitalien auch mittels digitaler Untersuchung die Prostata und der Enddarm untersucht. Diese Vorsorgeuntersuchung kann ab 45 j\u00e4hrlich als Kassenleistung in Anspruch genommen werden.<\/p>\n<p>Eine zus\u00e4tzliche Blutuntersuchung des sog. <strong>PSA-Wertes<\/strong> (Prostata-spezifisches Antigen) kann die digitale Untersuchung der Prostata nie ersetzen, nur erg\u00e4nzen.<\/p>\n<p>Au\u00dferdem ist bei allen Patienten ab 50 j\u00e4hrlich und ab 55 zweij\u00e4hrlich eine <strong>Stuhluntersuchung auf verstecktes Blut<\/strong> zur Darmkrebsfr\u00fcherkennung m\u00f6glich. Ab 50 beim Mann sowie ab 55 Jahren bei der Frau kann alternativ zur Stuhlstreifenuntersuchung eine <strong>Dickdarmspiegelung<\/strong> (sog. Koloskopie), zum Beispiel beim Internisten, durchgef\u00fchrt werden.<\/p>\n<p><strong>Krebsvorsorgeuntersuchungen der Frau<\/strong> bieten wir in unserer Praxis nicht an, wenden Sie sich hier bitte vertrauensvoll an Ihre Frauen\u00e4rztin \/ Ihren Frauenarzt.<\/p>\n<p><span style=\"color: #ffffff;\">.<\/span><\/p>\n<p>Erg\u00e4nzendes Infomaterial:<\/p>\n<p><a href=\"http:\/\/pfimed.de\/wp-content\/uploads\/2019\/12\/2019-02-20_G-BA_Versicherteninformation_Darmkrebsfrueherkennung_Maenner_bf.pdf\" target=\"_blank\" rel=\"noopener noreferrer\">Darmkrebs Fr\u00fcherkennung Mann<\/a> \u00a0 \u00a0 \u00a0 \u00a0 \u00a0 \u00a0 \u00a0 <a href=\"http:\/\/pfimed.de\/wp-content\/uploads\/2016\/10\/Prostata-Frueherkennung.pdf\" target=\"_blank\" rel=\"noopener noreferrer\">Prostata Fr\u00fcherkennung<\/a> \u00a0 \u00a0 \u00a0 \u00a0\u00a0<\/p>\n<p><a href=\"http:\/\/pfimed.de\/wp-content\/uploads\/2019\/12\/kbvFlyerVorsorge.pdf\" target=\"_blank\" rel=\"noopener noreferrer\">KBV Flyer Vorsorge allgemein<\/a> \u00a0 \u00a0 \u00a0 \u00a0 \u00a0 \u00a0 \u00a0 <a href=\"http:\/\/pfimed.de\/wp-content\/uploads\/2019\/12\/2019-02-20_G-BA_Versicherteninformation_Darmkrebsfrueherkennung_Frauen_bf.pdf\" target=\"_blank\" rel=\"noopener noreferrer\">Darmkrebs Fr\u00fcherkennung Frau<\/a><\/p>\n<p><a href=\"http:\/\/pfimed.de\/wp-content\/uploads\/2019\/12\/2018-11-22_G-BA_Versicherteninformation_Geba\u0308rmutterhalskrebsscreening_Frauen_20-34_bf_WZ.pdf\" target=\"_blank\" rel=\"noopener noreferrer\">Fr\u00fcherkennung Zervixkarzinom der Frau (20-34 Jahre)<\/a><\/p>\n<p><a href=\"http:\/\/pfimed.de\/wp-content\/uploads\/2019\/12\/2018-11-22_G-BA_Versicherteninformation_Geba\u0308rmutterhalskrebsscreening_Frauen_ab_35_bf_WZ.pdf\" target=\"_blank\" rel=\"noopener noreferrer\">Fr\u00fcherkennung Zervixkarzinom der Frau (ab 35 Jahre)<\/a><\/div>\n<div class=\"wpv-grid grid-2-5  wpv-first-level unextended animation-fade-in animated-active\" style=\"padding-top:0px;padding-bottom:0px\" id=\"wpv-column-0fe87e66c4a08b8205da75da306cd306\" ><div class=\"services clearfix fullimage has-image has-icon no-button \" style=\"text-align:justify;\">\n\t<div class=\"services-inside\">\n\t\t\t\t\t\t\t\t\t<div class=\"thumbnail\">\n\t\t\t\t\t\t\t\t\t\t\t\t\t\t\t\t\t\t<img decoding=\"async\" src=\"http:\/\/pfimed.de\/wp-content\/uploads\/2016\/10\/Fotolia_53805306_XS.jpg\" alt=\"\" \/>\t\t\t\t\t\t\t\t\t\t\t\t\t\t\t<\/div>\n\t\t\t\t\t\t\t\t\t<div class=\"sep-2\"><\/div>\n\t\t\t\t\t\t\t\t\t\t\t\t\t\t\t\t<div class=\"services-content\">An einem b\u00f6sartigen Tumor der Vorsteherdr\u00fcse erkrankten 2010 in Deutschland rund 65.800 M\u00e4nner. Prostatakrebs ist bei ihnen damit die h\u00e4ufigste Krebserkrankung. Etwa 12.000 starben im gleichen Jahr an der Erkrankung.<\/div>\n\t\t\t\t\t<\/div>\n<\/div>\n<\/div><\/div>\n\t\t<div class=\"sep-text single centered\">\n\t\t\t\t\t\t\t<span class=\"sep-text-before\"><div class=\"sep-text-line\"><\/div><\/span>\n\t\t\t\t\t\t<div class=\"content\">\n\t\t\t\t<h2 class=\"text-divider-double\">\nKinder- und Jugendvorsorgeuntersuchungen<\/h2>\t\t\t<\/div>\n\t\t\t<span class=\"sep-text-after\"><div class=\"sep-text-line\"><\/div><\/span>\n\t\t\t\t\t<\/div>\n\t\n<div class=\"row \"><div class=\"wpv-grid grid-2-5  wpv-first-level first unextended animation-fade-in animated-active\" style=\"padding-top:0px;padding-bottom:0px\" id=\"wpv-column-271c7a4729c55ee224c19d4506dc2e65\" ><div class=\"services clearfix fullimage has-image has-icon no-button \" style=\"text-align:center;\">\n\t<div class=\"services-inside\">\n\t\t\t\t\t\t\t\t\t<div class=\"thumbnail\">\n\t\t\t\t\t\t\t\t\t\t\t\t\t\t\t\t\t\t<img decoding=\"async\" src=\"http:\/\/pfimed.de\/wp-content\/uploads\/2016\/10\/Fotolia_102908626_XS.jpg\" alt=\"\" \/>\t\t\t\t\t\t\t\t\t\t\t\t\t\t\t<\/div>\n\t\t\t\t\t\t\t\t\t<div class=\"sep-2\"><\/div>\n\t\t\t\t\t\t\t\t\t\t\t\t\t\t\t\t<div class=\"services-content\">Durch Vorsorgeuntersuchungen bei Kindern und Jugendlichen\u00a0k\u00f6nnen bereits fr\u00fchzeitig Abweichungen im Gesundheitszustand erkannt werden<\/div>\n\t\t\t\t\t<\/div>\n<\/div>\n<\/div>\n<div class=\"wpv-grid grid-3-5  wpv-first-level unextended\" style=\"padding-top:0px;padding-bottom:0px\" id=\"wpv-column-7e8060fb3604646e07de626c13b7b20c\" ><p>Als <strong>Vorsorgeuntersuchungen f\u00fcr Kinder<\/strong> bieten wir in der Praxis an:<\/p>\n<p>&#8211; U7 (vom 21.\u201324. Lebensmonat),<\/p>\n<p>&#8211; U8 (vom 46.\u201348. Lebensmonat),<\/p>\n<p>&#8211; U9 (60.\u201364. Lebensmonat)<\/p>\n<p><span style=\"color: #ffffff;\">.<\/span><\/p>\n<p>Der\u00a0<strong>CHECK-UP J1<\/strong> ist f\u00fcr\u00a0Jugendliche zwischen 12 und 14 Jahren gedacht.<\/p>\n<p>Alle anderen Vorsorgeuntersuchungen sollten beim Kinder- \/ Jugendfacharzt wahrgenommen werden.<\/p>\n<p><span style=\"color: #ffffff;\">.<\/span><\/p>\n<p>Erg\u00e4nzendes Infomaterial:<\/p>\n<p><a href=\"http:\/\/pfimed.de\/wp-content\/uploads\/2016\/10\/Flyer_J1.pdf\" target=\"_blank\" rel=\"noopener noreferrer\">Info-Flyer J1<\/a>\u00a0\u00a0\u00a0\u00a0\u00a0\u00a0\u00a0\u00a0\u00a0\u00a0\u00a0\u00a0\u00a0 <a href=\"http:\/\/pfimed.de\/wp-content\/uploads\/2016\/10\/Kinderuntersuchungsheft.pdf\" target=\"_blank\" rel=\"noopener noreferrer\">Kinderuntersuchungsheft<\/a><\/div><\/div>\n\t\t<div class=\"sep-text single centered\">\n\t\t\t\t\t\t\t<span class=\"sep-text-before\"><div class=\"sep-text-line\"><\/div><\/span>\n\t\t\t\t\t\t<div class=\"content\">\n\t\t\t\t<h2 class=\"text-divider-double\">\nImpfungen und Reiseimpfungen<\/h2>\t\t\t<\/div>\n\t\t\t<span class=\"sep-text-after\"><div class=\"sep-text-line\"><\/div><\/span>\n\t\t\t\t\t<\/div>\n\t\n<div class=\"row \"><div class=\"wpv-grid grid-3-5  wpv-first-level first unextended\" style=\"padding-top:0px;padding-bottom:0px\" id=\"wpv-column-01ecefa441844f963e9b78f3898b858c\" ><p>Zum Thema Impfungen findet man\u00a0derzeit weltweit viele <strong>verschiedene Meinungsbildungen<\/strong>. Als kassen\u00e4rztlich t\u00e4tige \u00c4rzte sind wir dazu verpflichtet, auf die Vor- und Nachteile einer Impfung hinzuweisen und die Empfehlungen des <strong>Robert-Koch-Institutes (RKI)<\/strong> weiterzugeben, allerdings sind wir auch offen f\u00fcr <strong>individuelle<\/strong> Impfstrategien.<\/p>\n<p>\u00dcbrigens macht es immer Sinn, zu den Pr\u00e4ventivuntersuchungen den <strong>Impfpass<\/strong> zur Kontrolle mitzubringen, oft sind <strong>Auffrischungsimpfungen<\/strong> (z.B. Tetanus) erforderlich.<\/p>\n<p><strong>Reiseimpfungen bzw. -beratungen<\/strong> geh\u00f6ren nicht zum Leistungskatalog der gesetzlichen Krankenkassen und werden privat nach Geb\u00fchrenordnung der \u00c4rzte (GO\u00c4) berechnet.<\/p>\n<p><span style=\"color: #ffffff;\">.<\/span><\/p>\n<p>Downloads zum Thema Impfen:<\/p>\n<p><a href=\"http:\/\/pfimed.de\/wp-content\/uploads\/2019\/12\/kbvFlyerImpfen.pdf\" target=\"_blank\" rel=\"noopener noreferrer\">KBV Flyer Impfen<\/a><\/p>\n<p><a href=\"http:\/\/pfimed.de\/wp-content\/uploads\/2016\/10\/Pat_Info_Masern_Kinder.pdf\" target=\"_blank\" rel=\"noopener noreferrer\">Info Masernimpfung Kinder<\/a>\u00a0\u00a0\u00a0\u00a0 \u00a0 \u00a0\u00a0\u00a0 <a href=\"http:\/\/pfimed.de\/wp-content\/uploads\/2016\/10\/Masern_Nachholimpfung.pdf\" target=\"_blank\" rel=\"noopener noreferrer\">Masern Nachholimpfung<\/a>\u00a0\u00a0\u00a0\u00a0\u00a0\u00a0 \u00a0\u00a0 <a href=\"http:\/\/pfimed.de\/wp-content\/uploads\/2016\/10\/Masern_Schutzimpfung.pdf\" target=\"_blank\" rel=\"noopener noreferrer\">Masern Schutzimpfung<\/a><\/p>\n<p><a href=\"http:\/\/pfimed.de\/wp-content\/uploads\/2016\/10\/Patienteninformation_Grippeschutzimpfung.pdf\" target=\"_blank\" rel=\"noopener noreferrer\">Patienteninformation Grippeschutzimpfung<\/a><\/div>\n<div class=\"wpv-grid grid-2-5  wpv-first-level unextended animation-fade-in animated-active\" style=\"padding-top:0px;padding-bottom:0px\" id=\"wpv-column-44ba2b533461746885d42c11a62c90ce\" ><div class=\"services clearfix fullimage has-image has-icon no-button \" style=\"text-align:center;\">\n\t<div class=\"services-inside\">\n\t\t\t\t\t\t\t\t\t<div class=\"thumbnail\">\n\t\t\t\t\t\t\t\t\t\t\t\t\t\t\t\t\t\t<img decoding=\"async\" src=\"http:\/\/pfimed.de\/wp-content\/uploads\/2016\/10\/Fotolia_54086007_XS.jpg\" alt=\"\" \/>\t\t\t\t\t\t\t\t\t\t\t\t\t\t\t<\/div>\n\t\t\t\t\t\t\t\t\t<div class=\"sep-2\"><\/div>\n\t\t\t\t\t\t\t\t\t\t\t\t\t\t\t\t<div class=\"services-content\">Bitte \u00fcberpr\u00fcfen Sie Ihren Impfausweis, wir helfen ihnen gerne weiter! Eine Tetanus-Auffrischungsimpfung sollte z.B. alle 10 Jahre erfolgen.<br \/><\/div>\n\t\t\t\t\t<\/div>\n<\/div>\n<\/div><\/div>\n\n\n<p><\/p>\n","protected":false},"excerpt":{"rendered":"<p>Die Gesundheitsuntersuchung (Check-Up), welche bei jedem Erwachsenen ab 35 alle 3 Jahre und bei 18-35-J\u00e4hrigen einmalig von den gesetzlichen Krankenkassen \u00fcbernommen wird, beinhaltet folgende Leistungen: &#8211;\u00a0Befragung nach Vorerkrankungen (sog. Anamneseerhebung) &#8211; Urinstreifentest* &#8211;\u00a0Blutuntersuchung auf Blutzucker und Blutfette* &#8211;\u00a0k\u00f6rperliche Untersuchung inkl. Blutdruckmessung, Besprechung und Beratung &#8211; Kontrolle des Impfstatus (*bei 18-35-J\u00e4hrigen nicht routinem\u00e4\u00dfig) Nicht immer werden&#8230;<\/p>\n","protected":false},"author":5,"featured_media":0,"parent":0,"menu_order":0,"comment_status":"closed","ping_status":"open","template":"","meta":{"footnotes":""},"class_list":["post-8862","page","type-page","status-publish"],"_links":{"self":[{"href":"https:\/\/pfimed.de\/index.php\/wp-json\/wp\/v2\/pages\/8862","targetHints":{"allow":["GET"]}}],"collection":[{"href":"https:\/\/pfimed.de\/index.php\/wp-json\/wp\/v2\/pages"}],"about":[{"href":"https:\/\/pfimed.de\/index.php\/wp-json\/wp\/v2\/types\/page"}],"author":[{"embeddable":true,"href":"https:\/\/pfimed.de\/index.php\/wp-json\/wp\/v2\/users\/5"}],"replies":[{"embeddable":true,"href":"https:\/\/pfimed.de\/index.php\/wp-json\/wp\/v2\/comments?post=8862"}],"version-history":[{"count":59,"href":"https:\/\/pfimed.de\/index.php\/wp-json\/wp\/v2\/pages\/8862\/revisions"}],"predecessor-version":[{"id":9960,"href":"https:\/\/pfimed.de\/index.php\/wp-json\/wp\/v2\/pages\/8862\/revisions\/9960"}],"wp:attachment":[{"href":"https:\/\/pfimed.de\/index.php\/wp-json\/wp\/v2\/media?parent=8862"}],"curies":[{"name":"wp","href":"https:\/\/api.w.org\/{rel}","templated":true}]}}