{"id":8944,"date":"2016-10-14T18:51:37","date_gmt":"2016-10-14T16:51:37","guid":{"rendered":"http:\/\/www.homepage-fuer-firmen.de\/bsp11\/?page_id=8944"},"modified":"2019-12-28T10:17:01","modified_gmt":"2019-12-28T08:17:01","slug":"laborleistungen","status":"publish","type":"page","link":"https:\/\/pfimed.de\/index.php\/laborleistungen\/","title":{"rendered":"Laborleistungen"},"content":{"rendered":"<div class=\"row \"><div class=\"wpv-grid grid-1-3  wpv-first-level first has-background unextended\" style=\"background-color:#fcfde0;padding-top:0px;padding-bottom:0px\" id=\"wpv-column-4e3b6586b66864d776209abd1085b242\" ><style scoped>#wpv-column-4e3b6586b66864d776209abd1085b242 p,#wpv-column-4e3b6586b66864d776209abd1085b242 em,#wpv-column-4e3b6586b66864d776209abd1085b242 .column-title,#wpv-column-4e3b6586b66864d776209abd1085b242 .sep-text h2.regular-title-wrapper,#wpv-column-4e3b6586b66864d776209abd1085b242 .text-divider-double,#wpv-column-4e3b6586b66864d776209abd1085b242 .sep-text .sep-text-line,#wpv-column-4e3b6586b66864d776209abd1085b242 .sep,#wpv-column-4e3b6586b66864d776209abd1085b242 .sep-2,#wpv-column-4e3b6586b66864d776209abd1085b242 .sep-3,#wpv-column-4e3b6586b66864d776209abd1085b242 td,#wpv-column-4e3b6586b66864d776209abd1085b242 th,#wpv-column-4e3b6586b66864d776209abd1085b242 caption{color:#cad10d;}#wpv-column-4e3b6586b66864d776209abd1085b242:before{background-color:transparent;}<\/style><div class=\"push\" style='height:30px'><\/div>\n<div class=\"services clearfix fullimage has-image has-icon no-button \" style=\"text-align:center;\">\n\t<div class=\"services-inside\">\n\t\t\t\t\t\t\t\t\t<div class=\"thumbnail\">\n\t\t\t\t\t\t\t\t\t\t\t\t\t\t\t\t\t\t<img decoding=\"async\" src=\"http:\/\/pfimed.de\/wp-content\/uploads\/2016\/03\/slider_leistungen2.jpg\" alt=\"\" \/>\t\t\t\t\t\t\t\t\t\t\t\t\t\t\t<\/div>\n\t\t\t\t\t\t\t\t\t<div class=\"sep-2\"><\/div>\n\t\t\t\t\t\t\t\t\t\t\t\t\t\t<h3 class=\"services-title\">\n\t\t\t\t\t\t\t\t\tSchnelle Ergebnisse online\t\t\t\t\t\t\t<\/h3>\n\t\t\t\t\t\t\t<div class=\"services-content\">\n<\/div>\n\t\t\t\t\t<\/div>\n<\/div>\n\n<div class=\"push\" style='height:25px'><\/div><\/div>\n<div class=\"wpv-grid grid-2-3  wpv-first-level unextended\" style=\"padding-top:0px;padding-bottom:0px\" id=\"wpv-column-0a26668bef0f03db23ea541a91be9447\" ><p style=\"text-align: left;\">\n<p><strong>Blutentnahmen<\/strong> f\u00fcr entsprechende Laboranalysen f\u00fchren wir routinem\u00e4\u00dfig in der Praxis durch.<\/p>\n<p>Bei akuten sowie chronischen Erkrankungen, im Rahmen bestimmter Disease Management Programme (DMP) sowie unter medikament\u00f6ser Therapie sind <strong>regelm\u00e4\u00dfige Kontrollen<\/strong> der Blutwerte erforderlich.<\/p>\n<p>Durch Zusammenarbeit mit <strong>zertifizierten Laboren i<\/strong>n Mainz, Berlin und Augsburg gew\u00e4hrleisten wir rasche und valide Ergebnisse in kurzer Zeit.<\/p>\n<p>Auch <strong>spezielle Laborparameter<\/strong> sind messbar. Analysen von Mikron\u00e4hrstoffen, Spurenelementen und Vitaminen sowie spezifische Parameter im Rahmen chronischer Erkrankungen (wie z.B. Allergie, Krebs, Borreliose, umweltassoziierten Erkrankungen) werden regelm\u00e4\u00dfig durchgef\u00fchrt. Lesen Sie hierzu auch unsere Seite <a href=\"http:\/\/pfimed.de\/index.php\/orthomolekulare-medizin\/\">Orthomolekulare Medizin<\/a>.<\/div><\/div>\n","protected":false},"excerpt":{"rendered":"<p>Blutentnahmen f\u00fcr entsprechende Laboranalysen f\u00fchren wir routinem\u00e4\u00dfig in der Praxis durch. Bei akuten sowie chronischen Erkrankungen, im Rahmen bestimmter Disease Management Programme (DMP) sowie unter medikament\u00f6ser Therapie sind regelm\u00e4\u00dfige Kontrollen der Blutwerte erforderlich. Durch Zusammenarbeit mit zertifizierten Laboren in Mainz, Berlin und Augsburg gew\u00e4hrleisten wir rasche und valide Ergebnisse in kurzer Zeit. Auch spezielle Laborparameter&#8230;<\/p>\n","protected":false},"author":5,"featured_media":0,"parent":0,"menu_order":0,"comment_status":"closed","ping_status":"closed","template":"","meta":{"footnotes":""},"class_list":["post-8944","page","type-page","status-publish"],"_links":{"self":[{"href":"https:\/\/pfimed.de\/index.php\/wp-json\/wp\/v2\/pages\/8944","targetHints":{"allow":["GET"]}}],"collection":[{"href":"https:\/\/pfimed.de\/index.php\/wp-json\/wp\/v2\/pages"}],"about":[{"href":"https:\/\/pfimed.de\/index.php\/wp-json\/wp\/v2\/types\/page"}],"author":[{"embeddable":true,"href":"https:\/\/pfimed.de\/index.php\/wp-json\/wp\/v2\/users\/5"}],"replies":[{"embeddable":true,"href":"https:\/\/pfimed.de\/index.php\/wp-json\/wp\/v2\/comments?post=8944"}],"version-history":[{"count":10,"href":"https:\/\/pfimed.de\/index.php\/wp-json\/wp\/v2\/pages\/8944\/revisions"}],"predecessor-version":[{"id":9781,"href":"https:\/\/pfimed.de\/index.php\/wp-json\/wp\/v2\/pages\/8944\/revisions\/9781"}],"wp:attachment":[{"href":"https:\/\/pfimed.de\/index.php\/wp-json\/wp\/v2\/media?parent=8944"}],"curies":[{"name":"wp","href":"https:\/\/api.w.org\/{rel}","templated":true}]}}