{"id":8948,"date":"2016-10-14T18:55:09","date_gmt":"2016-10-14T16:55:09","guid":{"rendered":"http:\/\/www.homepage-fuer-firmen.de\/bsp11\/?page_id=8948"},"modified":"2020-12-28T18:39:11","modified_gmt":"2020-12-28T16:39:11","slug":"internistische_diagnostik","status":"publish","type":"page","link":"https:\/\/pfimed.de\/index.php\/internistische_diagnostik\/","title":{"rendered":"Internistische Diagnostik"},"content":{"rendered":"<div class=\"row \"><div class=\"wpv-grid grid-1-3  wpv-first-level first unextended animation-from-left animated-active\" style=\"padding-top:0px;padding-bottom:0px\" id=\"wpv-column-a92b0001f74b89ccd37c65fd8e87d8f5\" ><div class=\"services clearfix fullimage has-image has-icon no-button \" style=\"text-align:center;\">\n\t<div class=\"services-inside\">\n\t\t\t\t\t\t\t\t\t<div class=\"thumbnail\">\n\t\t\t\t\t\t\t\t\t\t\t\t\t\t\t\t\t\t<img decoding=\"async\" src=\"http:\/\/pfimed.de\/wp-content\/uploads\/2014\/05\/sportmedizin1.jpg\" alt=\"\" \/>\t\t\t\t\t\t\t\t\t\t\t\t\t\t\t<\/div>\n\t\t\t\t\t\t\t\t\t<div class=\"sep-2\"><\/div>\n\t\t\t\t\t\t\t\t\t\t\t\t\t\t<h3 class=\"services-title\">\n\t\t\t\t\t\t\t\t\tEKG, Langzeit-EKG &amp; Belastungs-EKG\t\t\t\t\t\t\t<\/h3>\n\t\t\t\t\t\t\t<div class=\"services-content\">\nEine <strong>Ruhe-EKG-Untersuchung<\/strong> kann Hinweise f\u00fcr eine <strong>Herzrhythmusst\u00f6rung oder Durchblutungsst\u00f6rung<\/strong> (Herzkranzgef\u00e4\u00dfverengung) anzeigen. Sie wird z.B.\u00a0routinem\u00e4\u00dfig bei Patienten, welche ins Disease Management Programm (DMP) KHK eingeschrieben oder bei Patienten mit Bluthochdruck\u00a0durchgef\u00fchrt.<\/p>\n<p>Mit unserem <strong>Langzeit-EKG-Rekorder<\/strong> k\u00f6nnen Aufzeichnungen <strong>bis zu 24 Stunden<\/strong> registriert und somit auch intermittierende <strong>Herzrhythmusst\u00f6rungen<\/strong> erfasst werden. Die <strong>Auswertung<\/strong> erfolgt extern in\u00a0einer internistischen Praxis.<\/p>\n<p>Beim <strong>Belastungs-EKG (sog. Ergometrie)<\/strong> wird im Rahmen zunehmender Belastungsstufen auf einem <strong>Fahrradergometer <\/strong>die Untersuchung der Belastbarkeit sowie m\u00f6gliche belastungsabh\u00e4ngige Ver\u00e4nderungen des Blutdruckverhaltens, der Herzfrequenz, m\u00f6glicher Herzrhythmusst\u00f6rungen und Durchblutungsst\u00f6rungen der Herzkranzgef\u00e4\u00dfe durchgef\u00fchrt. Eine Kombination mit einer <strong>Laktatuntersuchung<\/strong> (Milchs\u00e4ure) zur Trainingssteuerung sowie Messung der <strong>Sauerstoffs\u00e4ttigung (SpO2)<\/strong> ist m\u00f6glich.<br \/>\n<\/div>\n\t\t\t\t\t<\/div>\n<\/div>\n<\/div>\n<div class=\"wpv-grid grid-1-3  wpv-first-level unextended\" style=\"padding-top:0px;padding-bottom:0px\" id=\"wpv-column-226bc3970f3292689e6d342f40742159\" ><div class=\"services clearfix fullimage has-image has-icon no-button \" style=\"text-align:center;\">\n\t<div class=\"services-inside\">\n\t\t\t\t\t\t\t\t\t<div class=\"thumbnail\">\n\t\t\t\t\t\t\t\t\t\t\t\t\t\t\t\t\t\t<img decoding=\"async\" src=\"http:\/\/pfimed.de\/wp-content\/uploads\/2016\/03\/lufu_klein.jpg\" alt=\"\" \/>\t\t\t\t\t\t\t\t\t\t\t\t\t\t\t<\/div>\n\t\t\t\t\t\t\t\t\t<div class=\"sep-2\"><\/div>\n\t\t\t\t\t\t\t\t\t\t\t\t\t\t<h3 class=\"services-title\">\n\t\t\t\t\t\t\t\t\tLungenfunktionspr\u00fcfung &amp; Langzeit-Blutdruckmessung\t\t\t\t\t\t\t<\/h3>\n\t\t\t\t\t\t\t<div class=\"services-content\">\n<strong><b>Lungenerkrankungen <\/b><\/strong>stehen neben <b>Herz-Kreislauferkrankungen<\/b> an f\u00fchrender Stelle der Todesursachen in Deutschland. Um fr\u00fchzeitige St\u00f6rungen festzustellen ist\u00a0die <strong>Lungenfunktionspr\u00fcfung<\/strong> eine schnell und einfach durchzuf\u00fchrende Untersuchung.<\/p>\n<p>Bei dieser Messung atmet der Patient nach Anweisung\u00a0durch ein spezielles Mundst\u00fcck ein und aus. Es werden dabei die <strong>Lungenvolumina und der Atemwegswiderstand<\/strong> gemessen. Zus\u00e4tzlich kann eine Kontrolle nach medikament\u00f6ser Therapie mit Salbutamol (sog. <strong>Bronchospasmolysetest<\/strong>) durchgef\u00fchrt werden. Nach entsprechender Auswertung sind R\u00fcckschl\u00fcsse auf <strong>bestimmte Erkrankungen wie z.B. Asthma bronchiale oder COPD<\/strong> (chronisch obstruktive Lungenkrankheit) m\u00f6glich.<\/p>\n<p>Auch bei <strong>Rauchern<\/strong> hat sich diese Untersuchung bew\u00e4hrt. Gerade im Fr\u00fchstadium einer obstruktiven Lungenkrankheit kann sich, nach Einstellen des Rauchens, eine Verbesserung der Lungenfunktion einstellen.<\/p>\n<p>Zur Aufdeckung und Therapiekontrolle von <strong>Bluthochdruckerkrankungen<\/strong> (sog. arterielle Hypertonie) ist es sinnvoll, neben der h\u00e4uslichen Blutdruckmessung, eine <strong>24-Stunden-Blutdruckmessung\u00a0<\/strong>durchzuf\u00fchren.\u00a0Meist kann die <strong>Einstellung<\/strong> des Bluthochdrucks mit Medikamenten &#8211;\u00a0neben <strong>allgemeinen Ma\u00dfnahmen<\/strong> wie z.B. Gewichtsregulation, ausgewogener Ern\u00e4hrung, Bewegungstherapie und Anwendung von Entspannungsverfahren &#8211; dadurch deutlich verbessert werden.<br \/>\n<\/div>\n\t\t\t\t\t<\/div>\n<\/div>\n<\/div>\n<div class=\"wpv-grid grid-1-3  wpv-first-level unextended animation-from-right animated-active\" style=\"padding-top:0px;padding-bottom:0px\" id=\"wpv-column-2693eb1518e266ce0e7942ac9750cdc1\" ><div class=\"services clearfix fullimage has-image has-icon no-button \" style=\"text-align:center;\">\n\t<div class=\"services-inside\">\n\t\t\t\t\t\t\t\t\t<div class=\"thumbnail\">\n\t\t\t\t\t\t\t\t\t\t\t\t\t\t\t\t\t\t<img decoding=\"async\" src=\"http:\/\/pfimed.de\/wp-content\/uploads\/2014\/05\/vorsorge400.jpg\" alt=\"\" \/>\t\t\t\t\t\t\t\t\t\t\t\t\t\t\t<\/div>\n\t\t\t\t\t\t\t\t\t<div class=\"sep-2\"><\/div>\n\t\t\t\t\t\t\t\t\t\t\t\t\t\t<h3 class=\"services-title\">\n\t\t\t\t\t\t\t\t\tUltraschalluntersuchungen\t\t\t\t\t\t\t<\/h3>\n\t\t\t\t\t\t\t<div class=\"services-content\">\nSonographische Untersuchungen <strong>(Ultraschall)<\/strong> sind die mit am H\u00e4ufigsten durchgef\u00fchrten Untersuchungen in unserer Praxis.\u00a0Sie sind\u00a0<strong>schmerzfrei<\/strong> und man\u00a0gewinnt schnell Einblick in sonst schwer erreichbare Organsysteme.<\/p>\n<p>Beim <strong>Ultraschall der Schilddr\u00fcse<\/strong> wird diese ausgemessen und nach Ver\u00e4nderungen wie z.B. <strong>Knoten oder\u00a0Zysten<\/strong> gezielt gesucht. Auch unter einer schilddr\u00fcsenspezifischen Medikation (z.B. im Rahmen einer \u00dcber- oder Unterfunktion) sollte regelm\u00e4\u00dfig die Schilddr\u00fcse serologisch (Blutentnahme) und sonographisch <strong>kontrolliert<\/strong> werden.<\/p>\n<p>Zur Erkennung von Ver\u00e4nderungen im<strong> Bauchraum (Abdomen)<\/strong> wie z.B. der Leber, Gallenblase, Bauchspeicheldr\u00fcse, Bauchschlagader (Aorta) oder der Nieren ist der Ultraschall genauso gut geeignet. Oft erleichtert es uns dabei, wenn Sie <strong>n\u00fcchtern<\/strong> zur Untersuchung kommen.<\/p>\n<p>Durch eine sonographische <strong>Darstellung der inneren Schicht der Halsgef\u00e4\u00dfe <\/strong>(sog. IMD-Messung)\u00a0kann\u00a0die H\u00f6he des \u00a0<strong>Schlaganfall- und Herzinfarktrisikos<\/strong> abgesch\u00e4tzt werden. Diese spezielle Art der Untersuchung wird allerdings nicht von den gesetzlichen Krankenkassen \u00fcbernommen.<br \/>\n<\/div>\n\t\t\t\t\t<\/div>\n<\/div>\n<\/div><\/div>\n<div class=\"push\" style='height:30px'><\/div>\n","protected":false},"excerpt":{"rendered":"","protected":false},"author":5,"featured_media":0,"parent":0,"menu_order":0,"comment_status":"closed","ping_status":"open","template":"","meta":{"footnotes":""},"class_list":["post-8948","page","type-page","status-publish"],"_links":{"self":[{"href":"https:\/\/pfimed.de\/index.php\/wp-json\/wp\/v2\/pages\/8948","targetHints":{"allow":["GET"]}}],"collection":[{"href":"https:\/\/pfimed.de\/index.php\/wp-json\/wp\/v2\/pages"}],"about":[{"href":"https:\/\/pfimed.de\/index.php\/wp-json\/wp\/v2\/types\/page"}],"author":[{"embeddable":true,"href":"https:\/\/pfimed.de\/index.php\/wp-json\/wp\/v2\/users\/5"}],"replies":[{"embeddable":true,"href":"https:\/\/pfimed.de\/index.php\/wp-json\/wp\/v2\/comments?post=8948"}],"version-history":[{"count":12,"href":"https:\/\/pfimed.de\/index.php\/wp-json\/wp\/v2\/pages\/8948\/revisions"}],"predecessor-version":[{"id":10128,"href":"https:\/\/pfimed.de\/index.php\/wp-json\/wp\/v2\/pages\/8948\/revisions\/10128"}],"wp:attachment":[{"href":"https:\/\/pfimed.de\/index.php\/wp-json\/wp\/v2\/media?parent=8948"}],"curies":[{"name":"wp","href":"https:\/\/api.w.org\/{rel}","templated":true}]}}