{"id":8980,"date":"2016-10-15T14:39:55","date_gmt":"2016-10-15T12:39:55","guid":{"rendered":"http:\/\/www.homepage-fuer-firmen.de\/bsp11\/?page_id=8980"},"modified":"2020-12-28T16:35:26","modified_gmt":"2020-12-28T14:35:26","slug":"schroepfen_triggerpunktakupunktur","status":"publish","type":"page","link":"https:\/\/pfimed.de\/index.php\/schroepfen_triggerpunktakupunktur\/","title":{"rendered":"Schr\u00f6pfen"},"content":{"rendered":"<div class=\"row \"><div class=\"wpv-grid grid-2-3  wpv-first-level first has-background unextended\" style=\"\n\t\t\t\tbackground: url( 'http:\/\/homepage-fuer-firmen.de\/bsp11\/wp-content\/uploads\/2014\/05\/logo-bg1.png' ) no-repeat center center;\n\t\t\t\tbackground-size: cover;\n\t\t\t\tbackground-attachment: ;\n\t\t\tpadding-top:0px;padding-bottom:0px\" id=\"wpv-column-8c5599199d6e61e7bcef15192cdb7b69\" ><h2>Was\u00a0bedeutet Schr\u00f6pfen ?<\/h2>\n<p>Beim <strong>Schr\u00f6pfen<\/strong> wird im Bereich der\u00a0Haut ein <strong>Unterdruck<\/strong> erzeugt, worauf es zu einer <strong>Mehrdurchblutung<\/strong> des Areals kommt. Dies hat zum Einen direkte l\u00f6sende\u00a0Wirkung auf verspannte Muskeln und schmerzhafte Muskel-\/Sehnenansatzpunkte (sog. <strong>Triggerpunkte<\/strong>), zum\u00a0Anderen kann es reflektorisch \u00fcber die sog. <strong>Head\u00b4schen Zonen<\/strong> zu positiver\u00a0Beeinflussung innerer\u00a0Organe kommen.<\/p>\n<p><span style=\"color: #ffffff;\">.<\/span><\/p>\n<h2>Welche Arten von Schr\u00f6pfen gibt es ?<\/h2>\n<p>Wir setzen in unserer Praxis das <strong>unblutige oder trockene Schr\u00f6pfen<\/strong> ein. Beim <strong>blutigen Schr\u00f6pfen<\/strong> wird die Haut vorher etwas angeritzt, sodass der Unterdruck Blut aus den Verletzungen herauszieht. Eine besondere Form der Schr\u00f6pfanwendung ist die <strong>Schr\u00f6pfkopfmassage<\/strong>, welche wir ebenfalls anwenden. Hierbei wird das Schr\u00f6pfglas auf\u00a0intakte Hautstellen gesetzt, die zuvor einge\u00f6lt wurden. Der Schr\u00f6pfkopf wird dann \u00fcber verspannten Arealen (sog. <strong>Myogelosen<\/strong>)\u00a0verschoben, was eine deutlich\u00a0st\u00e4rkere <strong>durchblutungsf\u00f6rdernde Wirkung<\/strong> als eine klassische Massage hat.<span style=\"color: #ffffff;\">.<\/span><\/div>\n<div class=\"wpv-grid grid-1-3  wpv-first-level has-background unextended\" style=\"background-color:#fcfde0;padding-top:0px;padding-bottom:0px\" id=\"wpv-column-30b6402ca95466271cd13cb8cc7c45e6\" ><style scoped>#wpv-column-30b6402ca95466271cd13cb8cc7c45e6 p,#wpv-column-30b6402ca95466271cd13cb8cc7c45e6 em,#wpv-column-30b6402ca95466271cd13cb8cc7c45e6 .column-title,#wpv-column-30b6402ca95466271cd13cb8cc7c45e6 .sep-text h2.regular-title-wrapper,#wpv-column-30b6402ca95466271cd13cb8cc7c45e6 .text-divider-double,#wpv-column-30b6402ca95466271cd13cb8cc7c45e6 .sep-text .sep-text-line,#wpv-column-30b6402ca95466271cd13cb8cc7c45e6 .sep,#wpv-column-30b6402ca95466271cd13cb8cc7c45e6 .sep-2,#wpv-column-30b6402ca95466271cd13cb8cc7c45e6 .sep-3,#wpv-column-30b6402ca95466271cd13cb8cc7c45e6 td,#wpv-column-30b6402ca95466271cd13cb8cc7c45e6 th,#wpv-column-30b6402ca95466271cd13cb8cc7c45e6 caption{color:#cad10d;}#wpv-column-30b6402ca95466271cd13cb8cc7c45e6:before{background-color:transparent;}<\/style><div class=\"push\" style='height:30px'><\/div>\n<div class=\"services clearfix fullimage has-image has-icon no-button \" style=\"text-align:center;\">\n\t<div class=\"services-inside\">\n\t\t\t\t\t\t\t\t\t<div class=\"thumbnail\">\n\t\t\t\t\t\t\t\t\t\t\t\t\t\t\t\t\t\t<img decoding=\"async\" src=\"http:\/\/pfimed.de\/wp-content\/uploads\/2016\/03\/schroe1_klein.jpg\" alt=\"\" \/>\t\t\t\t\t\t\t\t\t\t\t\t\t\t\t<\/div>\n\t\t\t\t\t\t\t\t\t<div class=\"sep-2\"><\/div>\n\t\t\t\t\t\t\t\t\t\t\t\t\t\t<h3 class=\"services-title\">\n\t\t\t\t\t\t\t\t\tSchr\u00f6pftherapie\t\t\t\t\t\t\t<\/h3>\n\t\t\t\t\t\t\t<div class=\"services-content\">\n<p style=\"text-align: center;\"><span style=\"color: #808080;\">Schr\u00f6pfk\u00f6pfe hier in typischer Anwendung bei Verspannungen und positiven Triggerpunkten im Bereich der Schulter-\/ Nackenmuskulatur. <\/span><\/p>\n<p style=\"text-align: center;\"><span style=\"color: #808080;\">Man kann\u00a0deutlich die mehrdurchbluteten, angesaugten, livid verf\u00e4rbten Bereiche unter den Schr\u00f6pfk\u00f6pfen erkennen.<\/span><\/div>\n\t\t\t\t\t<\/div>\n<\/div>\n<\/div><\/div>\n","protected":false},"excerpt":{"rendered":"<p>Was\u00a0bedeutet Schr\u00f6pfen ? Beim Schr\u00f6pfen wird im Bereich der\u00a0Haut ein Unterdruck erzeugt, worauf es zu einer Mehrdurchblutung des Areals kommt. Dies hat zum Einen direkte l\u00f6sende\u00a0Wirkung auf verspannte Muskeln und schmerzhafte Muskel-\/Sehnenansatzpunkte (sog. Triggerpunkte), zum\u00a0Anderen kann es reflektorisch \u00fcber die sog. Head\u00b4schen Zonen zu positiver\u00a0Beeinflussung innerer\u00a0Organe kommen. . Welche Arten von Schr\u00f6pfen gibt es ?&#8230;<\/p>\n","protected":false},"author":5,"featured_media":0,"parent":0,"menu_order":0,"comment_status":"closed","ping_status":"open","template":"","meta":{"footnotes":""},"class_list":["post-8980","page","type-page","status-publish"],"_links":{"self":[{"href":"https:\/\/pfimed.de\/index.php\/wp-json\/wp\/v2\/pages\/8980","targetHints":{"allow":["GET"]}}],"collection":[{"href":"https:\/\/pfimed.de\/index.php\/wp-json\/wp\/v2\/pages"}],"about":[{"href":"https:\/\/pfimed.de\/index.php\/wp-json\/wp\/v2\/types\/page"}],"author":[{"embeddable":true,"href":"https:\/\/pfimed.de\/index.php\/wp-json\/wp\/v2\/users\/5"}],"replies":[{"embeddable":true,"href":"https:\/\/pfimed.de\/index.php\/wp-json\/wp\/v2\/comments?post=8980"}],"version-history":[{"count":9,"href":"https:\/\/pfimed.de\/index.php\/wp-json\/wp\/v2\/pages\/8980\/revisions"}],"predecessor-version":[{"id":10073,"href":"https:\/\/pfimed.de\/index.php\/wp-json\/wp\/v2\/pages\/8980\/revisions\/10073"}],"wp:attachment":[{"href":"https:\/\/pfimed.de\/index.php\/wp-json\/wp\/v2\/media?parent=8980"}],"curies":[{"name":"wp","href":"https:\/\/api.w.org\/{rel}","templated":true}]}}