{"id":8989,"date":"2016-10-15T15:46:44","date_gmt":"2016-10-15T13:46:44","guid":{"rendered":"http:\/\/www.homepage-fuer-firmen.de\/bsp11\/?page_id=8989"},"modified":"2016-10-26T20:09:41","modified_gmt":"2016-10-26T18:09:41","slug":"manuelle_medizin","status":"publish","type":"page","link":"https:\/\/pfimed.de\/index.php\/manuelle_medizin\/","title":{"rendered":"Manuelle Medizin \/ Chirotherapie"},"content":{"rendered":"<div class=\"row \"><div class=\"wpv-grid grid-2-3  wpv-first-level first has-background unextended\" style=\"\n\t\t\t\tbackground: url( 'http:\/\/homepage-fuer-firmen.de\/bsp11\/wp-content\/uploads\/2014\/05\/logo-bg1.png' ) no-repeat center center;\n\t\t\t\tbackground-size: cover;\n\t\t\t\tbackground-attachment: ;\n\t\t\tpadding-top:0px;padding-bottom:0px\" id=\"wpv-column-cc7b057eb520ebac4735c56f2205d5a0\" ><h2>Was\u00a0ist Chirotherapie ?<\/h2>\n<p>Die<strong> Chirotherapie oder auch Manuelle Medizin<\/strong> genannt ist eine sehr alte Therapieform und befasst sich mit <strong>in Funktion gest\u00f6rten<\/strong> Gelenken, Muskeln und\u00a0Faszien (feine Bindegewebsz\u00fcge). Insbesondere <strong>Gelenke der Wirbels\u00e4ule<\/strong> sind h\u00e4ufig von <strong>Blockierungen<\/strong> betroffen.<\/p>\n<p>Nach vorheriger Untersuchung und Aufkl\u00e4rung\u00a0des Patienten erfolgt die gezielte <strong>Mobilisation oder Manipulation (Mobilisation mit Impuls)<\/strong> des entsprechenden Gelenkes. Oft werden auch <strong>Techniken aus der Osteopathie<\/strong> unterst\u00fctzend hinzugezogen, um eine sanfte und schmerzfreie Mobilisation zu erm\u00f6glichen.<\/p>\n<p>Da diese Art der Diagnostik und Therapie zeitlich sehr aufwendig ist, haben wir hierf\u00fcr<strong> spezielle Termine<\/strong> eingerichtet.<\/p>\n<p><span style=\"color: #ffffff;\">.<\/span><\/p>\n<h2>Grenzen der Chirotherapie<\/h2>\n<p>Besteht der Verdacht auf eine<strong> strukturelle Erkrankung<\/strong> (z.B. Knochenbruch oder akuter Bandscheibenvorfall) oder ist die Bewegung aufgrund akuter starker Schmerzen in allen Richtungen eingeschr\u00e4nkt, darf eine chirotherapeutische Behandlung insbesondere mit Manipulation <strong>nicht<\/strong> durchgef\u00fchrt werden. Hier \u00a0sollte erst eine <strong>Abkl\u00e4rung mittels bildgebenden Verfahren<\/strong> wie z.B. R\u00f6ntgen, CT oder MRT veranlasst werden. Auch Erkrankungen wie z.B. akutes Rheuma oder\u00a0Krebserkrankung mit Befall des Bewegungsapparates stellen <strong>Gegenanzeigen<\/strong> dar.<\/div>\n<div class=\"wpv-grid grid-1-3  wpv-first-level has-background unextended\" style=\"background-color:#fcfde0;padding-top:0px;padding-bottom:0px\" id=\"wpv-column-2599b657a70943d43276a1aaca0e2e70\" ><style scoped>#wpv-column-2599b657a70943d43276a1aaca0e2e70 p,#wpv-column-2599b657a70943d43276a1aaca0e2e70 em,#wpv-column-2599b657a70943d43276a1aaca0e2e70 .column-title,#wpv-column-2599b657a70943d43276a1aaca0e2e70 .sep-text h2.regular-title-wrapper,#wpv-column-2599b657a70943d43276a1aaca0e2e70 .text-divider-double,#wpv-column-2599b657a70943d43276a1aaca0e2e70 .sep-text .sep-text-line,#wpv-column-2599b657a70943d43276a1aaca0e2e70 .sep,#wpv-column-2599b657a70943d43276a1aaca0e2e70 .sep-2,#wpv-column-2599b657a70943d43276a1aaca0e2e70 .sep-3,#wpv-column-2599b657a70943d43276a1aaca0e2e70 td,#wpv-column-2599b657a70943d43276a1aaca0e2e70 th,#wpv-column-2599b657a70943d43276a1aaca0e2e70 caption{color:#cad10d;}#wpv-column-2599b657a70943d43276a1aaca0e2e70:before{background-color:transparent;}<\/style><div class=\"push\" style='height:30px'><\/div>\n<div class=\"services clearfix fullimage has-image has-icon no-button \" style=\"text-align:center;\">\n\t<div class=\"services-inside\">\n\t\t\t\t\t\t\t\t\t<div class=\"thumbnail\">\n\t\t\t\t\t\t\t\t\t\t\t\t\t\t\t\t\t\t<img decoding=\"async\" src=\"http:\/\/pfimed.de\/wp-content\/uploads\/2014\/05\/testiconbildservice1.png\" alt=\"\" \/>\t\t\t\t\t\t\t\t\t\t\t\t\t\t\t<\/div>\n\t\t\t\t\t\t\t\t\t<div class=\"sep-2\"><\/div>\n\t\t\t\t\t\t\t\t\t\t\t\t\t\t<h3 class=\"services-title\">\n\t\t\t\t\t\t\t\t\tManuelle Medizin\t\t\t\t\t\t\t<\/h3>\n\t\t\t\t\t\t\t<div class=\"services-content\">\n<p style=\"text-align: center;\"><span style=\"color: #808080;\">Hier wird die Manuelle Medizin oder Chirotherapie im Bereich\u00a0eines blockierten\u00a0Rippen-Wirbelgelenkes angewendet.\u00a0<\/span><span style=\"color: #808080;\">Der Patient sollte dazu entspannt auf einer Chirotherapieliege gelagert werden.<\/span><\/div>\n\t\t\t\t\t<\/div>\n<\/div>\n<\/div><\/div>\n","protected":false},"excerpt":{"rendered":"<p>Was\u00a0ist Chirotherapie ? Die Chirotherapie oder auch Manuelle Medizin genannt ist eine sehr alte Therapieform und befasst sich mit in Funktion gest\u00f6rten Gelenken, Muskeln und\u00a0Faszien (feine Bindegewebsz\u00fcge). Insbesondere Gelenke der Wirbels\u00e4ule sind h\u00e4ufig von Blockierungen betroffen. Nach vorheriger Untersuchung und Aufkl\u00e4rung\u00a0des Patienten erfolgt die gezielte Mobilisation oder Manipulation (Mobilisation mit Impuls) des entsprechenden Gelenkes. Oft&#8230;<\/p>\n","protected":false},"author":5,"featured_media":0,"parent":0,"menu_order":0,"comment_status":"closed","ping_status":"open","template":"","meta":{"footnotes":""},"class_list":["post-8989","page","type-page","status-publish"],"_links":{"self":[{"href":"https:\/\/pfimed.de\/index.php\/wp-json\/wp\/v2\/pages\/8989","targetHints":{"allow":["GET"]}}],"collection":[{"href":"https:\/\/pfimed.de\/index.php\/wp-json\/wp\/v2\/pages"}],"about":[{"href":"https:\/\/pfimed.de\/index.php\/wp-json\/wp\/v2\/types\/page"}],"author":[{"embeddable":true,"href":"https:\/\/pfimed.de\/index.php\/wp-json\/wp\/v2\/users\/5"}],"replies":[{"embeddable":true,"href":"https:\/\/pfimed.de\/index.php\/wp-json\/wp\/v2\/comments?post=8989"}],"version-history":[{"count":3,"href":"https:\/\/pfimed.de\/index.php\/wp-json\/wp\/v2\/pages\/8989\/revisions"}],"predecessor-version":[{"id":9174,"href":"https:\/\/pfimed.de\/index.php\/wp-json\/wp\/v2\/pages\/8989\/revisions\/9174"}],"wp:attachment":[{"href":"https:\/\/pfimed.de\/index.php\/wp-json\/wp\/v2\/media?parent=8989"}],"curies":[{"name":"wp","href":"https:\/\/api.w.org\/{rel}","templated":true}]}}