{"id":8993,"date":"2016-10-15T16:15:27","date_gmt":"2016-10-15T14:15:27","guid":{"rendered":"http:\/\/www.homepage-fuer-firmen.de\/bsp11\/?page_id=8993"},"modified":"2020-12-28T18:43:27","modified_gmt":"2020-12-28T16:43:27","slug":"darmsymbioselenkung","status":"publish","type":"page","link":"https:\/\/pfimed.de\/index.php\/darmsymbioselenkung\/","title":{"rendered":"Darmsymbioselenkung"},"content":{"rendered":"<div class=\"row \"><div class=\"wpv-grid grid-2-3  wpv-first-level first has-background unextended\" style=\"\n\t\t\t\tbackground: url( 'http:\/\/homepage-fuer-firmen.de\/bsp11\/wp-content\/uploads\/2014\/05\/logo-bg1.png' ) no-repeat center center;\n\t\t\t\tbackground-size: cover;\n\t\t\t\tbackground-attachment: ;\n\t\t\tpadding-top:0px;padding-bottom:0px\" id=\"wpv-column-c892c1472f75a5a4717725d6ccf75cea\" ><h2>Gesunde Darmflora\u00a0=\u00a0intakte Gesundheit<\/h2>\n<p>Circa\u00a0100 Milliarden Bakterien leben in unserem Darm. Sie sorgen dort f\u00fcr eine geregelte Verdauung und helfen bei der Aufbereitung der Nahrung.\u00a0Bakterien in unserem Darm\u00a0bilden zum Beispiel auch lebenswichtige Stoffe wie Vitamine und Butters\u00e4ure. Die Komplexit\u00e4t der angesiedelten Mikroorganismen nennt sich Darmflora oder Mikroflora.<\/p>\n<p class=\"bodytext\">Sie wirkt wie eine nat\u00fcrliche Barriere gegen Krankheitserreger und regt die Schleimhaut an, k\u00f6rpereigene Antibiotika wie zum Beispiel \u00df-Defensine gegen krank machende Bakterien zu bilden. Unser Darm muss sich st\u00e4ndig gegen sch\u00e4dliche Erreger wie Bakterien, Viren, Pilze oder andere Schadstoffe wehren, welche wir tagt\u00e4glich mit der Nahrung aufnehmen.<\/p>\n<p class=\"bodytext\">Unser Darm beherbergt rund 80 Prozent unserer gesamten k\u00f6rpereigenen Immunzellen. Ein normal funktionierendes Immunsystem wird wiederum \u00fcber bestimmten Bakterienspezies wie zum Beispiel Enterkokken und Kolibakterien (E. coli) vermittelt. Es ist nicht verwunderlich, dass eine\u00a0fehlregulierte oder reduzierte Darmflora\u00a0sich negativ auf unser Immunsystem auswirken kann. Infektanf\u00e4lligkeit oder auch Allergien (Heuschnupfen, allergisches Asthma) k\u00f6nnen die Folge sein.<\/p>\n<h2>Was sch\u00e4digt unsere\u00a0Darmflora ?<\/h2>\n<p class=\"bodytext\">Unsere moderne Lebensweise kann der Darmflora schaden. Ung\u00fcnstig sind zum Beispiel:<\/p>\n<ul>\n<li>Fehlern\u00e4hrung mit zuckerreichen, ballaststoffarmen Lebensmitteln<\/li>\n<li>Medikamente (insbesondere Antibiotika, S\u00e4ureblocker, Schmerzmittel)<\/li>\n<li>Stress, Rauchen und Alkohol.<\/li>\n<\/ul>\n<p class=\"bodytext\">Die\u00a0Zusammensetzung der Darmflora wird dadurch ver\u00e4ndert und eine durchl\u00e4ssige Darmschleimhaut (sog. &#8222;leaky gut&#8220;) beg\u00fcnstigt. Eine bakterielle Fehlbesiedlung kann\u00a0eine negative Auswirkung auf den Vitaminhaushalt und die Abwehrkr\u00e4fte zur Folge haben.<\/p>\n<h2 class=\"bodytext\">Wie k\u00f6nnen wir helfen ?<\/h2>\n<p class=\"bodytext\">Durch eine Untersuchung der Darmflora mittels spezieller Stuhlprobe k\u00f6nnen Abweichungen festgestellt werden.\u00a0Es folgt im n\u00e4chsten Schritt die Therapie mittels\u00a0Darmsanierung (auch Darmsymbioselenkung genannt), wobei gezielt diejenigen Bakterien zugef\u00fchrt werden, welche reduziert oder so gut wie nicht mehr vorhanden sind.<\/p>\n<p class=\"bodytext\"><a href=\"http:\/\/pfimed.de\/wp-content\/uploads\/2016\/10\/Entwicklung-der-Darmflora.pdf\">Flyer Entwicklung der Darmflora<\/a><\/div>\n<div class=\"wpv-grid grid-1-3  wpv-first-level has-background unextended\" style=\"background-color:#fcfde0;padding-top:0px;padding-bottom:0px\" id=\"wpv-column-a40cad617ff3536579ce286394e1a353\" ><style scoped>#wpv-column-a40cad617ff3536579ce286394e1a353 p,#wpv-column-a40cad617ff3536579ce286394e1a353 em,#wpv-column-a40cad617ff3536579ce286394e1a353 .column-title,#wpv-column-a40cad617ff3536579ce286394e1a353 .sep-text h2.regular-title-wrapper,#wpv-column-a40cad617ff3536579ce286394e1a353 .text-divider-double,#wpv-column-a40cad617ff3536579ce286394e1a353 .sep-text .sep-text-line,#wpv-column-a40cad617ff3536579ce286394e1a353 .sep,#wpv-column-a40cad617ff3536579ce286394e1a353 .sep-2,#wpv-column-a40cad617ff3536579ce286394e1a353 .sep-3,#wpv-column-a40cad617ff3536579ce286394e1a353 td,#wpv-column-a40cad617ff3536579ce286394e1a353 th,#wpv-column-a40cad617ff3536579ce286394e1a353 caption{color:#cad10d;}#wpv-column-a40cad617ff3536579ce286394e1a353:before{background-color:transparent;}<\/style><div class=\"push\" style='height:30px'><\/div>\n<div class=\"services clearfix fullimage has-image has-icon no-button \" style=\"text-align:center;\">\n\t<div class=\"services-inside\">\n\t\t\t\t\t\t\t\t\t<div class=\"thumbnail\">\n\t\t\t\t\t\t\t\t\t\t\t\t\t\t\t\t\t\t<img decoding=\"async\" src=\"http:\/\/pfimed.de\/wp-content\/uploads\/2016\/03\/Fotolia_92533760_XS.jpg\" alt=\"\" \/>\t\t\t\t\t\t\t\t\t\t\t\t\t\t\t<\/div>\n\t\t\t\t\t\t\t\t\t<div class=\"sep-2\"><\/div>\n\t\t\t\t\t\t\t\t\t\t\t\t\t\t<h3 class=\"services-title\">\n\t\t\t\t\t\t\t\t\tMikroflora des Darmes\t\t\t\t\t\t\t<\/h3>\n\t\t\t\t\t\t\t<div class=\"services-content\">\n<p style=\"text-align: center;\"><span style=\"color: #808080;\">\u00dcber 1800 verschiedene Bakterienspezies leben in unserem Darm.<\/span><\/p>\n<p style=\"text-align: center;\"><span style=\"color: #808080;\">Wir brauchen die Bakterien &#8211; und\u00a0diese brauchen uns ! In dieser Symbiose k\u00f6nnen beide Seiten nebeneinander existieren.<\/span><\/div>\n\t\t\t\t\t<\/div>\n<\/div>\n<\/div><\/div>\n","protected":false},"excerpt":{"rendered":"<p>Gesunde Darmflora\u00a0=\u00a0intakte Gesundheit Circa\u00a0100 Milliarden Bakterien leben in unserem Darm. Sie sorgen dort f\u00fcr eine geregelte Verdauung und helfen bei der Aufbereitung der Nahrung.\u00a0Bakterien in unserem Darm\u00a0bilden zum Beispiel auch lebenswichtige Stoffe wie Vitamine und Butters\u00e4ure. Die Komplexit\u00e4t der angesiedelten Mikroorganismen nennt sich Darmflora oder Mikroflora. Sie wirkt wie eine nat\u00fcrliche Barriere gegen Krankheitserreger und&#8230;<\/p>\n","protected":false},"author":5,"featured_media":0,"parent":0,"menu_order":0,"comment_status":"closed","ping_status":"open","template":"","meta":{"footnotes":""},"class_list":["post-8993","page","type-page","status-publish"],"_links":{"self":[{"href":"https:\/\/pfimed.de\/index.php\/wp-json\/wp\/v2\/pages\/8993","targetHints":{"allow":["GET"]}}],"collection":[{"href":"https:\/\/pfimed.de\/index.php\/wp-json\/wp\/v2\/pages"}],"about":[{"href":"https:\/\/pfimed.de\/index.php\/wp-json\/wp\/v2\/types\/page"}],"author":[{"embeddable":true,"href":"https:\/\/pfimed.de\/index.php\/wp-json\/wp\/v2\/users\/5"}],"replies":[{"embeddable":true,"href":"https:\/\/pfimed.de\/index.php\/wp-json\/wp\/v2\/comments?post=8993"}],"version-history":[{"count":10,"href":"https:\/\/pfimed.de\/index.php\/wp-json\/wp\/v2\/pages\/8993\/revisions"}],"predecessor-version":[{"id":10129,"href":"https:\/\/pfimed.de\/index.php\/wp-json\/wp\/v2\/pages\/8993\/revisions\/10129"}],"wp:attachment":[{"href":"https:\/\/pfimed.de\/index.php\/wp-json\/wp\/v2\/media?parent=8993"}],"curies":[{"name":"wp","href":"https:\/\/api.w.org\/{rel}","templated":true}]}}