{"id":8995,"date":"2016-10-15T16:21:05","date_gmt":"2016-10-15T14:21:05","guid":{"rendered":"http:\/\/www.homepage-fuer-firmen.de\/bsp11\/?page_id=8995"},"modified":"2016-10-26T19:34:37","modified_gmt":"2016-10-26T17:34:37","slug":"eigenblutbehandlung","status":"publish","type":"page","link":"https:\/\/pfimed.de\/index.php\/eigenblutbehandlung\/","title":{"rendered":"Eigenblutbehandlung"},"content":{"rendered":"\t\t<div class=\"sep-text single centered\">\n\t\t\t\t\t\t\t<span class=\"sep-text-before\"><div class=\"sep-text-line\"><\/div><\/span>\n\t\t\t\t\t\t<div class=\"content\">\n\t\t\t\t<h2 class=\"text-divider-double\">\nUV-E &#8211; Eigenbluttherapie (&#8222;Die Kleine&#8220;)<\/h2>\t\t\t<\/div>\n\t\t\t<span class=\"sep-text-after\"><div class=\"sep-text-line\"><\/div><\/span>\n\t\t\t\t\t<\/div>\n\t\n<div class=\"row \"><div class=\"wpv-grid grid-1-3  wpv-first-level first has-background unextended\" style=\"background-color:#fcfde0;padding-top:0px;padding-bottom:0px\" id=\"wpv-column-ef685b2728a586c3b2c9ed013d607851\" ><style scoped>#wpv-column-ef685b2728a586c3b2c9ed013d607851 p,#wpv-column-ef685b2728a586c3b2c9ed013d607851 em,#wpv-column-ef685b2728a586c3b2c9ed013d607851 .column-title,#wpv-column-ef685b2728a586c3b2c9ed013d607851 .sep-text h2.regular-title-wrapper,#wpv-column-ef685b2728a586c3b2c9ed013d607851 .text-divider-double,#wpv-column-ef685b2728a586c3b2c9ed013d607851 .sep-text .sep-text-line,#wpv-column-ef685b2728a586c3b2c9ed013d607851 .sep,#wpv-column-ef685b2728a586c3b2c9ed013d607851 .sep-2,#wpv-column-ef685b2728a586c3b2c9ed013d607851 .sep-3,#wpv-column-ef685b2728a586c3b2c9ed013d607851 td,#wpv-column-ef685b2728a586c3b2c9ed013d607851 th,#wpv-column-ef685b2728a586c3b2c9ed013d607851 caption{color:#cad10d;}#wpv-column-ef685b2728a586c3b2c9ed013d607851:before{background-color:transparent;}<\/style><div class=\"push\" style='height:30px'><\/div>\n<div class=\"services clearfix fullimage has-image has-icon no-button \" style=\"text-align:center;\">\n\t<div class=\"services-inside\">\n\t\t\t\t\t\t\t\t\t<div class=\"thumbnail\">\n\t\t\t\t\t\t\t\t\t\t\t\t\t\t\t\t\t\t<img decoding=\"async\" src=\"http:\/\/pfimed.de\/wp-content\/uploads\/2016\/10\/Fotolia_107731206_XS.jpg\" alt=\"\" \/>\t\t\t\t\t\t\t\t\t\t\t\t\t\t\t<\/div>\n\t\t\t\t\t\t\t\t\t<div class=\"sep-2\"><\/div>\n\t\t\t\t\t\t\t\t\t\t\t\t\t\t\t\t<div class=\"services-content\">\n<p style=\"text-align: center;\"><span style=\"color: #808080;\"><span style=\"text-decoration: underline;\">UV<\/span>-C-Licht-aktivierte <span style=\"text-decoration: underline;\">E<\/span>igenbluttherapie :<\/span><\/p>\n<p style=\"text-align: center;\"><span style=\"color: #808080;\">Eigenblut + UV-Licht (UV-C)<\/span><br \/>\n<span style=\"color: #808080;\">=UVE<\/span><\/p>\n<p style=\"text-align: center;\">\n<\/div>\n\t\t\t\t\t<\/div>\n<\/div>\n<\/div>\n<div class=\"wpv-grid grid-2-3  wpv-first-level has-background unextended\" style=\"\n\t\t\t\tbackground: url( 'http:\/\/homepage-fuer-firmen.de\/bsp11\/wp-content\/uploads\/2014\/05\/logo-bg1.png' ) no-repeat center center;\n\t\t\t\tbackground-size: cover;\n\t\t\t\tbackground-attachment: ;\n\t\t\tpadding-top:0px;padding-bottom:0px\" id=\"wpv-column-69332bc43e3c44bdd04d7248b6bcf367\" ><h2>Was bewirkt diese Therapie ?<\/h2>\n<p>Als biologische <strong>Reizk\u00f6rpertherapie<\/strong> aktiviert sie\u00a0die <strong>Selbstheilungskr\u00e4fte<\/strong>, das <strong>Immunsystem<\/strong> wird gest\u00e4rkt, die <strong>Regeneration<\/strong> wird beschleunigt, der <strong>Zellstoffwechsel<\/strong> wird verbessert und\u00a0die <strong>Entgiftung<\/strong> angeregt.<\/p>\n<h2>Wie l\u00e4uft die UV-E ab ?<\/h2>\n<p>Zuerst entnehmen wir 0,5 bis 5 ml Blut aus einer Vene, welches\u00a0danach mit hochwirksamem <strong>UV-Licht (UV-C)<\/strong> bestrahlt wird. Im Anschluss kann das aktivierte Blut zus\u00e4tzlich\u00a0mit <strong>biologischen Medikamenten<\/strong> wie z.B. Echinacea oder anderen Hom\u00f6opathika angereichert werden. Am Ende erfolgt die <strong>R\u00fcckgabe<\/strong> des Blutes unter die Haut oder in die Muskulatur. In der Regel sind <strong>10 bis 15 Behandlungen<\/strong> anfangs zweimal, sp\u00e4ter einmal w\u00f6chentlich erforderlich.<\/p>\n<h2>Wann wird sie eingesetzt ?<\/h2>\n<p>Klassische <strong>Einsatzgebiete<\/strong> sind <strong>Infektanf\u00e4lligkeit<\/strong> wie h\u00e4ufige Nasennebenh\u00f6hlenentz\u00fcndung,\u00a0sich oft wiederholende Herpes-Infektionen\u00a0oder Bronchitis, <strong>Allergien<\/strong> wie Heuschnupfen und allergisches Asthma sowie auch<strong> akute grippale Infekte<\/strong>. Bei Letzteren erfolgt beispielsweise eine <strong>hochdosierte Sto\u00dftherapie<\/strong> \u00fcber 3 bis 5 Tage.<\/p>\n<h2>Was ist bei allen Eigenblutbehandlungen zu beachten ?<\/h2>\n<p>Die UV-E\u00a0wie auch die UV-B-Therapie haben eine <strong>entgiftende Wirkung<\/strong>. Auftreten von <strong>M\u00fcdigkeit<\/strong> ist in den ersten Stunden und Tagen der Therapie m\u00f6glich. Da die\u00a0<strong>Selbstheilung aktiviert<\/strong> wird, sind auch Anzeichen von <strong>Erstverschlimmerung<\/strong> m\u00f6glich.<\/p>\n<p>G\u00f6nnen Sie sich deshalb <strong>Ruhe<\/strong> <strong>und trinken Sie ausreichend<\/strong> !<\/div><\/div>\n\t\t<div class=\"sep-text single centered\">\n\t\t\t\t\t\t\t<span class=\"sep-text-before\"><div class=\"sep-text-line\"><\/div><\/span>\n\t\t\t\t\t\t<div class=\"content\">\n\t\t\t\t<h2 class=\"text-divider-double\">\nUnsere &#8222;gro\u00dfe Eigenbluttherapie&#8220; hei\u00dft UV-B<\/h2>\t\t\t<\/div>\n\t\t\t<span class=\"sep-text-after\"><div class=\"sep-text-line\"><\/div><\/span>\n\t\t\t\t\t<\/div>\n\t\n<div class=\"row \"><div class=\"wpv-grid grid-2-3  wpv-first-level first has-background unextended\" style=\"\n\t\t\t\tbackground: url( 'http:\/\/homepage-fuer-firmen.de\/bsp11\/wp-content\/uploads\/2014\/05\/logo-bg1.png' ) no-repeat center center;\n\t\t\t\tbackground-size: cover;\n\t\t\t\tbackground-attachment: ;\n\t\t\tpadding-top:0px;padding-bottom:0px\" id=\"wpv-column-fc32b60f91afb62a92d96fb335187832\" ><h2>Wie wirkt die UV-B ?<\/h2>\n<p>Durch diese besondere Art der <strong>intraven\u00f6sen Eigenblutbehandlung<\/strong> entstehen im \u00a0Blut <strong>aktivierte Sauerstoffstufen mit starker biologischer Wirkung<\/strong> und positivem Einfluss auf K\u00f6rperfunktionen und Stoffwechsel. Jede Zelle braucht zur Energiegewinnung Sauerstoff. Die UVB<strong> verbessert<\/strong> deutlich das <strong>Sauerstoffangebot<\/strong> f\u00fcr die Zelle, die Wirkung ist therapie\u00fcberdauernd.<\/p>\n<h2>Wie l\u00e4uft sie ab ?<\/h2>\n<p>Die UV-B beginnt mit der Entnahme von 50 ml Blut aus einer Vene. Das Blut erf\u00e4hrt hier schon beim Herausziehen die<strong> 1. Aktivierung<\/strong> mit UV-Licht. Die <strong>2. Aktivierung<\/strong> mit UV-Licht erfolgt beim Zur\u00fcckgeben des Blutes. Damit das Blut im Eigenblutger\u00e4t dabei nicht gerinnt, wird es mit <strong>Citrat<\/strong> ungerinnbar gemacht. Der gesamte Vorgang dauert etwa <strong>10 Minuten<\/strong>. Auch hier sind <strong>10 bis 15 Behandlungen<\/strong> im w\u00f6chentlichen Abstand sinnvoll.<\/p>\n<h2>Einsatzgebiete<\/h2>\n<p>Die UV-B kann <strong>helfen<\/strong> bei :<\/p>\n<p>&#8211; <strong>Durchblutungsst\u00f6rungen<\/strong> des Gehirns, der Herzkranzgef\u00e4\u00dfe, der Beine und der Augennetzhaut<br \/>\n&#8211; <strong>offenen Beinen<\/strong><br \/>\n&#8211;\u00a0<strong>Diabetes<\/strong> mit Folgeerkrankungen<br \/>\n&#8211; <strong>Konzentrationsschw\u00e4che<\/strong>, <strong>Vergesslichkeit<\/strong> und Ersch\u00f6pfungsgef\u00fchl<br \/>\n&#8211; Ohrensausen (<strong>Tinnitus<\/strong>) und <strong>Schwindel<\/strong><\/div>\n<div class=\"wpv-grid grid-1-3  wpv-first-level has-background unextended\" style=\"background-color:#fcfde0;padding-top:0px;padding-bottom:0px\" id=\"wpv-column-90af089028c5dc238eab3561bc798da8\" ><style scoped>#wpv-column-90af089028c5dc238eab3561bc798da8 p,#wpv-column-90af089028c5dc238eab3561bc798da8 em,#wpv-column-90af089028c5dc238eab3561bc798da8 .column-title,#wpv-column-90af089028c5dc238eab3561bc798da8 .sep-text h2.regular-title-wrapper,#wpv-column-90af089028c5dc238eab3561bc798da8 .text-divider-double,#wpv-column-90af089028c5dc238eab3561bc798da8 .sep-text .sep-text-line,#wpv-column-90af089028c5dc238eab3561bc798da8 .sep,#wpv-column-90af089028c5dc238eab3561bc798da8 .sep-2,#wpv-column-90af089028c5dc238eab3561bc798da8 .sep-3,#wpv-column-90af089028c5dc238eab3561bc798da8 td,#wpv-column-90af089028c5dc238eab3561bc798da8 th,#wpv-column-90af089028c5dc238eab3561bc798da8 caption{color:#cad10d;}#wpv-column-90af089028c5dc238eab3561bc798da8:before{background-color:transparent;}<\/style><div class=\"push\" style='height:30px'><\/div>\n<div class=\"services clearfix fullimage has-image has-icon no-button \" style=\"text-align:center;\">\n\t<div class=\"services-inside\">\n\t\t\t\t\t\t\t\t\t<div class=\"thumbnail\">\n\t\t\t\t\t\t\t\t\t\t\t\t\t\t\t\t\t\t<img decoding=\"async\" src=\"http:\/\/pfimed.de\/wp-content\/uploads\/2016\/10\/EB.jpg\" alt=\"\" \/>\t\t\t\t\t\t\t\t\t\t\t\t\t\t\t<\/div>\n\t\t\t\t\t\t\t\t\t<div class=\"sep-2\"><\/div>\n\t\t\t\t\t\t\t\t\t\t\t\t\t\t\t\t<div class=\"services-content\">\n<p style=\"text-align: center;\"><span style=\"color: #808080;\">Die UV-B &#8211; Eigenbluttherapie\u00a0verbessert durch direkte intraven\u00f6se Anwendung und Wirkung gezielt die Durchblutung.<\/span><\/div>\n\t\t\t\t\t<\/div>\n<\/div>\n<\/div><\/div>\n\t\t<div class=\"sep-text single centered\">\n\t\t\t\t\t\t\t<span class=\"sep-text-before\"><div class=\"sep-text-line\"><\/div><\/span>\n\t\t\t\t\t\t<div class=\"content\">\n\t\t\t\t<h2 class=\"text-divider-double\">\nF\u00fcr alle wissenschaftlich Interessierten<\/h2>\t\t\t<\/div>\n\t\t\t<span class=\"sep-text-after\"><div class=\"sep-text-line\"><\/div><\/span>\n\t\t\t\t\t<\/div>\n\t\n<h2>Relevant und erprobt<\/h2>\n<p><strong>\u00a0Mehr als 50 Jahre<\/strong> ist die Photobiologische Eigenbluttherapie zur Behandlung vor allem von <strong>Durchblutungsst\u00f6rungen<\/strong> und deren Folgeerkrankungen, aber auch zur <strong>Immunst\u00e4rkung<\/strong> sowie prophylaktisch zur <strong>Verbesserung des Allgemeinbefindens<\/strong> bekannt.\u00a0Ihre <strong>Wirksamkeit<\/strong> ist durch <strong>Studien<\/strong> und umfangreiche <strong>klinische <\/strong><strong>Forschung<\/strong> wissenschaftlich belegt.<\/p>\n<h2>Der Wirkmechanismus<\/h2>\n<p>Es erfolgt eine<strong> Molek\u00fclaktivierung<\/strong> durch <strong>energiereiche Photonen aus dem UV-C-Bereich<\/strong>. Bei Durchblutungsst\u00f6rungen kommt es so zu einer <strong>verbesserten Sauerstoffaufnahme<\/strong> und zu einer gesteigerten Sauerstoffnutzung, d.h. zum Verschwinden von\u00a0<strong>durch Sauerstoffmangel bedingten\u00a0Schmerzen<\/strong> und von Leistungsdefekten. Bei <strong>Immundefekten<\/strong> kommt es zu besserer Phagozytose, Mikrobizidie sowie Antigenpr\u00e4sentation f\u00fcr die T-Helferzellen mit<strong> besserer Erreger- und Tumorabwehr<\/strong>,\u00a0au\u00dferdem zur<strong> Immunmodulation bei Allergie<\/strong>. Die prim\u00e4r oxidative Phase wird erg\u00e4nzt durch eine reaktive <strong>Vermehrung der k\u00f6rpereigenen Antioxidantien<\/strong> (<strong>Glutathion<\/strong>, Katalase und Superoxiddismutase), die <strong>bis zu einem Jahr<\/strong> andauert.<\/p>\n<h2>Wirkungen im Organismus<\/h2>\n<p><strong>Erythrozyten <\/strong>(rote Blutk\u00f6rperchen): Stimulation der Bildung, Erythrozyten werden verformbarer und quellen durch erh\u00f6hte Sauerstoff-Aufnahme auf.<br \/>\n<strong>Leukozyten <\/strong>(wei\u00dfe Blutk\u00f6rperchen): Als Sofortreaktion tritt eine leichte Verminderung der wei\u00dfen Blutk\u00f6rperchen (sog. <strong>Leukopenie<\/strong>) auf sowie eine Steigerung der Haftbarkeit und eine Steigerung der Phagozytose. Als Langzeiteffekt findet sich eine m\u00e4\u00dfige Erh\u00f6hung der wei\u00dfen Blutk\u00f6rperchen (sog. <strong>Leukozytose<\/strong>).\u00a0 Die <strong>Aggressionsf\u00e4higkeit der Blutpl\u00e4ttchen<\/strong> (sog. Thrombozyten) <strong>sinkt<\/strong>, ebenso die <strong>Viskosit\u00e4t<\/strong> des Blutes &#8211; das <strong>Blut wird &#8222;d\u00fcnner&#8220;<\/strong>. Die innerste Schicht der Gef\u00e4\u00dfe, das <strong>Endothel<\/strong>, gl\u00e4ttet sich. Weitere positive Effekte sind die <strong>Senkung des Blutdrucks<\/strong>, des <strong>Cholesterins<\/strong> und die <strong>Verbesserung der Glucosetoleranz<\/strong>.<\/p>\n","protected":false},"excerpt":{"rendered":"<p>Was bewirkt diese Therapie ? Als biologische Reizk\u00f6rpertherapie aktiviert sie\u00a0die Selbstheilungskr\u00e4fte, das Immunsystem wird gest\u00e4rkt, die Regeneration wird beschleunigt, der Zellstoffwechsel wird verbessert und\u00a0die Entgiftung angeregt. Wie l\u00e4uft die UV-E ab ? Zuerst entnehmen wir 0,5 bis 5 ml Blut aus einer Vene, welches\u00a0danach mit hochwirksamem UV-Licht (UV-C) bestrahlt wird. Im Anschluss kann das aktivierte&#8230;<\/p>\n","protected":false},"author":5,"featured_media":0,"parent":0,"menu_order":0,"comment_status":"closed","ping_status":"open","template":"","meta":{"footnotes":""},"class_list":["post-8995","page","type-page","status-publish"],"_links":{"self":[{"href":"https:\/\/pfimed.de\/index.php\/wp-json\/wp\/v2\/pages\/8995","targetHints":{"allow":["GET"]}}],"collection":[{"href":"https:\/\/pfimed.de\/index.php\/wp-json\/wp\/v2\/pages"}],"about":[{"href":"https:\/\/pfimed.de\/index.php\/wp-json\/wp\/v2\/types\/page"}],"author":[{"embeddable":true,"href":"https:\/\/pfimed.de\/index.php\/wp-json\/wp\/v2\/users\/5"}],"replies":[{"embeddable":true,"href":"https:\/\/pfimed.de\/index.php\/wp-json\/wp\/v2\/comments?post=8995"}],"version-history":[{"count":22,"href":"https:\/\/pfimed.de\/index.php\/wp-json\/wp\/v2\/pages\/8995\/revisions"}],"predecessor-version":[{"id":9035,"href":"https:\/\/pfimed.de\/index.php\/wp-json\/wp\/v2\/pages\/8995\/revisions\/9035"}],"wp:attachment":[{"href":"https:\/\/pfimed.de\/index.php\/wp-json\/wp\/v2\/media?parent=8995"}],"curies":[{"name":"wp","href":"https:\/\/api.w.org\/{rel}","templated":true}]}}