{"id":9624,"date":"2019-09-07T16:41:58","date_gmt":"2019-09-07T14:41:58","guid":{"rendered":"http:\/\/pfimed.de\/?page_id=9624"},"modified":"2025-11-27T13:22:30","modified_gmt":"2025-11-27T11:22:30","slug":"praxis-team-2","status":"publish","type":"page","link":"https:\/\/pfimed.de\/index.php\/praxis-team-2\/","title":{"rendered":"Praxis &#038; Team"},"content":{"rendered":"<div class=\"row \"><div class=\"wpv-grid grid-1-3  wpv-first-level first unextended animation-fade-in animated-active\" style=\"padding-top:0px;padding-bottom:0px\" id=\"wpv-column-d0529dfcf01cc164036df95474a62d42\" ><div class=\"services clearfix fullimage has-image has-icon no-button \" style=\"text-align:center;\">\n\t<div class=\"services-inside\">\n\t\t\t\t\t\t\t\t\t<div class=\"thumbnail\">\n\t\t\t\t\t\t\t\t\t\t\t\t\t\t\t\t\t\t<img loading=\"lazy\" decoding=\"async\" width=\"730\" height=\"730\" src=\"https:\/\/pfimed.de\/wp-content\/uploads\/2024\/01\/2626.jpg\" class=\"attachment-full size-full\" alt=\"\" srcset=\"https:\/\/pfimed.de\/wp-content\/uploads\/2024\/01\/2626.jpg 730w, https:\/\/pfimed.de\/wp-content\/uploads\/2024\/01\/2626-300x300.jpg 300w, https:\/\/pfimed.de\/wp-content\/uploads\/2024\/01\/2626-80x80.jpg 80w, https:\/\/pfimed.de\/wp-content\/uploads\/2024\/01\/2626-60x60.jpg 60w, https:\/\/pfimed.de\/wp-content\/uploads\/2024\/01\/2626-43x43.jpg 43w, https:\/\/pfimed.de\/wp-content\/uploads\/2024\/01\/2626-555x555.jpg 555w, https:\/\/pfimed.de\/wp-content\/uploads\/2024\/01\/2626-360x360.jpg 360w, https:\/\/pfimed.de\/wp-content\/uploads\/2024\/01\/2626-262x262.jpg 262w\" sizes=\"auto, (max-width: 730px) 100vw, 730px\" \/>\t\t\t\t\t\t\t\t\t\t\t\t\t\t\t<\/div>\n\t\t\t\t\t\t\t\t\t<div class=\"sep-2\"><\/div>\n\t\t\t\t\t\t\t\t\t\t\t\t\t\t<h3 class=\"services-title\">\n\t\t\t\t\t\t\t\t\tDr. med. Anna Lawall\t\t\t\t\t\t\t<\/h3>\n\t\t\t\t\t\t\t<div class=\"services-content\">\r\n<p style=\"text-align: center;\">Fach\u00e4rztin f\u00fcr\u00a0Allgemeinmedizin<br \/>Akupunktur<br \/>Chirotherapie<\/p>\r\n<\/div>\n\t\t\t\t\t<\/div>\n<\/div>\n<\/div>\r\n<div class=\"wpv-grid grid-1-2  wpv-first-level unextended\" style=\"padding-top:0px;padding-bottom:0px\" id=\"wpv-column-880de6a2690575c3753409229f9680b3\" ><p>Mein <strong>Studium der Humanmedizin<\/strong> absolvierte ich an der Johannes Gutenberg Universit\u00e4t in Mainz.<\/p>\r\n<p>Am <strong>Institut f\u00fcr Geschichte, Theorie und Ethik in der Medizin<\/strong> verfasste ich meine <strong>Promotionsarbeit<\/strong> zum Thema <strong>klinische Ethikberatung bei Therapieentscheidungen am Lebensende<\/strong>.<\/p>\r\n<p>Von <strong>2010 bis 2011<\/strong> war ich als <strong>Assistenz\u00e4rztin der Inneren Medizin im St. Josefs Hospital<\/strong> in Wiesbaden im Bereich Gastroenterologie und H\u00e4mato-Onkologie sowie in der Zeit von 2011 bis Juni 2014 in der <strong>Inneren Medizin im St. Marienw\u00f6rth Krankenhaus<\/strong> in Bad Kreuznach t\u00e4tig.<\/p>\r\n<p><strong>Seit Juli 2014<\/strong> arbeite ich als <strong>Haus\u00e4rztin<\/strong> in Guldental. Bis September 2016 als Weiterbildungsassistentin, dann als angestellte Fach\u00e4rztin f\u00fcr Allgemeinmedizin und <strong>seit Januar 2020 als Teil der Gemeinschaftspraxis f\u00fcr integrative Medizin.<\/strong><\/p>\r\n<p><strong>Seit Juli 2022<\/strong> leite ich die Praxis mit meiner Kollegin Daphne Fournell.<\/p>\r\n<p>Insbesondere interessiere ich mich f\u00fcr die <strong>komplement\u00e4re Medizin<\/strong>. Meine <strong>Zusatzbezeichnung im Gebiet Akupunktur<\/strong> habe ich im August 2018 erworben.<\/p>\r\n<p>Meine <strong>Zusatzbezeichnung<\/strong> <strong>Manuelle Medizin und Chirotherapie<\/strong> habe ich im April 2022 erworben. <strong>Aktuell<\/strong> bilde ich mich im Bereich <strong>Naturheilverfahren<\/strong> fort.<\/p>\r\n<p>Es liegt die <strong>Weiterbildungsbefugnis<\/strong> im Gebiet<strong> Allgemeinmedizin f\u00fcr 30 Monate<\/strong>\u00a0vor.<\/p>\r\n<span class='icon shortcode theme ' style='font-size:15px !important;color:#9bc861;'>&#57353;<\/span> \u00a0\u00a0 <a href=\"mailto:dr.lawall@pfimed.de\">dr.lawall@pfimed.de<\/a><\/p><\/div><\/div>\r\n<hr \/>\r\n<div class=\"row \"><div class=\"wpv-grid grid-1-3  wpv-first-level first unextended animation-fade-in animated-active\" style=\"padding-top:0px;padding-bottom:0px\" id=\"wpv-column-5a754a58434c93a0b1c4d6a45470f87d\" ><div class=\"services clearfix fullimage has-image has-icon no-button \" style=\"text-align:center;\">\n\t<div class=\"services-inside\">\n\t\t\t\t\t\t\t\t\t<div class=\"thumbnail\">\n\t\t\t\t\t\t\t\t\t\t\t\t\t\t\t\t\t\t<img decoding=\"async\" src=\"http:\/\/pfimed.de\/wp-content\/uploads\/2022\/05\/df.png\" alt=\"\" \/>\t\t\t\t\t\t\t\t\t\t\t\t\t\t\t<\/div>\n\t\t\t\t\t\t\t\t\t<div class=\"sep-2\"><\/div>\n\t\t\t\t\t\t\t\t\t\t\t\t\t\t<h3 class=\"services-title\">\n\t\t\t\t\t\t\t\t\tDaphne Fournell\t\t\t\t\t\t\t<\/h3>\n\t\t\t\t\t\t\t<div class=\"services-content\">\r\n<p>Fach\u00e4rztin f\u00fcr Innere Medizin<\/p>\r\n<\/div>\n\t\t\t\t\t<\/div>\n<\/div>\n<\/div>\r\n<div class=\"wpv-grid grid-1-2  wpv-first-level unextended\" style=\"padding-top:0px;padding-bottom:0px\" id=\"wpv-column-7d2180c2a3a875fc8ff4d1ab826d0d1a\" ><p>Nach dem Abitur absolvierte ich die <strong>Ausbildung zur Kranken- und Gesundheitspflegerin<\/strong> in der <strong>Kreuznacher Diakonie<\/strong> und arbeitete nach dem Examen zwei Jahre in der Abteilung f\u00fcr Innere Medizin.<\/p>\r\n<p>Im Anschluss studierte ich <strong>Humanmedizin<\/strong> an der <strong>Justus-Liebig-Universit\u00e4t<\/strong> in Gie\u00dfen.<\/p>\r\n<p>Von 2009 bis 2017 war ich als <strong>Assistenz\u00e4rztin der Inneren Medizin im Krankenhaus St. Marienw\u00f6rth in Bad Kreuznach<\/strong> t\u00e4tig.<\/p>\r\n<p>2017 erwarb ich die <strong>Facharztbezeichnung f\u00fcr Innere Medizin<\/strong>.<\/p>\r\n<p>Von 2017 bis 2022 arbeitete ich als angestellte <strong>Haus\u00e4rztin im MVZ Nahe gGmbH Bad Kreuznach<\/strong>.<\/p>\r\n<p>Seit Juli 2022 leite ich gemeinsam mit Frau Dr. Anna Lawall die <strong>Praxis f\u00fcr Integrative Medizin<\/strong> in Guldental.<\/p>\r\n<p>Aktuell bilde ich mich im Bereich Naturheilverfahren und Manueller Medizin fort.<\/p>\r\n<p>Die Weiterbildungsbefugnis ist beantragt.<\/p>\r\n<span class='icon shortcode theme ' style='font-size:15px !important;color:#9bc861;'>&#57353;<\/span> \u00a0\u00a0 <a href=\"mailto:fournell@pfimed.de\">fournell@pfimed.de<\/a><\/p><\/div><\/div>\r\n<hr \/>\r\n<div class=\"row \"><div class=\"wpv-grid grid-1-3  wpv-first-level first unextended animation-fade-in animated-active\" style=\"padding-top:0px;padding-bottom:0px\" id=\"wpv-column-475f22ea2170721958708b9261fc6658\" ><div class=\"services clearfix fullimage has-image has-icon no-button \" style=\"text-align:center;\">\n\t<div class=\"services-inside\">\n\t\t\t\t\t\t\t\t\t<div class=\"thumbnail\">\n\t\t\t\t\t\t\t\t\t\t\t\t\t\t\t\t\t\t<img decoding=\"async\" src=\"http:\/\/pfimed.de\/wp-content\/uploads\/2020\/12\/mh_klein.png\" alt=\"\" \/>\t\t\t\t\t\t\t\t\t\t\t\t\t\t\t<\/div>\n\t\t\t\t\t\t\t\t\t<div class=\"sep-2\"><\/div>\n\t\t\t\t\t\t\t\t\t\t\t\t\t\t<h3 class=\"services-title\">\n\t\t\t\t\t\t\t\t\tMonika Hahn\t\t\t\t\t\t\t<\/h3>\n\t\t\t\t\t\t\t<div class=\"services-content\">\r\n<p style=\"text-align: center;\">Krankenschwester<br \/><\/div>\n\t\t\t\t\t<\/div>\n<\/div>\n<\/div>\r\n<div class=\"wpv-grid grid-1-3  wpv-first-level unextended animation-fade-in animated-active\" style=\"padding-top:0px;padding-bottom:0px\" id=\"wpv-column-22447aaef1003d61afa5a6c829667d1a\" ><div class=\"services clearfix fullimage has-image has-icon no-button \" style=\"text-align:center;\">\n\t<div class=\"services-inside\">\n\t\t\t\t\t\t\t\t\t<div class=\"thumbnail\">\n\t\t\t\t\t\t\t\t\t\t\t\t\t\t\t\t\t\t<img decoding=\"async\" src=\"http:\/\/pfimed.de\/wp-content\/uploads\/2020\/12\/if_klein.png\" alt=\"\" \/>\t\t\t\t\t\t\t\t\t\t\t\t\t\t\t<\/div>\n\t\t\t\t\t\t\t\t\t<div class=\"sep-2\"><\/div>\n\t\t\t\t\t\t\t\t\t\t\t\t\t\t<h3 class=\"services-title\">\n\t\t\t\t\t\t\t\t\tInge Fett\t\t\t\t\t\t\t<\/h3>\n\t\t\t\t\t\t\t<div class=\"services-content\">\r\n<p>Medizinische Fachangestellte<\/p>\r\n<\/div>\n\t\t\t\t\t<\/div>\n<\/div>\n<\/div>\r\n<div class=\"wpv-grid grid-1-3  wpv-first-level unextended animation-fade-in animated-active\" style=\"padding-top:0px;padding-bottom:0px\" id=\"wpv-column-47d73e36f0f1197a0ab5b5b650bfab0b\" ><div class=\"services clearfix fullimage has-image has-icon no-button \" style=\"text-align:center;\">\n\t<div class=\"services-inside\">\n\t\t\t\t\t\t\t\t\t<div class=\"thumbnail\">\n\t\t\t\t\t\t\t\t\t\t\t\t\t\t\t\t\t\t<img decoding=\"async\" src=\"http:\/\/pfimed.de\/wp-content\/uploads\/2022\/04\/BM_klein.png\" alt=\"\" \/>\t\t\t\t\t\t\t\t\t\t\t\t\t\t\t<\/div>\n\t\t\t\t\t\t\t\t\t<div class=\"sep-2\"><\/div>\n\t\t\t\t\t\t\t\t\t\t\t\t\t\t<h3 class=\"services-title\">\n\t\t\t\t\t\t\t\t\tMichaela Bu\u00dfmer\t\t\t\t\t\t\t<\/h3>\n\t\t\t\t\t\t\t<div class=\"services-content\">\r\n<p>Krankenschwester<\/p>\r\n<\/div>\n\t\t\t\t\t<\/div>\n<\/div>\n<\/div><\/div>\r\n<div class=\"row \"><div class=\"wpv-grid grid-1-3  wpv-first-level first unextended animation-fade-in animated-active\" style=\"padding-top:0px;padding-bottom:0px\" id=\"wpv-column-b85d3f0128ce90802864f9e6e9f6dd83\" ><div class=\"services clearfix fullimage has-image has-icon no-button \" style=\"text-align:center;\">\n\t<div class=\"services-inside\">\n\t\t\t\t\t\t\t\t\t<div class=\"thumbnail\">\n\t\t\t\t\t\t\t\t\t\t\t\t\t\t\t\t\t\t<img loading=\"lazy\" decoding=\"async\" width=\"756\" height=\"756\" src=\"https:\/\/pfimed.de\/wp-content\/uploads\/2024\/01\/IMG_2366.jpg\" class=\"attachment-full size-full\" alt=\"\" srcset=\"https:\/\/pfimed.de\/wp-content\/uploads\/2024\/01\/IMG_2366.jpg 756w, https:\/\/pfimed.de\/wp-content\/uploads\/2024\/01\/IMG_2366-300x300.jpg 300w, https:\/\/pfimed.de\/wp-content\/uploads\/2024\/01\/IMG_2366-80x80.jpg 80w, https:\/\/pfimed.de\/wp-content\/uploads\/2024\/01\/IMG_2366-60x60.jpg 60w, https:\/\/pfimed.de\/wp-content\/uploads\/2024\/01\/IMG_2366-43x43.jpg 43w, https:\/\/pfimed.de\/wp-content\/uploads\/2024\/01\/IMG_2366-555x555.jpg 555w, https:\/\/pfimed.de\/wp-content\/uploads\/2024\/01\/IMG_2366-360x360.jpg 360w, https:\/\/pfimed.de\/wp-content\/uploads\/2024\/01\/IMG_2366-262x262.jpg 262w\" sizes=\"auto, (max-width: 756px) 100vw, 756px\" \/>\t\t\t\t\t\t\t\t\t\t\t\t\t\t\t<\/div>\n\t\t\t\t\t\t\t\t\t<div class=\"sep-2\"><\/div>\n\t\t\t\t\t\t\t\t\t\t\t\t\t\t<h3 class=\"services-title\">\n\t\t\t\t\t\t\t\t\tChristina Massold\t\t\t\t\t\t\t<\/h3>\n\t\t\t\t\t\t\t<div class=\"services-content\">\r\n<p style=\"text-align: center;\">Krankenschwester<\/p>\r\n<\/div>\n\t\t\t\t\t<\/div>\n<\/div>\n<\/div>\r\n<div class=\"wpv-grid grid-1-3  wpv-first-level unextended animation-fade-in animated-active\" style=\"padding-top:0px;padding-bottom:0px\" id=\"wpv-column-cc7a242626e4e2e6a4838e0d843ba6af\" ><div class=\"services clearfix fullimage has-image has-icon no-button \" style=\"text-align:center;\">\n\t<div class=\"services-inside\">\n\t\t\t\t\t\t\t\t\t<div class=\"thumbnail\">\n\t\t\t\t\t\t\t\t\t\t\t\t\t\t\t\t\t\t<img loading=\"lazy\" decoding=\"async\" width=\"726\" height=\"723\" src=\"https:\/\/pfimed.de\/wp-content\/uploads\/2020\/12\/ak_klein.png\" class=\"attachment-full size-full\" alt=\"\" srcset=\"https:\/\/pfimed.de\/wp-content\/uploads\/2020\/12\/ak_klein.png 726w, https:\/\/pfimed.de\/wp-content\/uploads\/2020\/12\/ak_klein-300x300.png 300w, https:\/\/pfimed.de\/wp-content\/uploads\/2020\/12\/ak_klein-80x80.png 80w, https:\/\/pfimed.de\/wp-content\/uploads\/2020\/12\/ak_klein-600x598.png 600w, https:\/\/pfimed.de\/wp-content\/uploads\/2020\/12\/ak_klein-60x60.png 60w, https:\/\/pfimed.de\/wp-content\/uploads\/2020\/12\/ak_klein-43x43.png 43w, https:\/\/pfimed.de\/wp-content\/uploads\/2020\/12\/ak_klein-555x553.png 555w, https:\/\/pfimed.de\/wp-content\/uploads\/2020\/12\/ak_klein-360x359.png 360w, https:\/\/pfimed.de\/wp-content\/uploads\/2020\/12\/ak_klein-262x261.png 262w, https:\/\/pfimed.de\/wp-content\/uploads\/2020\/12\/ak_klein-100x100.png 100w, https:\/\/pfimed.de\/wp-content\/uploads\/2020\/12\/ak_klein-80x80@2x.png 160w, https:\/\/pfimed.de\/wp-content\/uploads\/2020\/12\/ak_klein-60x60@2x.png 120w, https:\/\/pfimed.de\/wp-content\/uploads\/2020\/12\/ak_klein-43x43@2x.png 86w, https:\/\/pfimed.de\/wp-content\/uploads\/2020\/12\/ak_klein-360x359@2x.png 720w, https:\/\/pfimed.de\/wp-content\/uploads\/2020\/12\/ak_klein-262x261@2x.png 524w, https:\/\/pfimed.de\/wp-content\/uploads\/2020\/12\/ak_klein-100x100@2x.png 200w\" sizes=\"auto, (max-width: 726px) 100vw, 726px\" \/>\t\t\t\t\t\t\t\t\t\t\t\t\t\t\t<\/div>\n\t\t\t\t\t\t\t\t\t<div class=\"sep-2\"><\/div>\n\t\t\t\t\t\t\t\t\t\t\t\t\t\t<h3 class=\"services-title\">\n\t\t\t\t\t\t\t\t\tAndrea Krieg\t\t\t\t\t\t\t<\/h3>\n\t\t\t\t\t\t\t<div class=\"services-content\">\r\n<p style=\"text-align: center;\">Krankenschwester<\/p>\r\n<\/div>\n\t\t\t\t\t<\/div>\n<\/div>\n<\/div><\/div>\r\n\t\t<h2 class=\"text-divider-double\">\t\t\t\r\nImpressionen unserer Praxis\r\n\t\t<\/h2>\t\t<div class=\"sep\"><\/div>\t\r\n\n\t\t\t<!-- START Praxis Impressionen REVOLUTION SLIDER 6.6.14 --><p class=\"rs-p-wp-fix\"><\/p>\n\t\t\t<rs-module-wrap id=\"rev_slider_7_1_wrapper\" data-source=\"gallery\" data-aimg=\"\"  style=\"visibility:hidden;background:#E9E9E9;padding:0;margin:0px auto;margin-top:0;margin-bottom:0;\">\n\t\t\t\t<rs-module id=\"rev_slider_7_1\" style=\"\" data-version=\"6.6.14\">\n\t\t\t\t\t<rs-slides style=\"overflow: hidden; position: absolute;\">\n\t\t\t\t\t\t<rs-slide style=\"position: absolute;\" data-key=\"rs-88\" data-title=\"Slide\" data-anim=\"adpr:false;\">\n\t\t\t\t\t\t\t<img decoding=\"async\" src=\"\/\/pfimed.de\/wp-content\/plugins\/revslider\/public\/assets\/assets\/dummy.png\" alt=\"\" title=\"Praxis &#038; Team\" class=\"rev-slidebg tp-rs-img rs-lazyload\" data-lazyload=\"\/\/pfimed.de\/wp-content\/uploads\/2016\/03\/prx7_gro\u00df.jpg\" data-no-retina>\n<!---->\t\t\t\t\t\t<\/rs-slide>\n\t\t\t\t\t\t<rs-slide style=\"position: absolute;\" data-key=\"rs-42\" data-title=\"Slide\" data-anim=\"adpr:false;\">\n\t\t\t\t\t\t\t<img decoding=\"async\" src=\"\/\/pfimed.de\/wp-content\/plugins\/revslider\/public\/assets\/assets\/dummy.png\" alt=\"\" title=\"Praxis &#038; Team\" class=\"rev-slidebg tp-rs-img rs-lazyload\" data-lazyload=\"\/\/pfimed.de\/wp-content\/uploads\/2014\/05\/praxis2.jpg\" data-no-retina>\n<!---->\t\t\t\t\t\t<\/rs-slide>\n\t\t\t\t\t\t<rs-slide style=\"position: absolute;\" data-key=\"rs-85\" data-title=\"Slide\" data-anim=\"adpr:false;\">\n\t\t\t\t\t\t\t<img decoding=\"async\" src=\"\/\/pfimed.de\/wp-content\/plugins\/revslider\/public\/assets\/assets\/dummy.png\" alt=\"\" title=\"Praxis &#038; Team\" class=\"rev-slidebg tp-rs-img rs-lazyload\" data-lazyload=\"\/\/pfimed.de\/wp-content\/uploads\/2016\/03\/sz_gro\u00df.jpg\" data-no-retina>\n<!---->\t\t\t\t\t\t<\/rs-slide>\n\t\t\t\t\t\t<rs-slide style=\"position: absolute;\" data-key=\"rs-89\" data-title=\"Slide\" data-anim=\"adpr:false;\">\n\t\t\t\t\t\t\t<img decoding=\"async\" src=\"\/\/pfimed.de\/wp-content\/plugins\/revslider\/public\/assets\/assets\/dummy.png\" alt=\"\" title=\"Praxis &#038; Team\" class=\"rev-slidebg tp-rs-img rs-lazyload\" data-lazyload=\"\/\/pfimed.de\/wp-content\/uploads\/2016\/03\/prx6_gro\u00df.jpg\" data-no-retina>\n<!---->\t\t\t\t\t\t<\/rs-slide>\n\t\t\t\t\t\t<rs-slide style=\"position: absolute;\" data-key=\"rs-92\" data-title=\"Slide\" data-anim=\"adpr:false;\">\n\t\t\t\t\t\t\t<img decoding=\"async\" src=\"\/\/pfimed.de\/wp-content\/plugins\/revslider\/public\/assets\/assets\/dummy.png\" alt=\"\" title=\"Praxis &#038; Team\" class=\"rev-slidebg tp-rs-img rs-lazyload\" data-lazyload=\"\/\/pfimed.de\/wp-content\/uploads\/2016\/03\/prx3_gro\u00df.jpg\" data-no-retina>\n<!---->\t\t\t\t\t\t<\/rs-slide>\n\t\t\t\t\t\t<rs-slide style=\"position: absolute;\" data-key=\"rs-86\" data-title=\"Slide\" data-anim=\"adpr:false;\">\n\t\t\t\t\t\t\t<img decoding=\"async\" src=\"\/\/pfimed.de\/wp-content\/plugins\/revslider\/public\/assets\/assets\/dummy.png\" alt=\"\" title=\"Praxis &#038; Team\" class=\"rev-slidebg tp-rs-img rs-lazyload\" data-lazyload=\"\/\/pfimed.de\/wp-content\/uploads\/2016\/03\/sem1_gro\u00df.jpg\" data-no-retina>\n<!---->\t\t\t\t\t\t<\/rs-slide>\n\t\t\t\t\t\t<rs-slide style=\"position: absolute;\" data-key=\"rs-90\" data-title=\"Slide\" data-anim=\"adpr:false;\">\n\t\t\t\t\t\t\t<img decoding=\"async\" src=\"\/\/pfimed.de\/wp-content\/plugins\/revslider\/public\/assets\/assets\/dummy.png\" alt=\"\" title=\"Praxis &#038; Team\" class=\"rev-slidebg tp-rs-img rs-lazyload\" data-lazyload=\"\/\/pfimed.de\/wp-content\/uploads\/2016\/03\/prx5_gro\u00df.jpg\" data-no-retina>\n<!---->\t\t\t\t\t\t<\/rs-slide>\n\t\t\t\t\t\t<rs-slide style=\"position: absolute;\" data-key=\"rs-95\" data-title=\"Slide\" data-anim=\"adpr:false;\">\n\t\t\t\t\t\t\t<img decoding=\"async\" src=\"\/\/pfimed.de\/wp-content\/plugins\/revslider\/public\/assets\/assets\/dummy.png\" alt=\"\" title=\"Praxis &#038; Team\" class=\"rev-slidebg tp-rs-img rs-lazyload\" data-lazyload=\"\/\/pfimed.de\/wp-content\/uploads\/2016\/03\/chir_gro\u00df.jpg\" data-no-retina>\n<!---->\t\t\t\t\t\t<\/rs-slide>\n\t\t\t\t\t\t<rs-slide style=\"position: absolute;\" data-key=\"rs-91\" data-title=\"Slide\" data-anim=\"adpr:false;\">\n\t\t\t\t\t\t\t<img decoding=\"async\" src=\"\/\/pfimed.de\/wp-content\/plugins\/revslider\/public\/assets\/assets\/dummy.png\" alt=\"\" title=\"Praxis &#038; Team\" class=\"rev-slidebg tp-rs-img rs-lazyload\" data-lazyload=\"\/\/pfimed.de\/wp-content\/uploads\/2016\/03\/prx4_gro\u00df.jpg\" data-no-retina>\n<!---->\t\t\t\t\t\t<\/rs-slide>\n\t\t\t\t\t\t<rs-slide style=\"position: absolute;\" data-key=\"rs-94\" data-title=\"Slide\" data-anim=\"adpr:false;\">\n\t\t\t\t\t\t\t<img decoding=\"async\" src=\"\/\/pfimed.de\/wp-content\/plugins\/revslider\/public\/assets\/assets\/dummy.png\" alt=\"\" title=\"Praxis &#038; Team\" class=\"rev-slidebg tp-rs-img rs-lazyload\" data-lazyload=\"\/\/pfimed.de\/wp-content\/uploads\/2016\/03\/prx1_gro\u00df.jpg\" data-no-retina>\n<!---->\t\t\t\t\t\t<\/rs-slide>\n\t\t\t\t\t\t<rs-slide style=\"position: absolute;\" data-key=\"rs-96\" data-title=\"Slide\" data-anim=\"adpr:false;\">\n\t\t\t\t\t\t\t<img decoding=\"async\" src=\"\/\/pfimed.de\/wp-content\/plugins\/revslider\/public\/assets\/assets\/dummy.png\" alt=\"\" title=\"Praxis &#038; Team\" class=\"rev-slidebg tp-rs-img rs-lazyload\" data-lazyload=\"\/\/pfimed.de\/wp-content\/uploads\/2016\/03\/aku1_gro\u00df.jpg\" data-no-retina>\n<!---->\t\t\t\t\t\t<\/rs-slide>\n\t\t\t\t\t<\/rs-slides>\n\t\t\t\t<\/rs-module>\n\t\t\t\t<script>\n\t\t\t\t\tsetREVStartSize({c: 'rev_slider_7_1',rl:[1240,1024,778,480],el:[],gw:[960],gh:[460],type:'standard',justify:'',layout:'fullwidth',mh:\"0\"});if (window.RS_MODULES!==undefined && window.RS_MODULES.modules!==undefined && window.RS_MODULES.modules[\"revslider71\"]!==undefined) {window.RS_MODULES.modules[\"revslider71\"].once = false;window.revapi7 = undefined;if (window.RS_MODULES.checkMinimal!==undefined) window.RS_MODULES.checkMinimal()}\n\t\t\t\t<\/script>\n\t\t\t<\/rs-module-wrap>\n\t\t\t<!-- END REVOLUTION SLIDER -->\n\r\n<p><\/p>\r\n<p><\/p>","protected":false},"excerpt":{"rendered":"<p>Mein Studium der Humanmedizin absolvierte ich an der Johannes Gutenberg Universit\u00e4t in Mainz. Am Institut f\u00fcr Geschichte, Theorie und Ethik in der Medizin verfasste ich meine Promotionsarbeit zum Thema klinische Ethikberatung bei Therapieentscheidungen am Lebensende. Von 2010 bis 2011 war ich als Assistenz\u00e4rztin der Inneren Medizin im St. Josefs Hospital in Wiesbaden im Bereich Gastroenterologie&#8230;<\/p>\n","protected":false},"author":5,"featured_media":0,"parent":0,"menu_order":0,"comment_status":"closed","ping_status":"open","template":"","meta":{"footnotes":""},"class_list":["post-9624","page","type-page","status-publish"],"_links":{"self":[{"href":"https:\/\/pfimed.de\/index.php\/wp-json\/wp\/v2\/pages\/9624","targetHints":{"allow":["GET"]}}],"collection":[{"href":"https:\/\/pfimed.de\/index.php\/wp-json\/wp\/v2\/pages"}],"about":[{"href":"https:\/\/pfimed.de\/index.php\/wp-json\/wp\/v2\/types\/page"}],"author":[{"embeddable":true,"href":"https:\/\/pfimed.de\/index.php\/wp-json\/wp\/v2\/users\/5"}],"replies":[{"embeddable":true,"href":"https:\/\/pfimed.de\/index.php\/wp-json\/wp\/v2\/comments?post=9624"}],"version-history":[{"count":79,"href":"https:\/\/pfimed.de\/index.php\/wp-json\/wp\/v2\/pages\/9624\/revisions"}],"predecessor-version":[{"id":10668,"href":"https:\/\/pfimed.de\/index.php\/wp-json\/wp\/v2\/pages\/9624\/revisions\/10668"}],"wp:attachment":[{"href":"https:\/\/pfimed.de\/index.php\/wp-json\/wp\/v2\/media?parent=9624"}],"curies":[{"name":"wp","href":"https:\/\/api.w.org\/{rel}","templated":true}]}}